{"id":10709,"date":"2016-07-07T00:23:50","date_gmt":"2016-07-06T21:23:50","guid":{"rendered":"https:\/\/dipicdev.ro\/activitate-medicala-2\/"},"modified":"2016-07-07T00:23:50","modified_gmt":"2016-07-06T21:23:50","slug":"activitate-medicala","status":"publish","type":"page","link":"https:\/\/dipicdev.ro\/hu\/servicii-medicale\/sectiile-spitalului\/sectia-clinica-recuperare-cardiovasculara\/activitate-medicala\/","title":{"rendered":"Activitate Medical\u0103"},"content":{"rendered":"<h3><strong>Activitate medical\u0103<\/strong><\/h3>\n<p>Sec\u021bia Clinic\u0103 Recuperare Cardiovascular\u0103 care \u00een prezent are un num\u0103r de 25 paturi s-a \u00eenfiin\u021bat la \u00eenceputul anilor 1990 ca sec\u021bie clinic\u0103 a Spitalului Clinic Jude\u021bean de Urgen\u021b\u0103 T\u00eergu Mure\u0219, fiind prima \u0219i singura sec\u021bie din jude\u021bul Mure\u0219 cu acest profil, ca r\u0103spuns la necesitatea reabilit\u0103rii complexe a pacien\u021bilor cu boli cardiovasculare.<\/p>\n<p>Profilul Sec\u021bia Clinic\u0103 Recuperare Cardiovascular\u0103 se adreseaz\u0103 pacien\u021bilor cu boli cardiovasculare: cardiopatie ischemic\u0103, hipertensiune arterial\u0103 esen\u021bial\u0103 \u0219i secundar\u0103 \u0219i a complica\u021biile care decurg din aceast\u0103 patologie, aritmii cardiace, patologie valvular\u0103 \u0219i congenital\u0103 adul\u021bi cardiac\u0103, boli arteriale \u0219i venoase periferice.<\/p>\n<p>Investiga\u021biile efectuate \u00een Sec\u021bia Clinic\u0103 Recuperare Cardiovascular\u0103 sunt complexe \u0219i exclusiv neinvazive \u0219i \u00een func\u021bie de situa\u021bia specific\u0103 pacientului sunt preg\u0103ti\u021bi pentru interven\u021biile diagnostice respectiv curative de chirurgie cardiovascular\u0103 sau cardiologie interven\u021bional\u0103, respectiv urmeaz\u0103 un program individualizat de recuperare cardiovascular\u0103.<\/p>\n<p>Sec\u021bia Clinic\u0103 Recuperare Cardiovascular\u0103 este sec\u021bia clinic\u0103 a SCJU T\u00eergu Mure\u0219 prin care se deruleaz\u0103 \u201c<strong>Programul Na<\/strong><strong>\u021b<\/strong><strong>ional de tratament pentru boli rare &#8211; asigurarea \u00een spital a tratamentului specific pentru bolnavii cu de Hipertensiune Pulmonar\u0103<\/strong>\u201d adul\u021bi.<\/p>\n<p>Servicii medicale de diagnostic:<\/p>\n<ul>\n<li>consulta\u021bii de specialitate cardiologie<\/li>\n<li>examin\u0103ri paraclinice de laborator<\/li>\n<li>explor\u0103ri paraclinice: ECG de repaus, testare la efort, monitorizare Holter ECG 24-48 ore, monitorizarea ambulatorie a valorilor tensionale (ABPM)<\/li>\n<li>ecocardiografie transtoracic\u0103 \u0219i transesofagian\u0103<\/li>\n<li>ecografie doppler vascular\u0103 (arterial\u0103 \u0219i venoas\u0103)<\/li>\n<li>spirometrie<\/li>\n<li>poligrafie nocturn\u0103 pentru detectarea sindromului de apnee de somn<\/li>\n<\/ul>\n<p>Sec\u021bia are \u00een dotare sal\u0103 de kinetoterapie, \u00een care pacien\u021bii beneficiaz\u0103 de programe individualizate de gimnastic\u0103 medical\u0103 recuperatorie sub \u00eendrumarea unui fiziokinetoterapeut.<\/p>\n<p>Adresabilitatea este \u00een medie cca 1000 de spitaliz\u0103ri continue pe an. Num\u0103rul de investiga\u021bii anuale:<\/p>\n<ul>\n<li>Electrocardiograme \u2013 2000<\/li>\n<li>Teste de efort &#8211; 250<\/li>\n<li>Ecografii abdominale- 650<\/li>\n<li>Ecocardiografiii \u2013 1200<\/li>\n<li>Ecografii vasculare- 550<\/li>\n<li>Monitoriz\u0103ri ABPM \u2013 600<\/li>\n<li>Monitoriz\u0103ri Holter ECG \u2013 700<\/li>\n<li>Spirometrii \u2013 150<\/li>\n<\/ul>\n","protected":false},"excerpt":{"rendered":"<p>Activitate medical\u0103 Sec\u021bia Clinic\u0103 Recuperare Cardiovascular\u0103 care \u00een prezent are un num\u0103r de 25 paturi s-a \u00eenfiin\u021bat la \u00eenceputul anilor 1990 ca sec\u021bie clinic\u0103 a Spitalului Clinic Jude\u021bean de Urgen\u021b\u0103 T\u00eergu Mure\u0219, fiind prima \u0219i singura sec\u021bie din jude\u021bul Mure\u0219 cu acest profil, ca r\u0103spuns la necesitatea reabilit\u0103rii complexe a pacien\u021bilor cu boli cardiovasculare. Profilul [&hellip;]<\/p>\n","protected":false},"author":4,"featured_media":0,"parent":11371,"menu_order":46,"comment_status":"closed","ping_status":"closed","template":"","meta":{"_acf_changed":false,"footnotes":""},"class_list":["post-10709","page","type-page","status-publish","hentry"],"acf":[],"_links":{"self":[{"href":"https:\/\/dipicdev.ro\/hu\/wp-json\/wp\/v2\/pages\/10709","targetHints":{"allow":["GET"]}}],"collection":[{"href":"https:\/\/dipicdev.ro\/hu\/wp-json\/wp\/v2\/pages"}],"about":[{"href":"https:\/\/dipicdev.ro\/hu\/wp-json\/wp\/v2\/types\/page"}],"author":[{"embeddable":true,"href":"https:\/\/dipicdev.ro\/hu\/wp-json\/wp\/v2\/users\/4"}],"replies":[{"embeddable":true,"href":"https:\/\/dipicdev.ro\/hu\/wp-json\/wp\/v2\/comments?post=10709"}],"version-history":[{"count":0,"href":"https:\/\/dipicdev.ro\/hu\/wp-json\/wp\/v2\/pages\/10709\/revisions"}],"up":[{"embeddable":true,"href":"https:\/\/dipicdev.ro\/hu\/wp-json\/wp\/v2\/pages\/11371"}],"wp:attachment":[{"href":"https:\/\/dipicdev.ro\/hu\/wp-json\/wp\/v2\/media?parent=10709"}],"curies":[{"name":"wp","href":"https:\/\/api.w.org\/{rel}","templated":true}]}}