{"id":10639,"date":"2016-07-07T22:34:01","date_gmt":"2016-07-07T19:34:01","guid":{"rendered":"https:\/\/dipicdev.ro\/informare-privind-internarea-pacientilor-in-spital-ca-urmarea-unor-accidente\/"},"modified":"2016-07-07T22:34:01","modified_gmt":"2016-07-07T19:34:01","slug":"informare-privind-internarea-pacientilor-in-spital-ca-urmarea-unor-accidente","status":"publish","type":"page","link":"https:\/\/dipicdev.ro\/hu\/pagina-pacientului\/informare-privind-internarea-pacientilor-in-spital-ca-urmarea-unor-accidente\/","title":{"rendered":"INFORMARE PRIVIND INTERNAREA PACIEN\u021aILOR \u00ceN SPITAL CA URMAREA UNOR ACCIDENTE"},"content":{"rendered":"<h3>INFORMARE PRIVIND INTERNAREA PACIEN\u021aILOR \u00ceN SPITAL CA URMAREA UNOR ACCIDENTE DE CIRCULA\u021aIE, AGRESIUNI SAU ORICE ALTE V\u0102T\u0102M\u0102RI CORPORALE<\/h3>\n<p>Persoanele care prin fapta lor produc daune s\u0103n\u0103ta\u021bii proprie persoane sau altor persoane, care necesit\u0103 internarea \u00een Spitalul Clinic Jude\u021bean de Urgen\u021b\u0103 T\u00e2rgu Mure\u0219 <strong>sunt obligate s\u0103 pl\u0103teasca cheltuielile de spitalizare<\/strong>, conform prevederilor legale. Aceste cheltuieli cuprind serviciile medicale acordate \u00een UPU &#8211; SMURD, precum \u0219i serviciile medicale acordate \u00een sec\u021bia clinic\u0103 unde pacientul a fost internat \u0219i dob\u00e2nzile legale penalizatoare de la data scaden\u021bei.<\/p>\n<p>Aceast\u0103 obliga\u021bie este prev\u0103zut\u0103 de art. 320, alin. (1) din Legea nr. 95\/2006 &#8211; privind reforma \u00een domeniul s\u0103n\u0103t\u0103\u0163ii: <em>\u201c<\/em><strong><em>Persoanele care prin faptele lor aduc <u>daune s\u0103n\u0103t\u0103\u0163ii altei persoane<\/u>, precum \u015fi <u>daune s\u0103n\u0103t\u0103\u0163ii propriei persoane, din culp\u0103<\/u><\/em><\/strong><em>, <strong>r\u0103spund potrivit legii \u015fi au obliga\u0163ia s\u0103 repare prejudiciul cauzat furnizorului de servicii medicale reprezent\u00e2nd cheltuielile efective ocazionate de asisten\u0163a medical\u0103 acordat\u0103<\/strong><\/em><strong><em>.\u201d<\/em><\/strong><\/p>\n<p>De asemenea, potrivit art. 320 alin. (2) din Legea nr. 95\/2006 \u2013 privind reforma \u00een domeniul s\u0103n\u0103t\u0103\u0163ii, <em>\u201e<\/em><strong><em>furnizorii de servicii<\/em><\/strong><em> care acord\u0103 asisten\u0163a medical\u0103 prev\u0103zut\u0103 la alin. (1) <strong>realizeaz\u0103 o eviden\u0163\u0103 distinct\u0103 a acestor cazuri \u015fi au obliga\u0163ia s\u0103 comunice lunar casei de asigur\u0103ri de s\u0103n\u0103tate cu care se afl\u0103 \u00een rela\u0163ie contractual\u0103 aceast\u0103 eviden\u0163\u0103, \u00een vederea decont\u0103rii, precum \u015fi cazurile pentru care furnizorii de servicii medicale au recuperat cheltuielile efective <u>\u00een vederea restituirii sumelor decontate de casele de asigur\u0103ri de s\u0103n\u0103tate pentru cazurile respective<\/u><\/strong>\u201d<\/em>.<\/p>\n<p>A\u015fadar, prin prisma prevederilor legale invocate mai sus, <strong><u>unitatea noastr\u0103 sanitar\u0103 are at\u00e2t dreptul<\/u><\/strong> [art. 320, alin. (1), teza I \u015fi II din Legea nr. 95\/2006], <strong><u>c\u00e2t \u015fi obliga\u0163ia<\/u><\/strong> [art. 320, alin. (2) din Legea nr. 95\/2006] <strong><u>de a recupera de la persoanele care, prin faptele lor, au cauzat v\u0103t\u0103m\u0103ri corporale unor ter\u0163i, contravaloarea serviciilor medicale efectuate persoanelor v\u0103t\u0103mate<\/u><\/strong>, drept \u015fi obliga\u0163ie legal\u0103 pe care unitatea noastr\u0103 sanitar\u0103 \u0219i-o poate valorifica prin ac\u021bionarea \u00een instan\u021b\u0103 a persoanelor care au obliga\u021bia legal\u0103 de plat\u0103, men\u021bionat\u0103 mai sus, dar nu au \u00een\u021beles s\u0103 \u0219i-o \u00eendeplineasc\u0103.<\/p>\n<p>R\u0103spunderea civil\u0103 delictual\u0103 opereaz\u0103 at\u00e2t \u00een cazul \u00eenc\u0103lc\u0103rii unui drept subiectiv, dar \u015fi atunci c\u00e2nd sunt prejudiciate anumite interese ale persoanei. \u00cen aprecierea caracterului ilicit al faptei trebuie avute \u00een vedere nu numai normele juridice, dar \u015fi normele de convie\u0163uire social\u0103, \u00een m\u0103sura \u00een care reprezint\u0103 o continuare a prevederilor legale.<\/p>\n<p>\u00cen cazul \u00een care persoanele care nu au platit cheltuielile de spitalizare la data scaden\u021bei, vor fi obliga\u021bi s\u0103 pl\u0103teasc\u0103 dob\u00e2nd\u0103 legal\u0103 penalizatoare.<\/p>\n<p>&nbsp;<\/p>\n","protected":false},"excerpt":{"rendered":"<p>INFORMARE PRIVIND INTERNAREA PACIEN\u021aILOR \u00ceN SPITAL CA URMAREA UNOR ACCIDENTE DE CIRCULA\u021aIE, AGRESIUNI SAU ORICE ALTE V\u0102T\u0102M\u0102RI CORPORALE Persoanele care prin fapta lor produc daune s\u0103n\u0103ta\u021bii proprie persoane sau altor persoane, care necesit\u0103 internarea \u00een Spitalul Clinic Jude\u021bean de Urgen\u021b\u0103 T\u00e2rgu Mure\u0219 sunt obligate s\u0103 pl\u0103teasca cheltuielile de spitalizare, conform prevederilor legale. Aceste cheltuieli cuprind [&hellip;]<\/p>\n","protected":false},"author":4,"featured_media":0,"parent":11425,"menu_order":0,"comment_status":"closed","ping_status":"closed","template":"","meta":{"_acf_changed":false,"footnotes":""},"class_list":["post-10639","page","type-page","status-publish","hentry"],"acf":[],"_links":{"self":[{"href":"https:\/\/dipicdev.ro\/hu\/wp-json\/wp\/v2\/pages\/10639","targetHints":{"allow":["GET"]}}],"collection":[{"href":"https:\/\/dipicdev.ro\/hu\/wp-json\/wp\/v2\/pages"}],"about":[{"href":"https:\/\/dipicdev.ro\/hu\/wp-json\/wp\/v2\/types\/page"}],"author":[{"embeddable":true,"href":"https:\/\/dipicdev.ro\/hu\/wp-json\/wp\/v2\/users\/4"}],"replies":[{"embeddable":true,"href":"https:\/\/dipicdev.ro\/hu\/wp-json\/wp\/v2\/comments?post=10639"}],"version-history":[{"count":0,"href":"https:\/\/dipicdev.ro\/hu\/wp-json\/wp\/v2\/pages\/10639\/revisions"}],"up":[{"embeddable":true,"href":"https:\/\/dipicdev.ro\/hu\/wp-json\/wp\/v2\/pages\/11425"}],"wp:attachment":[{"href":"https:\/\/dipicdev.ro\/hu\/wp-json\/wp\/v2\/media?parent=10639"}],"curies":[{"name":"wp","href":"https:\/\/api.w.org\/{rel}","templated":true}]}}