{"id":10554,"date":"2016-07-09T13:24:39","date_gmt":"2016-07-09T10:24:39","guid":{"rendered":"https:\/\/dipicdev.ro\/activitatea-medicala-3\/"},"modified":"2018-11-18T20:42:51","modified_gmt":"2018-11-18T18:42:51","slug":"activitatea-medicala","status":"publish","type":"page","link":"https:\/\/dipicdev.ro\/hu\/servicii-medicale\/laboratoareblocuri-operatorii-farmacie\/medicina-muncii\/activitatea-medicala\/","title":{"rendered":"Activitate Medical\u0103"},"content":{"rendered":"<h3>Activitatea medical\u0103<\/h3>\n<p>Medicii din Cabinetul de medicina muncii au \u00een principal ca atribu\u021bii urm\u0103toarele:<\/p>\n<ul>\n<li>identific\u0103 factorii de risc \u015fi particip\u0103 la ac\u0163iunile de evaluare a acestora prin recomand\u0103area investiga\u0163iile adecvate necesare pentru a stabili diagnosticul bolilor profesionale \u015fi\/sau al celor legate de profesie, prin stabilirea diagnosticul bolilor profesionale \u015fi al celor legate de profesie \u015fi prin colaborarea cu speciali\u015fti din alte domenii \u00een stabilirea diagnosticului bolilor profesionale;<\/li>\n<li>supravegheaz\u0103 s\u0103n\u0103tatea angaja\u0163ilor pe baza prevederilor legale \u015fi a riscurilor profesionale pentru s\u0103n\u0103tatea angaja\u0163ilor, respect\u00e2nd principiile de etic\u0103;<\/li>\n<li>efectueaz\u0103 examin\u0103ri medicale la \u00eencadrarea \u00een munc\u0103, de adaptare, periodice, la reluarea muncii \u015fi la \u00eencetarea activit\u0103\u0163ii profesionale \u00een respectivul loc de munc\u0103;<\/li>\n<li>coordoneaz\u0103 monitorizarea biologic\u0103 a expunerii profesionale \u015fi a efectelor biologice consecutive expunerii, dup\u0103 o prealabil\u0103 selec\u0163ie a celor mai adecvate teste, pe baza parametrilor de sensibilitate, specificitate \u015fi a valorii lor predictive;<\/li>\n<li>\u0163in eviden\u0163a \u015fi supravegheaz\u0103 bolile profesionale, bolile legate de profesie \u015fi supravegheaz\u0103 bolile cronice \u00een rela\u0163ie cu munc\u0103;<\/li>\n<li>stabile\u015fte aptitudinea \u00een munc\u0103, cu ocazia oric\u0103rei examin\u0103ri medicale;<\/li>\n<li>organizeaz\u0103 supravegherea st\u0103rii de s\u0103n\u0103tate a angaja\u0163ilor, concordant cu particularit\u0103\u0163ile expunerii la factorii de risc;<\/li>\n<li>particip\u0103 la \u0219edin\u021bele comitetului de s\u0103n\u0103tate \u015fi securitate \u00een munc\u0103.<\/li>\n<\/ul>\n<p>&nbsp;<\/p>\n<p><strong>Cabinetul de medicina muncii p\u0103strez\u0103 informa\u0163iile confiden\u0163iale privind activitatea angajatorului. \u00cen eventualitatea \u00een care dezv\u0103luirea acestora este absolut necesar\u0103, aceasta se va face numai cu acordul prealabil al autorit\u0103\u0163ilor competente \u015fi \u00een conformitate cu reglement\u0103rile legale \u00een vigoare<\/strong><\/p>\n","protected":false},"excerpt":{"rendered":"<p>Activitatea medical\u0103 Medicii din Cabinetul de medicina muncii au \u00een principal ca atribu\u021bii urm\u0103toarele: identific\u0103 factorii de risc \u015fi particip\u0103 la ac\u0163iunile de evaluare a acestora prin recomand\u0103area investiga\u0163iile adecvate necesare pentru a stabili diagnosticul bolilor profesionale \u015fi\/sau al celor legate de profesie, prin stabilirea diagnosticul bolilor profesionale \u015fi al celor legate de profesie \u015fi [&hellip;]<\/p>\n","protected":false},"author":4,"featured_media":0,"parent":10615,"menu_order":0,"comment_status":"closed","ping_status":"closed","template":"","meta":{"_acf_changed":false,"footnotes":""},"class_list":["post-10554","page","type-page","status-publish","hentry"],"acf":[],"_links":{"self":[{"href":"https:\/\/dipicdev.ro\/hu\/wp-json\/wp\/v2\/pages\/10554","targetHints":{"allow":["GET"]}}],"collection":[{"href":"https:\/\/dipicdev.ro\/hu\/wp-json\/wp\/v2\/pages"}],"about":[{"href":"https:\/\/dipicdev.ro\/hu\/wp-json\/wp\/v2\/types\/page"}],"author":[{"embeddable":true,"href":"https:\/\/dipicdev.ro\/hu\/wp-json\/wp\/v2\/users\/4"}],"replies":[{"embeddable":true,"href":"https:\/\/dipicdev.ro\/hu\/wp-json\/wp\/v2\/comments?post=10554"}],"version-history":[{"count":1,"href":"https:\/\/dipicdev.ro\/hu\/wp-json\/wp\/v2\/pages\/10554\/revisions"}],"predecessor-version":[{"id":10596,"href":"https:\/\/dipicdev.ro\/hu\/wp-json\/wp\/v2\/pages\/10554\/revisions\/10596"}],"up":[{"embeddable":true,"href":"https:\/\/dipicdev.ro\/hu\/wp-json\/wp\/v2\/pages\/10615"}],"wp:attachment":[{"href":"https:\/\/dipicdev.ro\/hu\/wp-json\/wp\/v2\/media?parent=10554"}],"curies":[{"name":"wp","href":"https:\/\/api.w.org\/{rel}","templated":true}]}}