{"id":10547,"date":"2016-07-13T19:38:05","date_gmt":"2016-07-13T16:38:05","guid":{"rendered":"https:\/\/dipicdev.ro\/activitate-medicala-2\/"},"modified":"2018-11-18T20:42:47","modified_gmt":"2018-11-18T18:42:47","slug":"activitate-medicala","status":"publish","type":"page","link":"https:\/\/dipicdev.ro\/hu\/servicii-medicale\/laboratoareblocuri-operatorii-farmacie\/laborator-de-endoscopie-digestiva\/activitate-medicala\/","title":{"rendered":"Activitatea Medical\u0103"},"content":{"rendered":"<h3><strong>Activitate Medical\u0103<\/strong><\/h3>\n<p>\u00cen cadrul Laboratorului de Endoscopie digestiv\u0103 se efectueaz\u0103 explorarea endoscopic\u0103 diagnostic\u0103 si terapeutic\u0103 urgentelor gastroenterologice, hemoragii digestive (superioare i inferioare), stenoze (esofagiene, pilorice, intestinale), sindrom difagic, ingestia de corpi str\u0103ini. De asemenea, se efectueaz\u0103 explorarea endoscopic\u0103 a afectiunilor cronice gastrointestinale (boala de reflux gastro esofagian, hernii hiatale, gastrite, ulcere gastro-duodenale, boal\u0103 celiac\u0103, polipi si tumori gastro-intestinale, boli inflamatorii intestinale,<\/p>\n<p>boal\u0103 hemoroidal\u0103, boal\u0103 diverticular\u0103, ciroza hepatic\u0103).<\/p>\n<p>De asemenea, functioneaz\u0103 sistemul de gard\u0103 de gastroenterologie si endoscopie digestiv\u0103 de urgent\u0103 24\/24h, at\u00e2t pentru urgentele referite din UPU c\u00e2t si pentru sectiile SCJU si a spitalelor zonale\/regionale.<\/p>\n<p>Serviciile diagnostice asigurate de Laboratorul de Endoscopie Digestiv\u0103 sunt reprezentate de gastroscopie si colonoscopie, completate prin biopsii si examen histopatologic, precum si tehnici moderne de cromo-endoscopie (Narrow Band Imaging). Din punct de vedere terapeutic se efectueaz\u0103 polipectomii endoscopice, ligatura elastic\u0103 si scleroterapia varicelor esofagiene, extragerea corpilor str\u0103ini, dilatarea stenozelor.<br \/>\nIndicatori de performant\u0103:<\/p>\n<p>\u2219 250 \u2013 300 de endoscopii digestive superioare pe lun\u0103;<\/p>\n<p>\u2219 100 \u2013 150 de endoscopii digestive inferioare pe lun\u0103;<\/p>\n<p>\u2219 450 \u2013 500 de hemoragii digestive superioare si inferioare, diagnosticate si tratate pe an;<\/p>\n<p>\u2219 25 \u2013 30 de ligaturi endoscopice de varice esofagiene pe lun\u0103;<\/p>\n<p>\u2219 30 \u2013 40 de polipectomii endoscopice pe lun\u0103<\/p>\n","protected":false},"excerpt":{"rendered":"<p>Activitate Medical\u0103 \u00cen cadrul Laboratorului de Endoscopie digestiv\u0103 se efectueaz\u0103 explorarea endoscopic\u0103 diagnostic\u0103 si terapeutic\u0103 urgentelor gastroenterologice, hemoragii digestive (superioare i inferioare), stenoze (esofagiene, pilorice, intestinale), sindrom difagic, ingestia de corpi str\u0103ini. De asemenea, se efectueaz\u0103 explorarea endoscopic\u0103 a afectiunilor cronice gastrointestinale (boala de reflux gastro esofagian, hernii hiatale, gastrite, ulcere gastro-duodenale, boal\u0103 celiac\u0103, polipi [&hellip;]<\/p>\n","protected":false},"author":4,"featured_media":0,"parent":10549,"menu_order":2,"comment_status":"closed","ping_status":"closed","template":"","meta":{"_acf_changed":false,"footnotes":""},"class_list":["post-10547","page","type-page","status-publish","hentry"],"acf":[],"_links":{"self":[{"href":"https:\/\/dipicdev.ro\/hu\/wp-json\/wp\/v2\/pages\/10547","targetHints":{"allow":["GET"]}}],"collection":[{"href":"https:\/\/dipicdev.ro\/hu\/wp-json\/wp\/v2\/pages"}],"about":[{"href":"https:\/\/dipicdev.ro\/hu\/wp-json\/wp\/v2\/types\/page"}],"author":[{"embeddable":true,"href":"https:\/\/dipicdev.ro\/hu\/wp-json\/wp\/v2\/users\/4"}],"replies":[{"embeddable":true,"href":"https:\/\/dipicdev.ro\/hu\/wp-json\/wp\/v2\/comments?post=10547"}],"version-history":[{"count":1,"href":"https:\/\/dipicdev.ro\/hu\/wp-json\/wp\/v2\/pages\/10547\/revisions"}],"predecessor-version":[{"id":10593,"href":"https:\/\/dipicdev.ro\/hu\/wp-json\/wp\/v2\/pages\/10547\/revisions\/10593"}],"up":[{"embeddable":true,"href":"https:\/\/dipicdev.ro\/hu\/wp-json\/wp\/v2\/pages\/10549"}],"wp:attachment":[{"href":"https:\/\/dipicdev.ro\/hu\/wp-json\/wp\/v2\/media?parent=10547"}],"curies":[{"name":"wp","href":"https:\/\/api.w.org\/{rel}","templated":true}]}}