{"id":10542,"date":"2016-07-16T11:10:03","date_gmt":"2016-07-16T08:10:03","guid":{"rendered":"https:\/\/dipicdev.ro\/activitate-medicala-2\/"},"modified":"2019-01-03T20:01:17","modified_gmt":"2019-01-03T18:01:17","slug":"orvosi-tevekenyseg","status":"publish","type":"page","link":"https:\/\/dipicdev.ro\/hu\/servicii-medicale\/ambulatorul-de-specialitate-stomatologie\/orvosi-tevekenyseg\/","title":{"rendered":"Orvosi tev\u00e9kenys\u00e9g"},"content":{"rendered":"<h3><strong>Activitate medical\u0103<\/strong><\/h3>\n<p>Ambulatorului de Specialitate Stomatologie \u00ee\u0219i desf\u0103\u0219oar\u0103 activitatea \u00eencep\u00e2nd cu anul 2010 sub \u00eendrumarea d-nei Prof. Dr. P\u0103curar Mariana. \u00cen cadrul acestui serviciul medical beneficiaz\u0103 de servicii medicale stomatologice de specialitate at\u00e2t adul\u021bii c\u00e2t \u0219i copiii.<\/p>\n<p>Colaborarea cu UPU &#8211; Cabinet medicin\u0103 dentar\u0103 de urgen\u021b\u0103 exist\u0103 din momentul \u00eenfiin\u021b\u0103rii acestuia, pacien\u021bii care au prezent\u0103ri \u00een serviciul de urgen\u021b\u0103 fiind \u00eendruma\u021bi c\u0103tre cabinetele ambulatoriului de specialitate pentru continuarea tratamentelor, respectiv restaur\u0103rile protetice necesare asigur\u0103rii unei bune func\u021bionalit\u0103\u021bi a aparatului buco-dentar.<\/p>\n<p>Copiii beneficiaz\u0103 de tratamente stomatologice de preven\u021bie dentar\u0103, precum \u0219i de aparate dentare pentru asigurarea unei bune functionalit\u0103\u021bi at\u00e2t masticatorii c\u00e2t \u0219i fonetice \u0219i estetice, datorit\u0103 existen\u021bei unui medic specialist \u00een ortodon\u021bie \u00een cadrul ambulatoriului.<\/p>\n<p>\u00cen cadrul Ambulatorului de specialitate stomatologie mai func\u021bioneaz\u0103 un laborator RTG \u0219i laboratorul de tehnic\u0103 dentar\u0103 unde se realizeaz\u0103 toate lucr\u0103rile protetice (fixe, mobile, aparate dentare) de care beneniciaz\u0103 pacien\u021bii.<\/p>\n<p>Serviciile medicale din Ambulatorul de Specialitate Stomatologie sunt: de diagnosticare, tratamentele cariilor simple \u0219i complicate, pulpite seroase \u0219i\/sau purulente, sigil\u0103ri de \u0219an\u021buri, fluoroz\u0103ri, restaur\u0103ri protetice etc.<\/p>\n<p>&nbsp;<\/p>\n","protected":false},"excerpt":{"rendered":"<p>Activitate medical\u0103 Ambulatorului de Specialitate Stomatologie \u00ee\u0219i desf\u0103\u0219oar\u0103 activitatea \u00eencep\u00e2nd cu anul 2010 sub \u00eendrumarea d-nei Prof. Dr. P\u0103curar Mariana. \u00cen cadrul acestui serviciul medical beneficiaz\u0103 de servicii medicale stomatologice de specialitate at\u00e2t adul\u021bii c\u00e2t \u0219i copiii. Colaborarea cu UPU &#8211; Cabinet medicin\u0103 dentar\u0103 de urgen\u021b\u0103 exist\u0103 din momentul \u00eenfiin\u021b\u0103rii acestuia, pacien\u021bii care au prezent\u0103ri [&hellip;]<\/p>\n","protected":false},"author":4,"featured_media":0,"parent":11307,"menu_order":2,"comment_status":"closed","ping_status":"closed","template":"","meta":{"_acf_changed":false,"footnotes":""},"class_list":["post-10542","page","type-page","status-publish","hentry"],"acf":[],"_links":{"self":[{"href":"https:\/\/dipicdev.ro\/hu\/wp-json\/wp\/v2\/pages\/10542","targetHints":{"allow":["GET"]}}],"collection":[{"href":"https:\/\/dipicdev.ro\/hu\/wp-json\/wp\/v2\/pages"}],"about":[{"href":"https:\/\/dipicdev.ro\/hu\/wp-json\/wp\/v2\/types\/page"}],"author":[{"embeddable":true,"href":"https:\/\/dipicdev.ro\/hu\/wp-json\/wp\/v2\/users\/4"}],"replies":[{"embeddable":true,"href":"https:\/\/dipicdev.ro\/hu\/wp-json\/wp\/v2\/comments?post=10542"}],"version-history":[{"count":2,"href":"https:\/\/dipicdev.ro\/hu\/wp-json\/wp\/v2\/pages\/10542\/revisions"}],"predecessor-version":[{"id":13965,"href":"https:\/\/dipicdev.ro\/hu\/wp-json\/wp\/v2\/pages\/10542\/revisions\/13965"}],"up":[{"embeddable":true,"href":"https:\/\/dipicdev.ro\/hu\/wp-json\/wp\/v2\/pages\/11307"}],"wp:attachment":[{"href":"https:\/\/dipicdev.ro\/hu\/wp-json\/wp\/v2\/media?parent=10542"}],"curies":[{"name":"wp","href":"https:\/\/api.w.org\/{rel}","templated":true}]}}