{"id":10540,"date":"2016-07-16T11:11:27","date_gmt":"2016-07-16T08:11:27","guid":{"rendered":"https:\/\/dipicdev.ro\/activitatea-didactica-si-stiintifica\/"},"modified":"2018-11-18T20:42:42","modified_gmt":"2018-11-18T18:42:42","slug":"activitatea-didactica-si-stiintifica","status":"publish","type":"page","link":"https:\/\/dipicdev.ro\/hu\/servicii-medicale\/ambulatorul-de-specialitate-stomatologie\/activitatea-didactica-si-stiintifica\/","title":{"rendered":"Activitatea didactic\u0103 si \u0219tiin\u021bific\u0103"},"content":{"rendered":"<h3><b>Activitate didactic\u0103 \u0219i \u0219tiin\u021bific\u0103<\/b><\/h3>\n<p>Colectivul medical al Ambulatorului de Specialitate Stomatologie este implicat \u00een promovarea activit\u0103\u021bii de \u00eenv\u0103\u021b\u0103m\u00e2nt \u0219tiintific \u0219i de cercetare. Astfel, personalul medical particip\u0103 la cursuri de perfec\u021bionare profesional\u0103, \u00een vederea \u00eensu\u0219irii nout\u0103\u021bilor din domeniul medical.<\/p>\n<p>Activitatea de cercetare \u0219tiin\u021bific\u0103 a personalului compartimentului rezult\u0103 din lucr\u0103rile \u0219tiin\u021bifice prezentate \u0219i publicate la Congrese Na\u021bionale \u0219i Interna\u021bionale.<\/p>\n<p>Activitatea medical\u0103 a compartimentului se \u00eembin\u0103 cu activitatea didactic\u0103 prin furnizarea serviciilor de instruire \u0219i formare clinic\u0103 pentru studen\u021bi \u0219i doctoranzi de natur\u0103 s\u0103 asigure toate condi\u021biile necesesare \u00een vederea form\u0103rii profesionale practice complete \u0219i corecte a viitorilor medici. Aceast\u0103 activitate este concretizat\u0103 prin instruirea \u0219i \u00eendrumarea anual a unui num\u0103 de peste 700 studen\u021bi care fac stagii clinice, precum \u0219i participarea acestora la cursuri de medicin\u0103 oral\u0103 endodon\u021bie, protetic\u0103 dentar\u0103, odontologie etc.<\/p>\n<p>De asemenea, \u00een cadrul compartimentului, 46 medici reziden\u021bi \u00ee\u0219i desf\u0103\u0219oar\u0103 stagiile de preg\u0103tire \u00een specialit\u0103\u021bi de endodon\u021bie, protetic\u0103 dentar\u0103, parodontologie.<br \/>\nPersonalul Ambulatorului de Specialitate Stomatologie face parte din societ\u0103\u021bi \u0219tiin\u021bifice de profil: Societatea Rom\u00e2n\u0103 de Excelen\u021b\u0103 \u00een Ortodon\u021bie (AREO),European Orthodontic Society(EOS), Societatea Rom\u00e2n\u0103 de Protetic\u0103 dentar\u0103, Societatea Rom\u00e2n\u0103 de Parodontologie.<\/p>\n<p>&nbsp;<\/p>\n","protected":false},"excerpt":{"rendered":"<p>Activitate didactic\u0103 \u0219i \u0219tiin\u021bific\u0103 Colectivul medical al Ambulatorului de Specialitate Stomatologie este implicat \u00een promovarea activit\u0103\u021bii de \u00eenv\u0103\u021b\u0103m\u00e2nt \u0219tiintific \u0219i de cercetare. Astfel, personalul medical particip\u0103 la cursuri de perfec\u021bionare profesional\u0103, \u00een vederea \u00eensu\u0219irii nout\u0103\u021bilor din domeniul medical. Activitatea de cercetare \u0219tiin\u021bific\u0103 a personalului compartimentului rezult\u0103 din lucr\u0103rile \u0219tiin\u021bifice prezentate \u0219i publicate la Congrese Na\u021bionale [&hellip;]<\/p>\n","protected":false},"author":4,"featured_media":0,"parent":11307,"menu_order":2,"comment_status":"closed","ping_status":"closed","template":"","meta":{"_acf_changed":false,"footnotes":""},"class_list":["post-10540","page","type-page","status-publish","hentry"],"acf":[],"_links":{"self":[{"href":"https:\/\/dipicdev.ro\/hu\/wp-json\/wp\/v2\/pages\/10540","targetHints":{"allow":["GET"]}}],"collection":[{"href":"https:\/\/dipicdev.ro\/hu\/wp-json\/wp\/v2\/pages"}],"about":[{"href":"https:\/\/dipicdev.ro\/hu\/wp-json\/wp\/v2\/types\/page"}],"author":[{"embeddable":true,"href":"https:\/\/dipicdev.ro\/hu\/wp-json\/wp\/v2\/users\/4"}],"replies":[{"embeddable":true,"href":"https:\/\/dipicdev.ro\/hu\/wp-json\/wp\/v2\/comments?post=10540"}],"version-history":[{"count":1,"href":"https:\/\/dipicdev.ro\/hu\/wp-json\/wp\/v2\/pages\/10540\/revisions"}],"predecessor-version":[{"id":10586,"href":"https:\/\/dipicdev.ro\/hu\/wp-json\/wp\/v2\/pages\/10540\/revisions\/10586"}],"up":[{"embeddable":true,"href":"https:\/\/dipicdev.ro\/hu\/wp-json\/wp\/v2\/pages\/11307"}],"wp:attachment":[{"href":"https:\/\/dipicdev.ro\/hu\/wp-json\/wp\/v2\/media?parent=10540"}],"curies":[{"name":"wp","href":"https:\/\/api.w.org\/{rel}","templated":true}]}}