{"id":10537,"date":"2016-07-17T16:41:05","date_gmt":"2016-07-17T13:41:05","guid":{"rendered":"https:\/\/dipicdev.ro\/asistenta-medicala-in-ambulatoriul-integrat\/"},"modified":"2018-11-18T20:42:42","modified_gmt":"2018-11-18T18:42:42","slug":"asistenta-medicala-in-ambulatoriul-integrat","status":"publish","type":"page","link":"https:\/\/dipicdev.ro\/hu\/pagina-pacientului\/asistenta-medicala-in-ambulatoriul-integrat\/","title":{"rendered":"Asisten\u021ba medical\u0103 \u00een ambulatoriul integrat"},"content":{"rendered":"<h3><strong>ASISTEN\u021aA MEDICAL\u0102 \u00ceN AMBULATORIUL INTEGRAT <\/strong><\/h3>\n<p><strong>\u00a0 \u00a0 \u00a0 \u00a0 Contractul-cadru reglementeaz\u0103 condi\u0163iile acord\u0103rii asisten\u0163ei medicale, a medicamentelor \u015fi a dispozitivelor medicale \u00een cadrul sistemului de asigur\u0103ri sociale de s\u0103n\u0103tate \u0219i prevede urm\u0103toarele:<\/strong><\/p>\n<p>PACHETUL MINIMAL DE SERVICII MEDICALE \u00ceN ASISTEN\u0162A MEDICAL\u0102 AMBULATORIE DE SPECIALITATE PENTRU SPECIALIT\u0102\u0162ILE CLINICE\u00a0\u2013 se acord\u0103 persoanelor care nu pot dovedi calitatea de asigurat<\/p>\n<p>Pachetul minimal de servicii medicale \u00een asisten\u0163a medical\u0103 ambulatorie cuprinde urm\u0103toarele tipuri de servicii medicale:<\/p>\n<p>1.1. <strong>consulta\u0163ii pentru situa\u0163iile de urgen\u0163\u0103 medico-chirurgical\u0103<\/strong>: asisten\u0163\u0103 medical\u0103 de urgen\u0163\u0103 &#8211; anamnez\u0103, examen clinic \u015fi tratament &#8211; se acord\u0103 \u00een limita competen\u0163ei \u015fi a dot\u0103rii tehnice a cabinetului medical \u00een cadrul c\u0103ruia \u00ee\u015fi desf\u0103\u015foar\u0103 activitatea medicul de specialitate. Asisten\u0163a medical\u0103 de urgen\u0163\u0103 se refer\u0103 la cazurile de cod ro\u015fu, cod galben \u015fi cod verde prev\u0103zute \u00een anexa nr. 9 la Ordinul ministrului s\u0103n\u0103t\u0103\u0163ii publice \u015fi al ministrului internelor \u015fi reformei administrative nr. 2.021\/<a href=\"act:118352%200\">691<\/a>\/2008 pentru care medicul de specialitate acord\u0103 primul ajutor \u015fi, dac\u0103 este cazul, asigur\u0103 trimiterea pacientului c\u0103tre structurile de urgen\u0163\u0103 specializate sau solicit\u0103 serviciile de ambulan\u0163\u0103, precum \u015fi la cazurile de cod verde prev\u0103zute \u00een anexa nr. 9 la Ordinul ministrului s\u0103n\u0103t\u0103\u0163ii publice \u015fi al ministrului internelor \u015fi reformei administrative nr. 2.021\/<a href=\"act:118352%200\">691<\/a>\/2008, ce pot fi rezolvate la nivelul cabinetului medical.<\/p>\n<p>Se acord\u0103 o singur\u0103 consulta\u0163ie per persoan\u0103 pentru fiecare situa\u0163ie de urgen\u0163\u0103 constatat\u0103, pentru care s-a asigurat primul ajutor sau care a fost rezolvat\u0103 la nivelul cabinetului medical.<\/p>\n<p><strong>\u00a0\u00a0\u00a01.2. consulta\u0163ii pentru supravegherea \u015fi depistarea de boli cu poten\u0163ial endemoepidemic: <\/strong>Depistarea bolilor cu poten\u0163ial endemoepidemic &#8211; include, dup\u0103 caz, examen clinic, diagnostic prezumtiv, trimiterea la spitalele de specialitate pentru confirmare \u015fi tratament. Bolile cu poten\u0163ial endemoepidemic sunt cele prev\u0103zute la pct. II din anexa la Hot\u0103r\u00e2rea Guvernului <a href=\"act:25610%200\">nr. 1.186\/2000<\/a>.<\/p>\n<p>Se acord\u0103 o singur\u0103 consulta\u0163ie per persoan\u0103 pentru fiecare boal\u0103 cu poten\u0163ial endemoepidemic suspicionat\u0103 \u015fi confirmat\u0103<\/p>\n<p><strong>\u00a0\u00a0<\/strong><\/p>\n<p><strong>\u00a0 \u00a01.3. consulta\u0163ii de supraveghere a evolu\u0163iei sarcinii \u015fi lehuziei: <\/strong>consulta\u0163ii pentru supravegherea evolu\u0163iei sarcinii \u015fi lehuziei, o consulta\u0163ie pentru fiecare trimestru de sarcin\u0103 \u015fi o consulta\u0163ie \u00een primul trimestru de la na\u015ftere<\/p>\n<p>Persoanele care beneficiaz\u0103 de pachetul minimal de servicii medicale suport\u0103 integral costurile pentru investiga\u0163iile paraclinice recomandate \u015fi tratamentul prescris de medicii de specialitate.<\/p>\n<p>PACHETUL DE SERVICII MEDICALE DE BAZ\u0102 ACORDATE \u00ceN ASISTEN\u0162A MEDICAL\u0102 AMBULATORIE DE SPECIALITATE PENTRU SPECIALIT\u0102\u0162ILE CLINICE<\/p>\n<ol>\n<li>Pachetul de servicii medicale \u00een asisten\u0163a medical\u0103 ambulatorie pentru specialit\u0103\u0163ile clinice cuprinde urm\u0103toarele tipuri de servicii medicale:<\/li>\n<\/ol>\n<p>1.1. servicii medicale &#8211; consulta\u0163ii pentru situa\u0163iile de urgen\u0163\u0103 medico-chirurgical\u0103;<\/p>\n<p>1.2. servicii medicale curative &#8211; consulta\u0163ii pentru afec\u0163iuni acute, subacute \u015fi acutiz\u0103ri ale bolilor cronice;<\/p>\n<p>1.3. servicii medicale curative &#8211; consulta\u0163ii pentru afec\u0163iuni cronice;<\/p>\n<p>1.4. depistarea de boli cu poten\u0163ial endemoepidemic;<\/p>\n<p>1.5. servicii de planificare familial\u0103;<\/p>\n<p>1.6. servicii diagnostice \u015fi terapeutice;<\/p>\n<p>1.7. servicii de s\u0103n\u0103tate conexe actului medical;<\/p>\n<p>1.8. servicii de supraveghere a sarcinii \u015fi lehuziei.<\/p>\n<p>1.1. Servicii medicale pentru situa\u0163iile de urgen\u0163\u0103 medico-chirurgical\u0103: asisten\u0163\u0103 medical\u0103 de urgen\u0163\u0103 &#8211; anamnez\u0103, examen clinic \u015fi tratament &#8211; se acord\u0103 \u00een limita competen\u0163ei \u015fi a dot\u0103rii tehnice a cabinetului medical \u00een cadrul c\u0103ruia \u00ee\u015fi desf\u0103\u015foar\u0103 activitatea medicul de specialitate. Asisten\u0163a medical\u0103 de urgen\u0163\u0103 se refer\u0103 la cazurile de cod ro\u015fu, cod galben \u015fi cod verde prev\u0103zute \u00een anexa nr. 9 la Ordinul ministrului s\u0103n\u0103t\u0103\u0163ii publice \u015fi al ministrului internelor \u015fi reformei administrative nr. 2.021\/<a href=\"act:118352%200\">691<\/a>\/2008, cu modific\u0103rile ulterioare, pentru care medicul de specialitate acord\u0103 primul ajutor \u015fi, dac\u0103 este cazul, asigur\u0103 trimiterea pacientului c\u0103tre structurile de urgen\u0163\u0103 specializate sau solicit\u0103 serviciile de ambulan\u0163\u0103, precum \u015fi la cazurile de cod verde prev\u0103zute \u00een anexa nr. 9 la Ordinul ministrului s\u0103n\u0103t\u0103\u0163ii publice \u015fi al ministrului internelor \u015fi reformei administrative nr. 2.021\/<a href=\"act:118352%200\">691<\/a>\/2008, ce pot fi rezolvate la nivelul cabinetului medical.<\/p>\n","protected":false},"excerpt":{"rendered":"<p>ASISTEN\u021aA MEDICAL\u0102 \u00ceN AMBULATORIUL INTEGRAT \u00a0 \u00a0 \u00a0 \u00a0 Contractul-cadru reglementeaz\u0103 condi\u0163iile acord\u0103rii asisten\u0163ei medicale, a medicamentelor \u015fi a dispozitivelor medicale \u00een cadrul sistemului de asigur\u0103ri sociale de s\u0103n\u0103tate \u0219i prevede urm\u0103toarele: PACHETUL MINIMAL DE SERVICII MEDICALE \u00ceN ASISTEN\u0162A MEDICAL\u0102 AMBULATORIE DE SPECIALITATE PENTRU SPECIALIT\u0102\u0162ILE CLINICE\u00a0\u2013 se acord\u0103 persoanelor care nu pot dovedi calitatea de [&hellip;]<\/p>\n","protected":false},"author":4,"featured_media":0,"parent":11425,"menu_order":0,"comment_status":"closed","ping_status":"closed","template":"","meta":{"_acf_changed":false,"footnotes":""},"class_list":["post-10537","page","type-page","status-publish","hentry"],"acf":[],"_links":{"self":[{"href":"https:\/\/dipicdev.ro\/hu\/wp-json\/wp\/v2\/pages\/10537","targetHints":{"allow":["GET"]}}],"collection":[{"href":"https:\/\/dipicdev.ro\/hu\/wp-json\/wp\/v2\/pages"}],"about":[{"href":"https:\/\/dipicdev.ro\/hu\/wp-json\/wp\/v2\/types\/page"}],"author":[{"embeddable":true,"href":"https:\/\/dipicdev.ro\/hu\/wp-json\/wp\/v2\/users\/4"}],"replies":[{"embeddable":true,"href":"https:\/\/dipicdev.ro\/hu\/wp-json\/wp\/v2\/comments?post=10537"}],"version-history":[{"count":1,"href":"https:\/\/dipicdev.ro\/hu\/wp-json\/wp\/v2\/pages\/10537\/revisions"}],"predecessor-version":[{"id":10538,"href":"https:\/\/dipicdev.ro\/hu\/wp-json\/wp\/v2\/pages\/10537\/revisions\/10538"}],"up":[{"embeddable":true,"href":"https:\/\/dipicdev.ro\/hu\/wp-json\/wp\/v2\/pages\/11425"}],"wp:attachment":[{"href":"https:\/\/dipicdev.ro\/hu\/wp-json\/wp\/v2\/media?parent=10537"}],"curies":[{"name":"wp","href":"https:\/\/api.w.org\/{rel}","templated":true}]}}