{"id":10470,"date":"2016-08-25T16:11:40","date_gmt":"2016-08-25T13:11:40","guid":{"rendered":"https:\/\/dipicdev.ro\/activitatea-medicala-3\/"},"modified":"2016-08-25T16:11:40","modified_gmt":"2016-08-25T13:11:40","slug":"activitatea-medicala","status":"publish","type":"page","link":"https:\/\/dipicdev.ro\/hu\/servicii-medicale\/laboratoareblocuri-operatorii-farmacie\/laborator-medicina-nucleara\/activitatea-medicala\/","title":{"rendered":"Activitatea medical\u0103"},"content":{"rendered":"<p><strong>Activitate medical\u0103<\/strong><\/p>\n<p>Laboratorul de medicin\u0103 nuclear\u0103 din cadrul Spitalului Clinic Jude\u021bean de Urgen\u021b\u0103 Tg. Mure\u0219 efectueaz\u0103 urm\u0103toarele examinari &#8211; proceduri de imagistic\u0103 scintigrafic\u0103:<\/p>\n<p><em>Sistemul osos<\/em> :<\/p>\n<ul>\n<li>Scintigrafie osoas\u0103 \u201dcorp \u00eentreg\u201d cu 99 Tc (technetiu) difosfonati<\/li>\n<li>Scintigrafie osoas\u0103 planar\u0103 segmentar\u0103 \u0219i tomografie SPECT pe zona anatomic\u0103 de interes cu 99Tc-difosfonati<\/li>\n<li>Scintigrafia osoas\u00ee \u00een \u201c3 faze\u201d pe zona anatomic\u0103 de interes cu 99Tc-difosfonati<\/li>\n<\/ul>\n<p><em>Glande endocrine<\/em> :<\/p>\n<ul>\n<li>Scintigrafia tiroidian\u0103 cu 99 Tc-pertechnetat<\/li>\n<li>Scintigrafia tiroidian\u0103 \u0219i de \u201ccorp \u00eentreg\u201d cu 131 NaI<\/li>\n<li>Scintigrafia planar\u0103 \u0219i tomoscintigrafie SPECT glande paratiroide cu 99 Tc-MIBI<\/li>\n<\/ul>\n<p>-Scintigrafia mamar\u0103 cu 99 Tc-MIBI<\/p>\n<p><em>Cord<\/em>:<\/p>\n<ul>\n<li>Tomoscintigrafia de perfuzie miocardic\u0103 \u00een condi\u021bii de repaus cu 99 Tc-MIBI \u0219i evaluare gated-SPECT.<\/li>\n<li>Tomoscintigrafia de perfuzie miocardic\u0103 \u00een condi\u021bii de repaus sub administrare de nitra\u021bi cu 99 Tc-MIBI \u0219i sub alte teste farmacologice.<\/li>\n<\/ul>\n<p><em>Rinichi :<\/em><\/p>\n<ul>\n<li>Scintigrafia renal\u0103 dinamic\u0103 cu 99 Tc-DTPA standard \u0219i cu administrare de diuretice, cistografie mic\u021bional\u0103 indirect\u0103<\/li>\n<li>Scintigrafia renal\u0103 dinamic\u0103 cu 99 Tc-DTPA \u00een condi\u021bii bazale \u0219i dup\u0103 administrare indibitori ai enzimei de conversie (captopril)<\/li>\n<li>Scintigrafia planar\u0103 static\u0103 \u0219i tomoscintigrafia renal\u0103 cu 99 Tc-DMSA.<\/li>\n<\/ul>\n<p><em>Sistem nervos central<\/em>:<\/p>\n<ul>\n<li>Angioscintigrafia cerebral\u0103 cu 99 Tc-DTPA<\/li>\n<li>Scintigrafia planar\u0103 \u0219i tomoscintigrafia cerebral\u0103 cu 99 Tc-MIBI.<\/li>\n<\/ul>\n<p><em>Sistem limfatic<\/em>:<\/p>\n<ul>\n<li>Scintigrafia limfatic\u0103 de detectare a ganglionilor santinel\u0103 \u00een cancerul de s\u00e2n, melanom \u0219i alte neoplazii cu predilec\u021bie de diseminare limfatic\u0103 cu 99 Tc-Nanocoll<\/li>\n<li>Scintigrafia limfatic\u0103 de eviden\u021biere a edemelor de natur\u0103 limfatic\u0103 cu 99 Tc-Nanocoll<\/li>\n<\/ul>\n<p><em>Sistem digestiv<\/em> :<\/p>\n<ul>\n<li>Scintigrafia de glande salivare cu 99 Tc-pertechnetat.<\/li>\n<li>Scintigrafia de transit esofagian cu 99 Tc-DTPA.<\/li>\n<li>Scintigrafia digestiv\u0103 de detectare a mucoasei gastrice ectopice \u2013diverticul Meckel, hemoragii digestive cu 99 Tc-pertechnetat.<\/li>\n<\/ul>\n","protected":false},"excerpt":{"rendered":"<p>Activitate medical\u0103 Laboratorul de medicin\u0103 nuclear\u0103 din cadrul Spitalului Clinic Jude\u021bean de Urgen\u021b\u0103 Tg. Mure\u0219 efectueaz\u0103 urm\u0103toarele examinari &#8211; proceduri de imagistic\u0103 scintigrafic\u0103: Sistemul osos : Scintigrafie osoas\u0103 \u201dcorp \u00eentreg\u201d cu 99 Tc (technetiu) difosfonati Scintigrafie osoas\u0103 planar\u0103 segmentar\u0103 \u0219i tomografie SPECT pe zona anatomic\u0103 de interes cu 99Tc-difosfonati Scintigrafia osoas\u00ee \u00een \u201c3 faze\u201d pe [&hellip;]<\/p>\n","protected":false},"author":4,"featured_media":0,"parent":11266,"menu_order":2,"comment_status":"closed","ping_status":"closed","template":"","meta":{"_acf_changed":false,"footnotes":""},"class_list":["post-10470","page","type-page","status-publish","hentry"],"acf":[],"_links":{"self":[{"href":"https:\/\/dipicdev.ro\/hu\/wp-json\/wp\/v2\/pages\/10470","targetHints":{"allow":["GET"]}}],"collection":[{"href":"https:\/\/dipicdev.ro\/hu\/wp-json\/wp\/v2\/pages"}],"about":[{"href":"https:\/\/dipicdev.ro\/hu\/wp-json\/wp\/v2\/types\/page"}],"author":[{"embeddable":true,"href":"https:\/\/dipicdev.ro\/hu\/wp-json\/wp\/v2\/users\/4"}],"replies":[{"embeddable":true,"href":"https:\/\/dipicdev.ro\/hu\/wp-json\/wp\/v2\/comments?post=10470"}],"version-history":[{"count":0,"href":"https:\/\/dipicdev.ro\/hu\/wp-json\/wp\/v2\/pages\/10470\/revisions"}],"up":[{"embeddable":true,"href":"https:\/\/dipicdev.ro\/hu\/wp-json\/wp\/v2\/pages\/11266"}],"wp:attachment":[{"href":"https:\/\/dipicdev.ro\/hu\/wp-json\/wp\/v2\/media?parent=10470"}],"curies":[{"name":"wp","href":"https:\/\/api.w.org\/{rel}","templated":true}]}}