{"id":10428,"date":"2017-03-24T12:34:53","date_gmt":"2017-03-24T10:34:53","guid":{"rendered":"https:\/\/dipicdev.ro\/satisfactia-pacientului\/"},"modified":"2021-02-11T17:02:41","modified_gmt":"2021-02-11T15:02:41","slug":"satisfactia-pacientului","status":"publish","type":"page","link":"https:\/\/dipicdev.ro\/hu\/pagina-pacientului\/satisfactia-pacientului\/","title":{"rendered":"SATISFAC\u021aIA PACIENTULUI"},"content":{"rendered":"<p style=\"text-align: left;\"><a class=\"analiza-rezultate\" href=\"https:\/\/dipicdev.ro\/wp-content\/uploads\/2017\/03\/analiza_rezultate_chestionar_satisfactie_pacienti_2016.pdf\" target=\"_blank\" rel=\"noopener noreferrer\">Analiza rezultate chestionar satisfac\u021bie 2016<\/a><\/p>\n<p style=\"text-align: left;\"><a class=\"chestionar-pacienti\" href=\"https:\/\/dipicdev.ro\/wp-content\/uploads\/2018\/04\/CHESTIONARE-PACIENTI-.pdf\" target=\"_blank\" rel=\"noopener noreferrer\">CHESTIONAR PRIVIND SATISFAC\u0162IA PACIENTULUI<\/a><\/p>\n<p style=\"text-align: left;\"><iframe loading=\"lazy\" src=\"https:\/\/docs.google.com\/forms\/d\/e\/1FAIpQLScjobAp3_kt1Ez5Lu984D7d7UFrEREZB0-6Q7xEMR_YFYrqBA\/viewform?embedded=true\" width=\"640\" height=\"5534\" frameborder=\"0\" marginheight=\"0\" marginwidth=\"0\">Se \u00eencarc\u0103\u2026<\/iframe><\/p>\n","protected":false},"excerpt":{"rendered":"<p>Analiza rezultate chestionar satisfac\u021bie 2016 CHESTIONAR PRIVIND SATISFAC\u0162IA PACIENTULUI Se \u00eencarc\u0103\u2026<\/p>\n","protected":false},"author":4,"featured_media":0,"parent":11425,"menu_order":0,"comment_status":"closed","ping_status":"closed","template":"","meta":{"_acf_changed":false,"footnotes":""},"class_list":["post-10428","page","type-page","status-publish","hentry"],"acf":[],"_links":{"self":[{"href":"https:\/\/dipicdev.ro\/hu\/wp-json\/wp\/v2\/pages\/10428","targetHints":{"allow":["GET"]}}],"collection":[{"href":"https:\/\/dipicdev.ro\/hu\/wp-json\/wp\/v2\/pages"}],"about":[{"href":"https:\/\/dipicdev.ro\/hu\/wp-json\/wp\/v2\/types\/page"}],"author":[{"embeddable":true,"href":"https:\/\/dipicdev.ro\/hu\/wp-json\/wp\/v2\/users\/4"}],"replies":[{"embeddable":true,"href":"https:\/\/dipicdev.ro\/hu\/wp-json\/wp\/v2\/comments?post=10428"}],"version-history":[{"count":2,"href":"https:\/\/dipicdev.ro\/hu\/wp-json\/wp\/v2\/pages\/10428\/revisions"}],"predecessor-version":[{"id":22824,"href":"https:\/\/dipicdev.ro\/hu\/wp-json\/wp\/v2\/pages\/10428\/revisions\/22824"}],"up":[{"embeddable":true,"href":"https:\/\/dipicdev.ro\/hu\/wp-json\/wp\/v2\/pages\/11425"}],"wp:attachment":[{"href":"https:\/\/dipicdev.ro\/hu\/wp-json\/wp\/v2\/media?parent=10428"}],"curies":[{"name":"wp","href":"https:\/\/api.w.org\/{rel}","templated":true}]}}