{"id":10408,"date":"2018-04-10T21:12:06","date_gmt":"2018-04-10T18:12:06","guid":{"rendered":"https:\/\/dipicdev.ro\/materiale-informative-cu-privire-la-educatia-sanitara-si-preventie\/"},"modified":"2021-02-12T19:23:11","modified_gmt":"2021-02-12T17:23:11","slug":"materiale-informative-cu-privire-la-educatia-sanitara-si-preventie","status":"publish","type":"page","link":"https:\/\/dipicdev.ro\/hu\/pagina-pacientului\/materiale-informative-cu-privire-la-educatia-sanitara-si-preventie\/","title":{"rendered":"Materiale informative cu privire la educa\u021bia sanitar\u0103 \u0219i preven\u021bie"},"content":{"rendered":"<h3>Materiale informative cu privire la educa\u021bia sanitar\u0103 \u0219i preven\u021bie<\/h3>\n<p><a href=\"https:\/\/dipicdev.ro\/wp-content\/uploads\/2018\/04\/prevenirea-rezistentei.pdf\">Prevenirea rezisten\u021bei la antibiotice<\/a><\/p>\n<p><a href=\"https:\/\/dipicdev.ro\/wp-content\/uploads\/2018\/04\/cum-spalam-mainile.pdf\">Cum sp\u0103l\u0103m m\u00e2inile<\/a><\/p>\n<p><a href=\"https:\/\/dipicdev.ro\/wp-content\/uploads\/2018\/04\/maini-curate.pdf\">M\u00e2ini curate \u00een spitale<\/a><\/p>\n<p><a href=\"https:\/\/dipicdev.ro\/wp-content\/uploads\/2018\/04\/5reguli.pdf\">5 momente importante pentru igiena m\u00e2inii<\/a><\/p>\n<p><a href=\"https:\/\/dipicdev.ro\/wp-content\/uploads\/2018\/04\/cum-dezinfectam-mainile.pdf\">Cum dezinfect\u0103m m\u00e2inile<\/a><\/p>\n<p><a href=\"https:\/\/dipicdev.ro\/wp-content\/uploads\/2021\/02\/Reguli-de-urmat-\u00een-Igiena-m\u00e2inilor-pentru-personalul-medical-care-ingrije\u0219te-persoanele-suspecte-sau-confirmate-cu-infec\u021bie-cu-noul-coronavirus.pdf\" target=\"_blank\" rel=\"noopener noreferrer\">Reguli de urmat \u00een Igiena m\u00e2inilor pentru personalul medical care ingrije\u0219te persoanele suspecte sau confirmate cu infec\u021bie cu noul coronavirus<\/a><\/p>\n<p><a href=\"https:\/\/dipicdev.ro\/wp-content\/uploads\/2021\/02\/Algoritm-de-raportare-Cazuri-COVID-19.pdf\">Algoritm de raportare Cazuri COVID-19<\/a><\/p>\n<p><a href=\"https:\/\/dipicdev.ro\/wp-content\/uploads\/2021\/02\/Utilizarea-rationala-a-PPE-in-contextul-COVID_19.pdf\">Utilizarea rationala a PPE in contextul COVID_19<\/a><\/p>\n<p>&nbsp;<\/p>\n","protected":false},"excerpt":{"rendered":"<p>Materiale informative cu privire la educa\u021bia sanitar\u0103 \u0219i preven\u021bie Prevenirea rezisten\u021bei la antibiotice Cum sp\u0103l\u0103m m\u00e2inile M\u00e2ini curate \u00een spitale 5 momente importante pentru igiena m\u00e2inii Cum dezinfect\u0103m m\u00e2inile Reguli de urmat \u00een Igiena m\u00e2inilor pentru personalul medical care ingrije\u0219te persoanele suspecte sau confirmate cu infec\u021bie cu noul coronavirus Algoritm de raportare Cazuri COVID-19 Utilizarea [&hellip;]<\/p>\n","protected":false},"author":4,"featured_media":0,"parent":11425,"menu_order":0,"comment_status":"closed","ping_status":"closed","template":"","meta":{"_acf_changed":false,"footnotes":""},"class_list":["post-10408","page","type-page","status-publish","hentry"],"acf":[],"_links":{"self":[{"href":"https:\/\/dipicdev.ro\/hu\/wp-json\/wp\/v2\/pages\/10408","targetHints":{"allow":["GET"]}}],"collection":[{"href":"https:\/\/dipicdev.ro\/hu\/wp-json\/wp\/v2\/pages"}],"about":[{"href":"https:\/\/dipicdev.ro\/hu\/wp-json\/wp\/v2\/types\/page"}],"author":[{"embeddable":true,"href":"https:\/\/dipicdev.ro\/hu\/wp-json\/wp\/v2\/users\/4"}],"replies":[{"embeddable":true,"href":"https:\/\/dipicdev.ro\/hu\/wp-json\/wp\/v2\/comments?post=10408"}],"version-history":[{"count":1,"href":"https:\/\/dipicdev.ro\/hu\/wp-json\/wp\/v2\/pages\/10408\/revisions"}],"predecessor-version":[{"id":22847,"href":"https:\/\/dipicdev.ro\/hu\/wp-json\/wp\/v2\/pages\/10408\/revisions\/22847"}],"up":[{"embeddable":true,"href":"https:\/\/dipicdev.ro\/hu\/wp-json\/wp\/v2\/pages\/11425"}],"wp:attachment":[{"href":"https:\/\/dipicdev.ro\/hu\/wp-json\/wp\/v2\/media?parent=10408"}],"curies":[{"name":"wp","href":"https:\/\/api.w.org\/{rel}","templated":true}]}}