{"id":10398,"date":"2018-04-13T14:12:56","date_gmt":"2018-04-13T11:12:56","guid":{"rendered":"https:\/\/dipicdev.ro\/workshop-intalnire-regionala-cu-specialistii-din-sistemul-romanesc-de-sanatate\/"},"modified":"2018-04-13T14:12:56","modified_gmt":"2018-04-13T11:12:56","slug":"workshop-intalnire-regionala-cu-specialistii-din-sistemul-romanesc-de-sanatate","status":"publish","type":"page","link":"https:\/\/dipicdev.ro\/hu\/conferinte\/workshop-intalnire-regionala-cu-specialistii-din-sistemul-romanesc-de-sanatate\/","title":{"rendered":"24.02.2018 Workshop \u00eent\u00e2lnire regionala cu speciali\u0219tii din sistemul rom\u00e2nesc de s\u0103n\u0103tate"},"content":{"rendered":"<p>&nbsp;<\/p>\n<p>Caiet workshop \u00eent\u00e2lnire regionala cu speciali\u0219tii din sistemul rom\u00e2nesc de s\u0103n\u0103tate poate fi desc\u0103rcat de <a href=\"https:\/\/dipicdev.ro\/wp-content\/uploads\/2018\/04\/caiet-workshop.pdf\">aici<\/a><\/p>\n","protected":false},"excerpt":{"rendered":"<p>&nbsp; Caiet workshop \u00eent\u00e2lnire regionala cu speciali\u0219tii din sistemul rom\u00e2nesc de s\u0103n\u0103tate poate fi desc\u0103rcat de aici<\/p>\n","protected":false},"author":4,"featured_media":0,"parent":10411,"menu_order":2,"comment_status":"closed","ping_status":"closed","template":"","meta":{"_acf_changed":false,"footnotes":""},"class_list":["post-10398","page","type-page","status-publish","hentry"],"acf":[],"_links":{"self":[{"href":"https:\/\/dipicdev.ro\/hu\/wp-json\/wp\/v2\/pages\/10398","targetHints":{"allow":["GET"]}}],"collection":[{"href":"https:\/\/dipicdev.ro\/hu\/wp-json\/wp\/v2\/pages"}],"about":[{"href":"https:\/\/dipicdev.ro\/hu\/wp-json\/wp\/v2\/types\/page"}],"author":[{"embeddable":true,"href":"https:\/\/dipicdev.ro\/hu\/wp-json\/wp\/v2\/users\/4"}],"replies":[{"embeddable":true,"href":"https:\/\/dipicdev.ro\/hu\/wp-json\/wp\/v2\/comments?post=10398"}],"version-history":[{"count":0,"href":"https:\/\/dipicdev.ro\/hu\/wp-json\/wp\/v2\/pages\/10398\/revisions"}],"up":[{"embeddable":true,"href":"https:\/\/dipicdev.ro\/hu\/wp-json\/wp\/v2\/pages\/10411"}],"wp:attachment":[{"href":"https:\/\/dipicdev.ro\/hu\/wp-json\/wp\/v2\/media?parent=10398"}],"curies":[{"name":"wp","href":"https:\/\/api.w.org\/{rel}","templated":true}]}}