{"id":10354,"date":"2018-04-13T19:52:20","date_gmt":"2018-04-13T16:52:20","guid":{"rendered":"https:\/\/dipicdev.ro\/20-04-2018-cursul-de-chirurgia-umarului\/"},"modified":"2018-04-13T19:52:20","modified_gmt":"2018-04-13T16:52:20","slug":"20-04-2018-cursul-de-chirurgia-umarului","status":"publish","type":"page","link":"https:\/\/dipicdev.ro\/hu\/conferinte\/20-04-2018-cursul-de-chirurgia-umarului\/","title":{"rendered":"20.04.2018 Cursul de Chirurgia Um\u0103rului"},"content":{"rendered":"<p><a href=\"https:\/\/dipicdev.ro\/wp-content\/uploads\/2018\/04\/unnamed.jpg\"><img loading=\"lazy\" decoding=\"async\" class=\"alignnone size-full wp-image-9177\" src=\"https:\/\/dipicdev.ro\/wp-content\/uploads\/2018\/04\/unnamed.jpg\" alt=\"\" width=\"820\" height=\"340\" title=\"\" srcset=\"https:\/\/dipicdev.ro\/wp-content\/uploads\/2018\/04\/unnamed.jpg 820w, https:\/\/dipicdev.ro\/wp-content\/uploads\/2018\/04\/unnamed-300x124.jpg 300w, https:\/\/dipicdev.ro\/wp-content\/uploads\/2018\/04\/unnamed-768x318.jpg 768w\" sizes=\"auto, (max-width: 820px) 100vw, 820px\" \/><\/a><\/p>\n<p><strong>Stima\u021bi colegi,<\/strong><\/p>\n<p>\u00cen\u00a0<strong>20-21 Aprilie<\/strong>\u00a0are loc la Sibiu\u00a0<strong>Cursul de Chirurgia Um\u0103rului (Focus: Instabilit\u0103\u021bile um\u0103rului)<\/strong>. Este continuarea cursurilor din anii trecu\u021bi efectuate sub patronajul Academiei Americane de Ortopedie (AAOS).<\/p>\n<p>\u00cen 20 Aprilie se va desf\u0103\u0219ura \u00een paralel Cursul de Patologia Um\u0103rului adresat medicilor de Reabilitare Medical\u0103 \u0219i asisten\u021bilor de Kinetoterapie.<\/p>\n<p><strong>Invita\u021bi speciali<\/strong>:<\/p>\n<p>Prof. Dr. Guido Marra (USA)<br \/>\nProf. Dr. William Stetson (USA)<br \/>\nPhD. Dr. Marius Scarlat (Franta)<\/p>\n<p>De asemenea, particip\u0103 lectori din Rom\u00e2nia (Cluj, Craiova, Timi\u0219oara, Bucure\u0219ti, Sibiu), Serbia \u0219i Bosnia.<\/p>\n<p>Num\u0103rul de locuri este limitat \u0219i \u00een curs de epuizare. Dac\u0103 sunte\u021bi interesa\u021bi pute\u021bi s\u0103 v\u0103 \u00eenscrie\u021bi acces\u00e2nd urm\u0103torul link:\u00a0<a href=\"http:\/\/www.srcuc.ro\/\" rel=\"nofollow noopener\" target=\"_blank\">http:\/\/www.srcuc.ro<\/a><\/p>\n<p>V\u0103 a\u0219tept\u0103m la Sibiu.<\/p>\n<p>Conf. Dr. Mihai Roman<br \/>\nConf. Dr. Radu Fleaca<\/p>\n<p><a href=\"https:\/\/dipicdev.ro\/wp-content\/uploads\/2018\/04\/6104f6c5-afea-4c13-ab53-96987b5d2d9d.png\"><img loading=\"lazy\" decoding=\"async\" class=\"size-full wp-image-9178 aligncenter\" src=\"https:\/\/dipicdev.ro\/wp-content\/uploads\/2018\/04\/6104f6c5-afea-4c13-ab53-96987b5d2d9d.png\" alt=\"\" width=\"150\" height=\"150\" title=\"\"><\/a><\/p>\n","protected":false},"excerpt":{"rendered":"<p>Stima\u021bi colegi, \u00cen\u00a020-21 Aprilie\u00a0are loc la Sibiu\u00a0Cursul de Chirurgia Um\u0103rului (Focus: Instabilit\u0103\u021bile um\u0103rului). Este continuarea cursurilor din anii trecu\u021bi efectuate sub patronajul Academiei Americane de Ortopedie (AAOS). \u00cen 20 Aprilie se va desf\u0103\u0219ura \u00een paralel Cursul de Patologia Um\u0103rului adresat medicilor de Reabilitare Medical\u0103 \u0219i asisten\u021bilor de Kinetoterapie. Invita\u021bi speciali: Prof. Dr. Guido Marra (USA) [&hellip;]<\/p>\n","protected":false},"author":4,"featured_media":0,"parent":10411,"menu_order":2,"comment_status":"closed","ping_status":"closed","template":"","meta":{"_acf_changed":false,"footnotes":""},"class_list":["post-10354","page","type-page","status-publish","hentry"],"acf":[],"_links":{"self":[{"href":"https:\/\/dipicdev.ro\/hu\/wp-json\/wp\/v2\/pages\/10354","targetHints":{"allow":["GET"]}}],"collection":[{"href":"https:\/\/dipicdev.ro\/hu\/wp-json\/wp\/v2\/pages"}],"about":[{"href":"https:\/\/dipicdev.ro\/hu\/wp-json\/wp\/v2\/types\/page"}],"author":[{"embeddable":true,"href":"https:\/\/dipicdev.ro\/hu\/wp-json\/wp\/v2\/users\/4"}],"replies":[{"embeddable":true,"href":"https:\/\/dipicdev.ro\/hu\/wp-json\/wp\/v2\/comments?post=10354"}],"version-history":[{"count":0,"href":"https:\/\/dipicdev.ro\/hu\/wp-json\/wp\/v2\/pages\/10354\/revisions"}],"up":[{"embeddable":true,"href":"https:\/\/dipicdev.ro\/hu\/wp-json\/wp\/v2\/pages\/10411"}],"wp:attachment":[{"href":"https:\/\/dipicdev.ro\/hu\/wp-json\/wp\/v2\/media?parent=10354"}],"curies":[{"name":"wp","href":"https:\/\/api.w.org\/{rel}","templated":true}]}}