{"id":11448,"date":"2016-03-06T16:40:03","date_gmt":"2016-03-06T14:40:03","guid":{"rendered":"https:\/\/dipicdev.ro\/adrese-utile\/"},"modified":"2018-12-09T19:45:44","modified_gmt":"2018-12-09T17:45:44","slug":"useful-adresses","status":"publish","type":"page","link":"https:\/\/dipicdev.ro\/en\/useful-adresses\/","title":{"rendered":"Useful adresses"},"content":{"rendered":"<h3><strong>ADRESE UTILE<\/strong><\/h3>\n<ul>\n<li><a title=\"Ministerul Sanatatii\" href=\"http:\/\/www.ms.ro\/\" target=\"_blank\" rel=\"noopener nofollow\">Ministerul Sanatatii<\/a><\/li>\n<li><a title=\"Directia de Sanatate Publica Mures\" href=\"http:\/\/www.aspms.ro\/\" target=\"_blank\" rel=\"noopener nofollow\">Directia de Sanatate Publica Mures<\/a><\/li>\n<li><a title=\"Casa de Asigurari de Sanatate Mures\" href=\"http:\/\/www.cnas.ro\/casamures\/\" target=\"_blank\" rel=\"noopener nofollow\">Casa de asigurari de sanatate Mures<\/a><\/li>\n<li><a href=\"http:\/\/www.umftgm.ro\/\" rel=\"nofollow noopener\" target=\"_blank\">Universitatea de Medicina si Farmacie Tg. Mures<\/a><\/li>\n<li><a href=\"http:\/\/anmcs.gov.ro\/\" rel=\"nofollow noopener\" target=\"_blank\">Autoritatea Nationala de Management al calitatii<\/a><\/li>\n<li>\n<p style=\"font-weight: 400;\"><a href=\"https:\/\/www.transplant.ro\/\" data-saferedirecturl=\"https:\/\/www.google.com\/url?hl=ro&amp;q=https:\/\/www.transplant.ro\/&amp;source=gmail&amp;ust=1524242373421000&amp;usg=AFQjCNGMyLhEwZR_AOR5jwB_SykJ7fu2UA\" rel=\"nofollow noopener\" target=\"_blank\">Agen\u021bia Na\u021bional\u0103 de Transplant<\/a><\/p>\n<\/li>\n<li>\n<p style=\"font-weight: 400;\"><a href=\"http:\/\/www.insp.gov.ro\/\" data-saferedirecturl=\"https:\/\/www.google.com\/url?hl=ro&amp;q=http:\/\/www.insp.gov.ro\/&amp;source=gmail&amp;ust=1524242373421000&amp;usg=AFQjCNGn5U7jRtN9R3F79kEUFPQlpVBRKw\" rel=\"nofollow noopener\" target=\"_blank\">Institutul Na\u021bional de s\u0103n\u0103tate public\u0103<\/a><\/p>\n<\/li>\n<li>\n<p style=\"font-weight: 400;\"><a href=\"http:\/\/www.dgaspcmures.ro\/contact.html\" data-saferedirecturl=\"https:\/\/www.google.com\/url?hl=ro&amp;q=http:\/\/www.dgaspcmures.ro\/contact.html&amp;source=gmail&amp;ust=1524242373421000&amp;usg=AFQjCNHyPZEvGhMgVYiZS_buzEiZGKii_w\" rel=\"nofollow noopener\" target=\"_blank\">Direc\u021bia general\u0103 de Asisten\u021b\u0103 Social\u0103 si Protec\u021bia Copilului Mure\u0219<\/a><\/p>\n<\/li>\n<li>\n<p style=\"font-weight: 400;\"><a href=\"http:\/\/mures.mmanpis.ro\/\" data-saferedirecturl=\"https:\/\/www.google.com\/url?hl=ro&amp;q=http:\/\/mures.mmanpis.ro\/&amp;source=gmail&amp;ust=1524242373421000&amp;usg=AFQjCNHxx2Yv9JsZ5YkGdap42vFKOFiLjQ\" rel=\"nofollow noopener\" target=\"_blank\">Agen\u021bia Jude\u021bean\u0103 pentru Pl\u0103\u021bi \u0219i Inspec\u021bie Social\u0103 Mure\u0219<\/a><\/p>\n<\/li>\n<li>\u00a0<a href=\"https:\/\/iomc.ro\/\" rel=\"nofollow noopener\" target=\"_blank\">Institutul National pentru Sanatatea Mamei si Copilului <\/a><\/li>\n<\/ul>\n<p><strong>Spitale si unitati sanitare din judetul nostru:<\/strong><\/p>\n<ul>\n<li><a href=\"http:\/\/www.cnas.ro\/casamures\/map-location\/idCounty\/34\" rel=\"nofollow noopener\" target=\"_blank\"><span lang=\"EN-US\">Harta interactiv<\/span>\u0103\u00a0<span lang=\"EN-US\">a furnizorilor de servicii medicale din regiune<\/span><\/a><\/li>\n<li><a href=\"http:\/\/www.spitaltarnaveni.ro\/\" rel=\"nofollow noopener\" target=\"_blank\">Spitalul Municipal &#8221; Dr. Gh. Marinescu &#8221; Tarnaveni<\/a><\/li>\n<li><a href=\"http:\/\/www.spitalreghin.ro\/\" rel=\"nofollow noopener\" target=\"_blank\">Spitalul Municipal &#8221; Dr. Eugen Nicoara &#8221; Reghin<\/a><\/li>\n<li><a href=\"http:\/\/www.spitalsighisoara.ro\/\" rel=\"nofollow noopener\" target=\"_blank\">Spitalul Municipal Sighisoara<\/a><\/li>\n<li><a href=\"http:\/\/spital-ludus.ro\/\" rel=\"nofollow noopener\" target=\"_blank\">Spitalul Orasenesc &#8221; Dr. Valer Russu&#8221; Ludus<\/a><\/li>\n<li><a href=\"http:\/\/www.spitalsovata.ro\/\" rel=\"nofollow noopener\" target=\"_blank\">Centrul de Sanatate Sovata<\/a><\/li>\n<li><a href=\"http:\/\/ibcvt.ro\/\" rel=\"nofollow noopener\" target=\"_blank\">Institutul de Urgen\u0163\u0103 pentru Boli Cardiovasculare \u015fi Transplant<\/a><\/li>\n<\/ul>\n","protected":false},"excerpt":{"rendered":"<p>ADRESE UTILE Ministerul Sanatatii Directia de Sanatate Publica Mures Casa de asigurari de sanatate Mures Universitatea de Medicina si Farmacie Tg. Mures Autoritatea Nationala de Management al calitatii Agen\u021bia Na\u021bional\u0103 de Transplant Institutul Na\u021bional de s\u0103n\u0103tate public\u0103 Direc\u021bia general\u0103 de Asisten\u021b\u0103 Social\u0103 si Protec\u021bia Copilului Mure\u0219 Agen\u021bia Jude\u021bean\u0103 pentru Pl\u0103\u021bi \u0219i Inspec\u021bie Social\u0103 Mure\u0219 \u00a0Institutul [&hellip;]<\/p>\n","protected":false},"author":4,"featured_media":0,"parent":0,"menu_order":91,"comment_status":"closed","ping_status":"closed","template":"","meta":{"_acf_changed":false,"footnotes":""},"class_list":["post-11448","page","type-page","status-publish","hentry"],"acf":[],"_links":{"self":[{"href":"https:\/\/dipicdev.ro\/en\/wp-json\/wp\/v2\/pages\/11448","targetHints":{"allow":["GET"]}}],"collection":[{"href":"https:\/\/dipicdev.ro\/en\/wp-json\/wp\/v2\/pages"}],"about":[{"href":"https:\/\/dipicdev.ro\/en\/wp-json\/wp\/v2\/types\/page"}],"author":[{"embeddable":true,"href":"https:\/\/dipicdev.ro\/en\/wp-json\/wp\/v2\/users\/4"}],"replies":[{"embeddable":true,"href":"https:\/\/dipicdev.ro\/en\/wp-json\/wp\/v2\/comments?post=11448"}],"version-history":[{"count":1,"href":"https:\/\/dipicdev.ro\/en\/wp-json\/wp\/v2\/pages\/11448\/revisions"}],"predecessor-version":[{"id":13071,"href":"https:\/\/dipicdev.ro\/en\/wp-json\/wp\/v2\/pages\/11448\/revisions\/13071"}],"wp:attachment":[{"href":"https:\/\/dipicdev.ro\/en\/wp-json\/wp\/v2\/media?parent=11448"}],"curies":[{"name":"wp","href":"https:\/\/api.w.org\/{rel}","templated":true}]}}