{"id":11426,"date":"2016-03-06T16:40:04","date_gmt":"2016-03-06T14:40:04","guid":{"rendered":"https:\/\/dipicdev.ro\/management\/"},"modified":"2018-12-09T17:15:35","modified_gmt":"2018-12-09T15:15:35","slug":"management","status":"publish","type":"page","link":"https:\/\/dipicdev.ro\/en\/management\/","title":{"rendered":"Management"},"content":{"rendered":"<h3><strong>MANAGEMENT<\/strong><\/h3>\n<p><strong><em>\u201eOrice aspect din activitatea unei institu\u021bii este determinat de competen\u021b\u00e3, motiva\u021bie \u0219i eficien\u021b\u00e3 \u00een organizarea personalului. Dintre toate sarcinile managementului, conducerea componentei umane este cea mai important\u0103 deoarece de ea depinde c\u00e2t de bine este realizat totul \u00eentr-o organiza\u0163ie.\u201d<\/em><\/strong><strong> Rensis Linkert<\/strong><\/p>\n<p><strong>         <\/strong>Ocrotirea s\u0103n\u0103t\u0103\u021bii reprezint\u0103 un serviciu foarte important oferit popula\u021biei.<\/p>\n<p>Serviciile medicale oferite de institu\u021bile sanitare au ca obiectiv asigurarea s\u0103n\u0103t\u0103\u021bii membrilor societ\u00e3\u021bii, men\u021binerea \u0219i refacerea capacit\u00e3\u021bii for\u021bei de munc\u0103 fiind astfel profund implicate \u00een crearea condi\u021bilor materiale de existen\u021b\u00e3 uman\u0103 \u00een \u00eembun\u021b\u00e3\u021birea continu\u0103 a calit\u00e3\u021bii vie\u021bii.<\/p>\n<p>Managementul serviciilor de s\u0103n\u0103tate este abordat \u00een mod diferit de fiecare categorie de actori implica\u021bi: guvern, conducerea unit\u00e3\u021bilor sanitare, profesioni\u0219ti si pacien\u021bi.<\/p>\n","protected":false},"excerpt":{"rendered":"<p>MANAGEMENT \u201eOrice aspect din activitatea unei institu\u021bii este determinat de competen\u021b\u00e3, motiva\u021bie \u0219i eficien\u021b\u00e3 \u00een organizarea personalului. Dintre toate sarcinile managementului, conducerea componentei umane este cea mai important\u0103 deoarece de ea depinde c\u00e2t de bine este realizat totul \u00eentr-o organiza\u0163ie.\u201d Rensis Linkert Ocrotirea s\u0103n\u0103t\u0103\u021bii reprezint\u0103 un serviciu foarte important oferit popula\u021biei. Serviciile medicale oferite de [&hellip;]<\/p>\n","protected":false},"author":1,"featured_media":0,"parent":0,"menu_order":72,"comment_status":"closed","ping_status":"closed","template":"template-parent.php","meta":{"_acf_changed":false,"footnotes":""},"class_list":["post-11426","page","type-page","status-publish","hentry"],"acf":[],"_links":{"self":[{"href":"https:\/\/dipicdev.ro\/en\/wp-json\/wp\/v2\/pages\/11426","targetHints":{"allow":["GET"]}}],"collection":[{"href":"https:\/\/dipicdev.ro\/en\/wp-json\/wp\/v2\/pages"}],"about":[{"href":"https:\/\/dipicdev.ro\/en\/wp-json\/wp\/v2\/types\/page"}],"author":[{"embeddable":true,"href":"https:\/\/dipicdev.ro\/en\/wp-json\/wp\/v2\/users\/1"}],"replies":[{"embeddable":true,"href":"https:\/\/dipicdev.ro\/en\/wp-json\/wp\/v2\/comments?post=11426"}],"version-history":[{"count":1,"href":"https:\/\/dipicdev.ro\/en\/wp-json\/wp\/v2\/pages\/11426\/revisions"}],"predecessor-version":[{"id":11429,"href":"https:\/\/dipicdev.ro\/en\/wp-json\/wp\/v2\/pages\/11426\/revisions\/11429"}],"wp:attachment":[{"href":"https:\/\/dipicdev.ro\/en\/wp-json\/wp\/v2\/media?parent=11426"}],"curies":[{"name":"wp","href":"https:\/\/api.w.org\/{rel}","templated":true}]}}