{"id":11412,"date":"2016-05-10T19:58:13","date_gmt":"2016-05-10T16:58:13","guid":{"rendered":"https:\/\/dipicdev.ro\/sectiile-spitalului\/"},"modified":"2019-08-17T15:22:12","modified_gmt":"2019-08-17T12:22:12","slug":"sectiile-spitalului","status":"publish","type":"page","link":"https:\/\/dipicdev.ro\/en\/medical-activity\/sectiile-spitalului\/","title":{"rendered":"Sec\u021biile Spitalului"},"content":{"rendered":"<p>Num\u0103rul de paturi pentru spitalizare continu\u0103, aprobat pentru SCJU T\u00e2rgu Mure\u0219\u00a0este de: 1089<br \/>\nNum\u0103rul de paturi pentru spitalizarea de zi este de: 123<br \/>\nPentru \u00eenso\u021bitori: 12 paturi<br \/>\nOrdinul de aprobare a structurii organizatorice se poate vedea <a href=\"https:\/\/dipicdev.ro\/wp-content\/uploads\/2019\/08\/ordine-structura.pdf\">aici<\/a><\/p>\n","protected":false},"excerpt":{"rendered":"<p>Num\u0103rul de paturi pentru spitalizare continu\u0103, aprobat pentru SCJU T\u00e2rgu Mure\u0219\u00a0este de: 1089 Num\u0103rul de paturi pentru spitalizarea de zi este de: 123 Pentru \u00eenso\u021bitori: 12 paturi Ordinul de aprobare a structurii organizatorice se poate vedea aici<\/p>\n","protected":false},"author":4,"featured_media":0,"parent":11443,"menu_order":90,"comment_status":"closed","ping_status":"closed","template":"template-parent.php","meta":{"_acf_changed":false,"footnotes":""},"class_list":["post-11412","page","type-page","status-publish","hentry"],"acf":[],"_links":{"self":[{"href":"https:\/\/dipicdev.ro\/en\/wp-json\/wp\/v2\/pages\/11412","targetHints":{"allow":["GET"]}}],"collection":[{"href":"https:\/\/dipicdev.ro\/en\/wp-json\/wp\/v2\/pages"}],"about":[{"href":"https:\/\/dipicdev.ro\/en\/wp-json\/wp\/v2\/types\/page"}],"author":[{"embeddable":true,"href":"https:\/\/dipicdev.ro\/en\/wp-json\/wp\/v2\/users\/4"}],"replies":[{"embeddable":true,"href":"https:\/\/dipicdev.ro\/en\/wp-json\/wp\/v2\/comments?post=11412"}],"version-history":[{"count":3,"href":"https:\/\/dipicdev.ro\/en\/wp-json\/wp\/v2\/pages\/11412\/revisions"}],"predecessor-version":[{"id":17106,"href":"https:\/\/dipicdev.ro\/en\/wp-json\/wp\/v2\/pages\/11412\/revisions\/17106"}],"up":[{"embeddable":true,"href":"https:\/\/dipicdev.ro\/en\/wp-json\/wp\/v2\/pages\/11443"}],"wp:attachment":[{"href":"https:\/\/dipicdev.ro\/en\/wp-json\/wp\/v2\/media?parent=11412"}],"curies":[{"name":"wp","href":"https:\/\/api.w.org\/{rel}","templated":true}]}}