{"id":11410,"date":"2016-05-10T20:06:48","date_gmt":"2016-05-10T17:06:48","guid":{"rendered":"https:\/\/dipicdev.ro\/echipa-manageriala\/"},"modified":"2018-12-09T20:37:37","modified_gmt":"2018-12-09T18:37:37","slug":"mangement-team","status":"publish","type":"page","link":"https:\/\/dipicdev.ro\/en\/management\/mangement-team\/","title":{"rendered":"Mangement team"},"content":{"rendered":"<h3><strong>Management Team<\/strong><\/h3>\n<p><strong>Manager<\/strong><\/p>\n<ul>\n<li><strong>Dr. Puiac Ion Claudiu<br \/>\n<\/strong><\/li>\n<\/ul>\n<p>Comitet Director<\/p>\n<ul>\n<li>Medical Director: <strong>Conf. dr. Szederjesi Janos <\/strong><\/li>\n<li>Financial Account Director: <strong>Ec. Craciun Ioan Florin<br \/>\n<\/strong><\/li>\n<li>Medical Care Director: <strong>Moldovan Angela<\/strong><\/li>\n<\/ul>\n<p>Program de func\u021bionare: 7:30 &#8211; 15:30<\/p>\n<p>Program de audien\u021b\u0103:<\/p>\n<p>MANAGER &#8211; luni-joi \u00eentre orele 12,00-14,00<\/p>\n<p>Director Medical &#8211; zilnic intre orele 10:00-12:00<\/p>\n<p>Director \u00cengrijiri \u00a0&#8211;\u00a0luni intre orele 12:00-14:00<\/p>\n<p>Director financiar contabil &#8211; marti intre orele 12:00-14:00<\/p>\n<p>Program\u0103ri la secretariatul\u00a0unit\u0103\u021bii.<\/p>\n","protected":false},"excerpt":{"rendered":"<p>Management Team Manager Dr. Puiac Ion Claudiu Comitet Director Medical Director: Conf. dr. Szederjesi Janos Financial Account Director: Ec. Craciun Ioan Florin Medical Care Director: Moldovan Angela Program de func\u021bionare: 7:30 &#8211; 15:30 Program de audien\u021b\u0103: MANAGER &#8211; luni-joi \u00eentre orele 12,00-14,00 Director Medical &#8211; zilnic intre orele 10:00-12:00 Director \u00cengrijiri \u00a0&#8211;\u00a0luni intre orele 12:00-14:00 [&hellip;]<\/p>\n","protected":false},"author":4,"featured_media":0,"parent":11426,"menu_order":0,"comment_status":"closed","ping_status":"closed","template":"","meta":{"_acf_changed":false,"footnotes":""},"class_list":["post-11410","page","type-page","status-publish","hentry"],"acf":[],"_links":{"self":[{"href":"https:\/\/dipicdev.ro\/en\/wp-json\/wp\/v2\/pages\/11410","targetHints":{"allow":["GET"]}}],"collection":[{"href":"https:\/\/dipicdev.ro\/en\/wp-json\/wp\/v2\/pages"}],"about":[{"href":"https:\/\/dipicdev.ro\/en\/wp-json\/wp\/v2\/types\/page"}],"author":[{"embeddable":true,"href":"https:\/\/dipicdev.ro\/en\/wp-json\/wp\/v2\/users\/4"}],"replies":[{"embeddable":true,"href":"https:\/\/dipicdev.ro\/en\/wp-json\/wp\/v2\/comments?post=11410"}],"version-history":[{"count":3,"href":"https:\/\/dipicdev.ro\/en\/wp-json\/wp\/v2\/pages\/11410\/revisions"}],"predecessor-version":[{"id":13240,"href":"https:\/\/dipicdev.ro\/en\/wp-json\/wp\/v2\/pages\/11410\/revisions\/13240"}],"up":[{"embeddable":true,"href":"https:\/\/dipicdev.ro\/en\/wp-json\/wp\/v2\/pages\/11426"}],"wp:attachment":[{"href":"https:\/\/dipicdev.ro\/en\/wp-json\/wp\/v2\/media?parent=11410"}],"curies":[{"name":"wp","href":"https:\/\/api.w.org\/{rel}","templated":true}]}}