{"id":11315,"date":"2016-05-11T00:43:52","date_gmt":"2016-05-10T21:43:52","guid":{"rendered":"https:\/\/dipicdev.ro\/programe-nationale\/"},"modified":"2025-11-16T10:43:23","modified_gmt":"2025-11-16T08:43:23","slug":"programe-nationale-de-sanatate","status":"publish","type":"page","link":"https:\/\/dipicdev.ro\/en\/medical-activity\/programe-nationale-de-sanatate\/","title":{"rendered":"Programe na\u021bionale de s\u0103n\u0103tate"},"content":{"rendered":"<h3><strong>PROGRAME NA\u021aIONALE<\/strong><\/h3>\n<p><a href=\"https:\/\/dipicdev.ro\/wp-content\/uploads\/2024\/03\/ACTIUNI-PRIORITARE-MINISTERUL-SANATATII.pdf\">AC\u021aIUNI PRIORITARE MINISTERUL S\u0102N\u0102T\u0102\u021aII<\/a><\/p>\n<p><a href=\"https:\/\/dipicdev.ro\/wp-content\/uploads\/2024\/03\/PROGRAME-NATIONALE-CASA-DE-ASIGURARI-DE-SANATATE.pdf\">PROGRAME NA\u021aIONALE CASA DE ASIGUR\u0102RI DE S\u0102N\u0102TATE<\/a><\/p>\n<p><a href=\"https:\/\/dipicdev.ro\/wp-content\/uploads\/2024\/03\/PROGRAME-NATIONALE-MINISTERUL-SANATATII.pdf\">PROGRAME NA\u021aIOANALE MINISTERUL S\u0102N\u0102T\u0102\u021aII<\/a><\/p>\n<p>&nbsp;<\/p>\n<p>&nbsp;<\/p>\n","protected":false},"excerpt":{"rendered":"<p>PROGRAME NA\u021aIONALE AC\u021aIUNI PRIORITARE MINISTERUL S\u0102N\u0102T\u0102\u021aII PROGRAME NA\u021aIONALE CASA DE ASIGUR\u0102RI DE S\u0102N\u0102TATE PROGRAME NA\u021aIOANALE MINISTERUL S\u0102N\u0102T\u0102\u021aII &nbsp; &nbsp;<\/p>\n","protected":false},"author":4,"featured_media":0,"parent":11443,"menu_order":90,"comment_status":"closed","ping_status":"closed","template":"","meta":{"_acf_changed":false,"footnotes":""},"class_list":["post-11315","page","type-page","status-publish","hentry"],"acf":[],"_links":{"self":[{"href":"https:\/\/dipicdev.ro\/en\/wp-json\/wp\/v2\/pages\/11315","targetHints":{"allow":["GET"]}}],"collection":[{"href":"https:\/\/dipicdev.ro\/en\/wp-json\/wp\/v2\/pages"}],"about":[{"href":"https:\/\/dipicdev.ro\/en\/wp-json\/wp\/v2\/types\/page"}],"author":[{"embeddable":true,"href":"https:\/\/dipicdev.ro\/en\/wp-json\/wp\/v2\/users\/4"}],"replies":[{"embeddable":true,"href":"https:\/\/dipicdev.ro\/en\/wp-json\/wp\/v2\/comments?post=11315"}],"version-history":[{"count":5,"href":"https:\/\/dipicdev.ro\/en\/wp-json\/wp\/v2\/pages\/11315\/revisions"}],"predecessor-version":[{"id":44676,"href":"https:\/\/dipicdev.ro\/en\/wp-json\/wp\/v2\/pages\/11315\/revisions\/44676"}],"up":[{"embeddable":true,"href":"https:\/\/dipicdev.ro\/en\/wp-json\/wp\/v2\/pages\/11443"}],"wp:attachment":[{"href":"https:\/\/dipicdev.ro\/en\/wp-json\/wp\/v2\/media?parent=11315"}],"curies":[{"name":"wp","href":"https:\/\/api.w.org\/{rel}","templated":true}]}}