{"id":11218,"date":"2016-05-11T23:02:27","date_gmt":"2016-05-11T20:02:27","guid":{"rendered":"https:\/\/dipicdev.ro\/drepturile-pacientilor\/"},"modified":"2018-12-09T17:37:12","modified_gmt":"2018-12-09T15:37:12","slug":"patients-rights-and-obligations","status":"publish","type":"page","link":"https:\/\/dipicdev.ro\/en\/patient-infromation\/patients-rights-and-obligations\/","title":{"rendered":"Patients rights and obligations"},"content":{"rendered":"<h3><strong>Drepturile \u0219i obliga\u021biile pacien\u021bilor<\/strong><\/h3>\n<p>Pacien\u0163ii au dreptul la asisten\u0163\u0103 medical\u0103, at\u00e2t \u00een ambulatoriu, c\u00e2t \u015fi \u00een sec\u0163iile cu paturi, modul de adresabilitate, cheltuielile de asisten\u0163\u0103 fiind cele stabilite de regulamentul de organizare \u015fi func\u0163ionare.<\/p>\n<p><strong>Ca beneficiari ai actului medical, pacien\u0163ii trebuie s\u0103 respecte normele de comportament \u00een unitatea sanitar\u0103, dup\u0103 cum urmeaz\u0103<\/strong>:<\/p>\n<ol>\n<li>pacien\u0163ii trebuie s\u0103 respecte ordinea de prezentare la medic, s\u0103 a\u015ftepte chemarea \u00een cabinet;<\/li>\n<li>pacien\u0163ii trebuie s\u0103 respecte ordinea, cur\u0103\u0163enia \u015fi lini\u015ftea \u00een s\u0103lile de a\u015fteptare;<\/li>\n<li>este interzis pacien\u0163ilor murd\u0103rirea pere\u0163ilor, degradarea mobilierului din s\u0103lile de a\u015fteptare sau sec\u0163ie, distrugerea de instala\u0163ii sanitare ale spitalului;<\/li>\n<li>bolnavii interna\u0163i sunt obliga\u0163i s\u0103 poarte pe toat\u0103 durata intern\u0103rii \u0163inuta de spital;<\/li>\n<li>este interzis\u0103 circula\u0163ia bolnavilor \u00een alte sec\u0163ii dec\u00e2t cele de internare;<\/li>\n<li>bolnavii interna\u0163i nu pot p\u0103r\u0103si unitatea \u00een \u0163inuta de spital, fiind interzis\u0103 circula\u0163ia pe str\u0103zi sau \u00een parcuri \u00een astfel de \u0163inut\u0103;<\/li>\n<li>este interzis consumul de alcool \u015fi fumatul \u00een incinta spitalului;<\/li>\n<li>bolnavii sunt datori s\u0103 respecte unitatea sanitar\u0103 \u015fi pe ceilalti pacien\u0163i, se vor ab\u0163ine de la tulburarea lini\u015ftii, de la producerea de murd\u0103rie sau degradare a bunurilor spitalului.<\/li>\n<\/ol>\n<p><strong>\u00a0<\/strong><\/p>\n<p><strong>Pacien\u0163ii au urm\u0103toarele drepturi conform Legii nr. 46\/2003 privind drepturilor pacien\u0163ilor<\/strong>:<\/p>\n<p><em>\u201cArt. 2<\/em><em> Pacien\u0163ii au dreptul la \u00eengrijiri medicale de cea mai \u00eenalt\u0103 calitate de care societatea dispune, \u00een conformitate cu resursele umane, financiare \u015fi materiale.\u00a0 <\/em><\/p>\n<p><em>Art. 3 <\/em><em>Pacientul are dreptul de a fi respectat ca persoan\u0103 uman\u0103, f\u0103r\u0103 nici o discriminare\u201d.<\/p>\n<p><strong>Dreptul pacientului la informa\u0163ia medical<\/strong><\/em><strong><em>\u0103<\/em><\/strong><\/p>\n<p><em>Art. 4<\/em><em> Pacientul are dreptul de a fi informat cu privire la serviciile medicale disponibile, precum \u015fi la modul de a le utiliza.\u00a0 <\/em><\/p>\n<p><em>Art. 5<\/em><em> (1) Pacientul are dreptul de a fi informat asupra identit\u0103\u0163ii \u015fi statutului profesional al furnizorilor de servicii de s\u0103n\u0103tate.\u00a0 <\/em><\/p>\n<p><em>\u00a0\u00a0\u00a0\u00a0\u00a0\u00a0\u00a0\u00a0\u00a0 (2) Pacientul internat are dreptul de a fi informat asupra regulilor \u015fi obiceiurilor pe care trebuie s\u0103 le respecte pe durata spitaliz\u0103rii.\u00a0 <\/em><\/p>\n<p><em>Art. 6<\/em><em> Pacientul are dreptul de a fi informat asupra st\u0103rii sale de s\u0103n\u0103tate, a interven\u0163iilor medicale propuse, a riscurilor poten\u0163iale ale fiec\u0103rei proceduri, a alternativelor existente la procedurile propuse, inclusiv asupra neefectu\u0103rii tratamentului \u015fi nerespect\u0103rii recomand\u0103rilor medicale, precum \u015fi cu privire la date despre diagnostic \u015fi prognostic.\u00a0 <\/em><\/p>\n<p><em>Art. 7<\/em><em> Pacientul are dreptul de a decide dac\u0103 mai dore\u015fte s\u0103 fie informat \u00een cazul \u00een care informa\u0163iile prezentate de c\u0103tre medic i-ar cauza suferin\u0163\u0103.\u00a0 <\/em><\/p>\n<p><em>\u00a0\u00a0\u00a0Art. 8 Informa\u0163iile se aduc la cuno\u015ftin\u0163\u0103 pacientului \u00eentr-un limbaj respectuos, clar, cu minimalizarea terminologiei de specialitate. \u00cen cazul \u00een care pacientul nu cunoa\u015fte limba rom\u00e2n\u0103, informa\u0163iile i se aduc la cuno\u015ftin\u0163\u0103 \u00een limba matern\u0103 ori \u00een limba pe care o cunoa\u015fte sau, dup\u0103 caz, se va c\u0103uta o alt\u0103 form\u0103 de comunicare.\u00a0Dac\u0103 pacientul nu este cet\u0103\u021bean roman, informa\u021biile I se aduc la cuno\u0219tin\u021b\u0103 \u00eentr-o limb\u0103 de circula\u021bie interna\u021bional\u0103 sau, dup\u0103 caz, se va c\u0103uta o alt\u0103 form\u0103 de Comunicare. <\/em><\/p>\n<p><em>Art. 9<\/em><em>\u00a0Pacientul are dreptul de a cere \u00een mod expres s\u0103 nu fie informat \u015fi de a alege o alt\u0103 persoan\u0103 care s\u0103 fie informat\u0103 \u00een locul s\u0103u.\u00a0 <\/em><\/p>\n<p><em>Art. 10<\/em><em>\u00a0Rudele \u015fi prietenii pacientului pot fi informa\u0163i despre evolu\u0163ia investiga\u0163iilor, diagnostic \u015fi tratament, cu acordul pacientului.\u00a0 <\/em><\/p>\n<p><em>Art. 11 <\/em><em>Pacientul are dreptul de a cere \u015fi de a ob\u0163ine o alt\u0103 opinie medical\u0103.\u00a0 <\/em><\/p>\n<p><em>Art. 12<\/em><em> Pacientul sau persoana desemnat\u0103 \u00een mod expres de acesta, conform prevederilor art. 9 \u015fi 10, are dreptul s\u0103 primeasc\u0103, la externare, un rezumat scris al investiga\u0163iilor, diagnosticului, tratamentului, \u00eengrijirilor acordate pe perioada spitaliz\u0103rii \u015fi, la cerere, o copie a \u00eenregistr\u0103rilor investiga\u0163iilor de \u00eenalt\u0103 performan\u0163\u0103, o singur\u0103 dat\u0103.<\/em><\/p>\n<p><strong><em>Consim\u0163\u0103m\u00e2ntul pacientului privind interven\u0163ia medical<\/em><\/strong><\/p>\n<p><em>Art. 13<\/em><em> Pacientul are dreptul s\u0103 refuze sau s\u0103 opreasc\u0103 o interven\u0163ie medical\u0103 asum\u00e2ndu-\u015fi, \u00een scris, r\u0103spunderea pentru decizia sa; consecin\u0163ele refuzului sau ale opririi actelor medicale trebuie explicate pacientului.\u00a0 <\/em><\/p>\n<p><em>Art. 14<\/em><em> C\u00e2nd pacientul nu \u00ee\u015fi poate exprima voin\u0163a, dar este necesar\u0103 o interven\u0163ie medical\u0103 de urgen\u0163\u0103, personalul medical are dreptul s\u0103 deduc\u0103 acordul pacientului dintr-o exprimare anterioar\u0103 a voin\u0163ei acestuia.\u00a0 <\/em><\/p>\n<p><em>Art. 15 <\/em><em>\u00cen cazul \u00een care pacientul necesit\u0103 o interven\u0163ie medical\u0103 de urgen\u0163\u0103, consim\u0163\u0103m\u00e2ntul reprezentantului legal nu mai este necesar.\u00a0 <\/em><\/p>\n<p><em>Art. 16<\/em><em> \u00cen cazul \u00een care se cere consim\u0163\u0103m\u00e2ntul reprezentantului legal, pacientul trebuie s\u0103 fie implicat \u00een procesul de luare a deciziei at\u00e2t c\u00e2t permite capacitatea lui de \u00een\u0163elegere.\u00a0 <\/em><\/p>\n<p><em>Art. 17(1)<\/em><em> \u00cen cazul \u00een care furnizorii de servicii medicale consider\u0103 c\u0103 interven\u0163ia este \u00een interesul pacientului, iar reprezentantul legal refuz\u0103 s\u0103 \u00ee\u015fi dea consim\u0163\u0103m\u00e2ntul, decizia este declinat\u0103 unei comisii de arbitraj de specialitate.\u00a0 <\/em><\/p>\n<p><em>\u00a0<\/em><\/p>\n<p><em>(2)<\/em><em> Comisia de arbitraj este constituit\u0103 din 3 medici pentru pacien\u0163ii interna\u0163i \u00een spitale \u015fi din 2 medici pentru pacien\u0163ii din ambulator.\u00a0 <\/em><\/p>\n<p><em>Art. 18<\/em><em>\u00a0Consim\u0163\u0103m\u00e2ntul pacientului este obligatoriu pentru recoltarea, p\u0103strarea, folosirea tuturor produselor biologice prelevate din corpul s\u0103u, \u00een vederea stabilirii diagnosticului sau a tratamentului cu care acesta este de acord.\u00a0 <\/em><\/p>\n<p><em>Art. 19<\/em><em> Consim\u0163\u0103m\u00e2ntul pacientului este obligatoriu \u00een cazul particip\u0103rii sale \u00een \u00eenv\u0103\u0163\u0103m\u00e2ntul medical clinic \u015fi la cercetarea \u015ftiin\u0163ific\u0103. Nu pot fi folosite pentru cercetare \u015ftiin\u0163ific\u0103 persoanele care nu sunt capabile s\u0103 \u00ee\u015fi exprime voin\u0163a, cu excep\u0163ia ob\u0163inerii consim\u0163\u0103m\u00e2ntului de la reprezentantul legal \u015fi dac\u0103 cercetarea este f\u0103cut\u0103 \u015fi \u00een interesul pacientului.\u00a0 <\/em><\/p>\n<p><em>Art. 20 <\/em><em>Pacientul nu poate fi fotografiat sau filmat \u00eentr-o unitate medical\u0103 f\u0103r\u0103 consim\u0163\u0103m\u00e2ntul s\u0103u, cu excep\u0163ia cazurilor \u00een care imaginile sunt necesare diagnosticului sau tratamentului \u015fi evit\u0103rii suspect\u0103rii unei culpe medicale.<\/p>\n<p><strong>Dreptul la confiden\u0163ialitatea informa\u0163iilor \u015fi via\u0163a privat\u0103 a pacientului<br \/>\n<\/strong>Art. 21\u00a0Toate informa\u0163iile privind starea pacientului, rezultatele investiga\u0163iilor, diagnosticul, prognosticul, tratamentul, datele personale sunt confiden\u0163iale chiar \u015fi dup\u0103 decesul acestuia.\u00a0 <\/em><\/p>\n<p><em>Art. 22<\/em><em>\u00a0Informa\u0163iile cu caracter confiden\u0163ial pot fi furnizate numai \u00een cazul \u00een care pacientul \u00ee\u015fi d\u0103 consim\u0163\u0103m\u00e2ntul explicit sau dac\u0103 legea o cere \u00een mod expres.\u00a0 <\/em><\/p>\n<p><em>Art. 23<\/em><em> \u00cen cazul \u00een care informa\u0163iile sunt necesare altor furnizori de servicii medicale acredita\u0163i, implica\u0163i \u00een tratamentul pacientului, acordarea consim\u0163\u0103m\u00e2ntului nu mai este obligatorie.\u00a0 <\/em><\/p>\n<p><em>Art. 24<\/em><em>\u00a0Pacientul are acces la datele medicale personale.\u00a0 <\/em><\/p>\n<p><em>Art. 25(1)<\/em><em> Orice amestec \u00een via\u0163a privat\u0103, familial\u0103 a pacientului este interzis, cu excep\u0163ia cazurilor \u00een care aceast\u0103 imixtiune influen\u0163eaz\u0103 pozitiv diagnosticul, tratamentul ori \u00eengrijirile acordate \u015fi numai cu consim\u0163\u0103m\u00e2ntul pacientului.\u00a0 <\/em><\/p>\n<p><em>(2)<\/em><em> Sunt considerate excep\u0163ii cazurile \u00een care pacientul reprezint\u0103 pericol pentru sine sau pentru s\u0103n\u0103tatea public\u0103.<\/p>\n<p><\/em><\/p>\n<p><strong><em>Drepturile pacientului \u00een domeniul reproducerii<br \/>\n<\/em><\/strong><em>Art. 26<\/em><em>\u00a0Dreptul femeii la via\u0163\u0103 prevaleaz\u0103 \u00een cazul \u00een care sarcina reprezint\u0103 un factor de risc major \u015fi imediat pentru via\u0163a mamei.\u00a0 <\/em><\/p>\n<p><em>Art. 27<\/em><em> Pacientul are dreptul la informa\u0163ii, educa\u0163ie \u015fi servicii necesare dezvolt\u0103rii unei vie\u0163i sexuale normale \u015fi s\u0103n\u0103t\u0103\u0163ii reproducerii, f\u0103r\u0103 nici o discriminare.\u00a0 <\/em><\/p>\n<p><em>Art. 28(1)<\/em><em> Dreptul femeii de a hot\u0103r\u00ee dac\u0103 s\u0103 aib\u0103 sau nu copii este garantat, cu excep\u0163ia cazului prev\u0103zut la <a href=\"act:45742%2012461371\">art. 26<\/a>.\u00a0 <\/em><\/p>\n<p><em>\u00a0\u00a0\u00a0\u00a0\u00a0\u00a0\u00a0\u00a0\u00a0 (2) Pacientul, prin serviciile de s\u0103n\u0103tate, are dreptul s\u0103 aleag\u0103 cele mai sigure metode privind s\u0103n\u0103tatea reproducerii.\u00a0 <\/em><\/p>\n<p><em>\u00a0\u00a0\u00a0\u00a0\u00a0\u00a0\u00a0\u00a0\u00a0 (3) Orice pacient are dreptul la metode de planificare familial\u0103 eficiente \u015fi lipsite de riscuri<\/em><\/p>\n<p><em>\u00a0 <\/em><\/p>\n<p><strong><em>Drepturile pacientului la tratament \u015fi \u00eengrijiri medicale<br \/>\n<\/em><\/strong><em>Art. 29(1)<\/em><em> \u00cen cazul \u00een care furnizorii sunt obliga\u0163i s\u0103 recurg\u0103 la selectarea pacien\u0163ilor pentru anumite tipuri de tratament care sunt disponibile \u00een num\u0103r limitat,selectarea se face numai pe baza criteriilor medicale.\u00a0 <\/em><\/p>\n<p><em>\u00a0\u00a0\u00a0\u00a0\u00a0\u00a0\u00a0\u00a0\u00a0 (2) Criteriile medicale privind selectarea pacien\u0163ilor pentru anumite tipuri de tratament se elaboreaz\u0103 de c\u0103tre Ministerul S\u0103n\u0103t\u0103\u0163ii \u015fi Familiei \u00een termen de 30 de zile de la data intr\u0103rii \u00een vigoare a prezentei legi \u015fi se aduc la cuno\u015ftin\u0163a publicului.\u00a0 <\/em><\/p>\n<p><em>Art. 30(1)<\/em><em> Interven\u0163iile medicale asupra pacientului se pot efectua numai dac\u0103 exist\u0103 condi\u0163iile de dotare necesare \u015fi personal acreditat.\u00a0 <\/em><\/p>\n<p><em>\u00a0\u00a0\u00a0\u00a0\u00a0\u00a0\u00a0\u00a0\u00a0 (2)<\/em><em> Se excepteaz\u0103 de la prevederile alin. (1) cazurile de urgen\u0163\u0103 ap\u0103rute \u00een situa\u0163ii extreme.\u00a0 <\/em><\/p>\n<p><em>Art. 31<\/em><em> Pacientul are dreptul la \u00eengrijiri terminale pentru a putea muri \u00een demnitate.\u00a0 <\/em><\/p>\n<p><em>Art. 32<\/em><em> Pacientul poate beneficia de sprijinul familiei, al prietenilor, de suport spiritual, material \u015fi de sfaturi pe tot parcursul \u00eengrijirilor medicale. La solicitarea pacientului, \u00een m\u0103sura posibilit\u0103\u0163ilor, mediul de \u00eengrijire \u015fi tratament va fi creat c\u00e2t mai aproape de cel familial.\u00a0 <\/em><\/p>\n<p><em>Art. 33<\/em><em>\u00a0Pacientul internat are dreptul \u015fi la servicii medicale acordate de c\u0103tre un medic acreditat din afara spitalului.\u00a0 <\/em><\/p>\n<p><em>Art. 34(1)<\/em><em> Personalul medical sau nemedical din unit\u0103\u0163ile sanitare nu are dreptul s\u0103 supun\u0103 pacientul nici unei forme de presiune pentru a-l determina pe acesta s\u0103 \u00eel recompenseze altfel dec\u00e2t prev\u0103d reglement\u0103rile de plat\u0103 legale din cadrul unit\u0103\u0163ii respective.\u00a0\u00a0 <\/em><\/p>\n<p><em>Art. 35(1)<\/em><em> Pacientul are dreptul la \u00eengrijiri medicale continue p\u00e2n\u0103 la ameliorarea st\u0103rii sale de s\u0103n\u0103tate sau p\u00e2n\u0103 la vindecare.\u00a0 <\/em><\/p>\n<p><em>\u00a0\u00a0\u00a0\u00a0\u00a0\u00a0\u00a0 \u00a0(2) Continuitatea \u00eengrijirilor se asigur\u0103 prin colaborarea \u015fi parteneriatul dintre diferitele unit\u0103\u0163i medicale publice \u015fi nepublice, spitalice\u015fti \u015fi ambulatorii, de specialitate sau de medicin\u0103 general\u0103, oferite de medici, cadre medii sau de alt personal calificat. Dup\u0103 externare pacien\u0163ii au dreptul la serviciile comunitare disponibile.\u00a0 <\/em><\/p>\n<p><em>Art. 36 Pacientul are dreptul s\u0103 beneficieze de asisten\u0163\u0103 medical\u0103 de urgen\u0163\u0103, de asisten\u0163\u0103 stomatologic\u0103 de urgen\u0163\u0103 \u015fi de servicii farmaceutice, \u00een program continuu.<\/em><\/p>\n","protected":false},"excerpt":{"rendered":"<p>Drepturile \u0219i obliga\u021biile pacien\u021bilor Pacien\u0163ii au dreptul la asisten\u0163\u0103 medical\u0103, at\u00e2t \u00een ambulatoriu, c\u00e2t \u015fi \u00een sec\u0163iile cu paturi, modul de adresabilitate, cheltuielile de asisten\u0163\u0103 fiind cele stabilite de regulamentul de organizare \u015fi func\u0163ionare. Ca beneficiari ai actului medical, pacien\u0163ii trebuie s\u0103 respecte normele de comportament \u00een unitatea sanitar\u0103, dup\u0103 cum urmeaz\u0103: pacien\u0163ii trebuie s\u0103 [&hellip;]<\/p>\n","protected":false},"author":4,"featured_media":0,"parent":11424,"menu_order":0,"comment_status":"closed","ping_status":"closed","template":"","meta":{"_acf_changed":false,"footnotes":""},"class_list":["post-11218","page","type-page","status-publish","hentry"],"acf":[],"_links":{"self":[{"href":"https:\/\/dipicdev.ro\/en\/wp-json\/wp\/v2\/pages\/11218","targetHints":{"allow":["GET"]}}],"collection":[{"href":"https:\/\/dipicdev.ro\/en\/wp-json\/wp\/v2\/pages"}],"about":[{"href":"https:\/\/dipicdev.ro\/en\/wp-json\/wp\/v2\/types\/page"}],"author":[{"embeddable":true,"href":"https:\/\/dipicdev.ro\/en\/wp-json\/wp\/v2\/users\/4"}],"replies":[{"embeddable":true,"href":"https:\/\/dipicdev.ro\/en\/wp-json\/wp\/v2\/comments?post=11218"}],"version-history":[{"count":1,"href":"https:\/\/dipicdev.ro\/en\/wp-json\/wp\/v2\/pages\/11218\/revisions"}],"predecessor-version":[{"id":12831,"href":"https:\/\/dipicdev.ro\/en\/wp-json\/wp\/v2\/pages\/11218\/revisions\/12831"}],"up":[{"embeddable":true,"href":"https:\/\/dipicdev.ro\/en\/wp-json\/wp\/v2\/pages\/11424"}],"wp:attachment":[{"href":"https:\/\/dipicdev.ro\/en\/wp-json\/wp\/v2\/media?parent=11218"}],"curies":[{"name":"wp","href":"https:\/\/api.w.org\/{rel}","templated":true}]}}