{"id":11216,"date":"2016-05-11T23:02:37","date_gmt":"2016-05-11T20:02:37","guid":{"rendered":"https:\/\/dipicdev.ro\/criterii-de-internare\/"},"modified":"2018-12-09T17:38:36","modified_gmt":"2018-12-09T15:38:36","slug":"medical-services-provided-in-hospital","status":"publish","type":"page","link":"https:\/\/dipicdev.ro\/en\/patient-infromation\/medical-services-provided-in-hospital\/","title":{"rendered":"Medical services provided in hospital"},"content":{"rendered":"<h3><strong>Servicii medicale acordate in asisten\u021b\u0103 medical\u0103 spitaliceasc\u0103<\/strong><\/h3>\n<p><b>\u00a0 Contractul-cadru reglementeaz\u0103 condi\u0163iile acord\u0103rii asisten\u0163ei medicale, a medicamentelor \u015fi a dispozitivelor medicale \u00een cadrul sistemului de asigur\u0103ri sociale de s\u0103n\u0103tate \u0219i prevede urm\u0103toarele:<\/b><\/p>\n<p><span style=\"font-weight: 400;\">PACHETUL MINIMAL DE SERVICII MEDICALE PENTRU ASISTEN\u0162A MEDICAL\u0102 SPITALICEASC\u0102\u00a0 <\/span><\/p>\n<p><span style=\"font-weight: 400;\">Pachetul minimal cuprinde servicii medicale acordate \u00een regim de spitalizare continu\u0103 \u015fi de zi \u015fi se acord\u0103 \u00een situa\u0163ia \u00een care pacientul nu poate dovedi calitatea de asigurat. Pentru aceste servicii medicale, furnizorii de servicii medicale spitalice\u015fti nu solicit\u0103 bilet de internare.\u00a0 <\/span><\/p>\n<p><span style=\"font-weight: 400;\">\u00a0\u00a0\u00a0<\/span><b>1.1<\/b><span style=\"font-weight: 400;\">. <\/span><b>Criteriile pe baza c\u0103rora se efectueaz\u0103 internarea pacien\u0163ilor \u00een regim de spitalizare<\/b> <b>continu\u0103<\/b><span style=\"font-weight: 400;\"> sunt:\u00a0 <\/span><\/p>\n<ol>\n<li><span style=\"font-weight: 400;\">a) urgen\u0163\u0103 medico-chirurgical\u0103 \u00een care este pus\u0103 \u00een pericol via\u0163a pacientului sau care are acest poten\u0163ial p\u00e2n\u0103 la rezolvarea situa\u0163iei de urgen\u0163\u0103;\u00a0 <\/span><\/li>\n<li><span style=\"font-weight: 400;\">b) boli cu poten\u0163ial endemoepidemic p\u00e2n\u0103 la rezolvarea complet\u0103 a cazului;\u00a0 <\/span><\/li>\n<li><span style=\"font-weight: 400;\">c) na\u015fterea.\u00a0 <\/span><\/li>\n<\/ol>\n<p><span style=\"font-weight: 400;\">\u00a0<\/span><b>\u00a0\u00a01.2. Criteriile pe baza c\u0103rora se efectueaz\u0103 internarea pacien\u0163ilor \u00een regim de spitalizare de zi <\/b><span style=\"font-weight: 400;\">sunt:\u00a0 <\/span><\/p>\n<ol>\n<li><span style=\"font-weight: 400;\">a) urgen\u0163\u0103 medico-chirurgical\u0103;\u00a0 <\/span><\/li>\n<li><span style=\"font-weight: 400;\">b) epidemiologic pentru bolnavii care necesit\u0103 tratament \u00een afec\u0163iuni care nu necesit\u0103 izolare.\u00a0 <\/span><\/li>\n<\/ol>\n<p><span style=\"font-weight: 400;\">\u00a0\u00a0<\/span><b>1.3. Pentru criteriul urgen\u0163\u0103 medico-chirurgical\u0103<\/b><span style=\"font-weight: 400;\">, spitalul acord\u0103 serviciile medicale av\u00e2nd obliga\u0163ia s\u0103 evalueze situa\u0163ia medical\u0103 a pacientului \u015fi s\u0103 \u00eel externeze dac\u0103 serviciile medicale de urgen\u0163\u0103 nu se mai justific\u0103. La solicitarea pacientului se poate continua internarea \u00een regim de spitalizare continu\u0103 cu suportarea cheltuielilor aferente serviciilor medicale spitalice\u015fti de c\u0103tre pacient pentru perioada \u00een care serviciile acordate nu mai reprezint\u0103 urgen\u0163\u0103.\u00a0 <\/span><\/p>\n<p><span style=\"font-weight: 400;\">PACHETUL DE SERVICII MEDICALE DE BAZ\u0102 PENTRU ASISTEN\u0162A MEDICAL\u0102 SPITALICEASC\u0102\u00a0 <\/span><\/p>\n<p><span style=\"font-weight: 400;\">Serviciile spitalice\u015fti sunt de tip preventiv, curativ, de recuperare medical\u0103, paliative \u015fi cuprind: consulta\u0163ii medicale de specialitate, investiga\u0163ii, tratamente medicale \u015fi\/sau chirurgicale, \u00eengrijire, medicamente, materiale sanitare, dispozitive medicale, cazare \u015fi mas\u0103, dup\u0103 caz, \u00een func\u0163ie de tipul de spitalizare.\u00a0 <\/span><\/p>\n<p><span style=\"font-weight: 400;\">\u00a0\u00a0\u00a0\u00cen func\u0163ie de durata de spitalizare, asisten\u0163a medical\u0103 spitaliceasc\u0103 se acord\u0103 \u00een regim de:\u00a0 <\/span><\/p>\n<ol>\n<li><span style=\"font-weight: 400;\">a) spitalizare continu\u0103;\u00a0 <\/span><\/li>\n<li><span style=\"font-weight: 400;\">b) spitalizare de zi.\u00a0<\/span><\/li>\n<\/ol>\n<p><span style=\"font-weight: 400;\">Asisten\u0163a medical\u0103 spitaliceasc\u0103 \u00een regim de spitalizare continu\u0103 cuprinde \u00eengrijiri de tip acut \u015fi \u00eengrijiri de tip cronic \u015fi se acord\u0103 cu respectarea urm\u0103toarelor <\/span><b>criterii de internare<\/b><span style=\"font-weight: 400;\">:\u00a0 <\/span><\/p>\n<ol>\n<li><span style=\"font-weight: 400;\">a) na\u015ftere;\u00a0 <\/span><\/li>\n<li><span style=\"font-weight: 400;\">b) urgen\u0163e medico-chirurgicale \u015fi situa\u0163iile \u00een care este pus\u0103 \u00een pericol via\u0163a pacientului sau care au acest poten\u0163ial, ce necesit\u0103 supraveghere medical\u0103 continu\u0103;\u00a0 <\/span><\/li>\n<li><span style=\"font-weight: 400;\">c) boli cu poten\u0163ial endemoepidemic care necesit\u0103 izolare \u015fi tratament;\u00a0 <\/span><\/li>\n<li><span style=\"font-weight: 400;\">d) bolnavi afla\u0163i sub inciden\u0163a <\/span><a href=\"about:blank\"><span style=\"font-weight: 400;\"> 109<\/span><\/a><span style=\"font-weight: 400;\">, <\/span><a href=\"about:blank\"><span style=\"font-weight: 400;\">110<\/span><\/a><span style=\"font-weight: 400;\">, <\/span><a href=\"about:blank\"><span style=\"font-weight: 400;\">124<\/span><\/a><span style=\"font-weight: 400;\"> \u015fi <\/span><a href=\"about:blank\"><span style=\"font-weight: 400;\">125<\/span><\/a><span style=\"font-weight: 400;\"> din Legea <\/span><a href=\"about:blank\"><span style=\"font-weight: 400;\">nr. 286\/2009<\/span><\/a><span style=\"font-weight: 400;\"> privind <\/span><a href=\"about:blank\"><span style=\"font-weight: 400;\">Codul penal<\/span><\/a><span style=\"font-weight: 400;\">, cu modific\u0103rile \u015fi complet\u0103rile ulterioare, \u015fi \u00een cazurile dispuse prin ordonan\u0163\u0103 a procurorului pe timpul judec\u0103rii sau urm\u0103ririi penale, care necesit\u0103 izolare ori internare obligatorie, \u015fi tratamentul persoanelor private de libertate pentru care instan\u0163a de judecat\u0103 a dispus executarea pedepsei \u00eentr-un penitenciar-spital, precum \u015fi tratamentul pacien\u0163ilor din penitenciare ale c\u0103ror afec\u0163iuni necesit\u0103 monitorizare \u015fi reevaluare \u00een cadrul penitenciarelor- spital; bolnavii care necesit\u0103 asisten\u0163\u0103 medical\u0103 spitaliceasc\u0103 de lung\u0103 durat\u0103 &#8211; ani;\u00a0 <\/span><\/li>\n<li><span style=\"font-weight: 400;\">e) afec\u0163iuni pentru care diagnosticul \u015fi\/sau tratamentul nu pot fi monitorizate \u00een ambulatoriu sau spitalizare de zi.\u00a0 <\/span><\/li>\n<\/ol>\n","protected":false},"excerpt":{"rendered":"<p>Servicii medicale acordate in asisten\u021b\u0103 medical\u0103 spitaliceasc\u0103 \u00a0 Contractul-cadru reglementeaz\u0103 condi\u0163iile acord\u0103rii asisten\u0163ei medicale, a medicamentelor \u015fi a dispozitivelor medicale \u00een cadrul sistemului de asigur\u0103ri sociale de s\u0103n\u0103tate \u0219i prevede urm\u0103toarele: PACHETUL MINIMAL DE SERVICII MEDICALE PENTRU ASISTEN\u0162A MEDICAL\u0102 SPITALICEASC\u0102\u00a0 Pachetul minimal cuprinde servicii medicale acordate \u00een regim de spitalizare continu\u0103 \u015fi de zi \u015fi [&hellip;]<\/p>\n","protected":false},"author":4,"featured_media":0,"parent":11424,"menu_order":0,"comment_status":"closed","ping_status":"closed","template":"","meta":{"_acf_changed":false,"footnotes":""},"class_list":["post-11216","page","type-page","status-publish","hentry"],"acf":[],"_links":{"self":[{"href":"https:\/\/dipicdev.ro\/en\/wp-json\/wp\/v2\/pages\/11216","targetHints":{"allow":["GET"]}}],"collection":[{"href":"https:\/\/dipicdev.ro\/en\/wp-json\/wp\/v2\/pages"}],"about":[{"href":"https:\/\/dipicdev.ro\/en\/wp-json\/wp\/v2\/types\/page"}],"author":[{"embeddable":true,"href":"https:\/\/dipicdev.ro\/en\/wp-json\/wp\/v2\/users\/4"}],"replies":[{"embeddable":true,"href":"https:\/\/dipicdev.ro\/en\/wp-json\/wp\/v2\/comments?post=11216"}],"version-history":[{"count":1,"href":"https:\/\/dipicdev.ro\/en\/wp-json\/wp\/v2\/pages\/11216\/revisions"}],"predecessor-version":[{"id":12842,"href":"https:\/\/dipicdev.ro\/en\/wp-json\/wp\/v2\/pages\/11216\/revisions\/12842"}],"up":[{"embeddable":true,"href":"https:\/\/dipicdev.ro\/en\/wp-json\/wp\/v2\/pages\/11424"}],"wp:attachment":[{"href":"https:\/\/dipicdev.ro\/en\/wp-json\/wp\/v2\/media?parent=11216"}],"curies":[{"name":"wp","href":"https:\/\/api.w.org\/{rel}","templated":true}]}}