{"id":11211,"date":"2016-05-11T23:02:48","date_gmt":"2016-05-11T20:02:48","guid":{"rendered":"https:\/\/dipicdev.ro\/conditii-de-internare\/"},"modified":"2018-12-09T17:37:03","modified_gmt":"2018-12-09T15:37:03","slug":"documents-needed-for-hospital-admission","status":"publish","type":"page","link":"https:\/\/dipicdev.ro\/en\/patient-infromation\/documents-needed-for-hospital-admission\/","title":{"rendered":"Documents needed for hospital admission"},"content":{"rendered":"<h3><strong>Documente necesare pentru internare:<\/strong><\/h3>\n<p><strong>1<\/strong>. <strong>Bilet de <em>trimitere<\/em><\/strong><em> pentru servicii medicale clinice<\/em><em>\/<\/em>bilet de internare de la medicul de familie\/medicul specialist din ambulatoriu sau<\/p>\n<p><strong>2<\/strong>. <strong>Scrisoare medical\u0103<\/strong> de la medicul specialist din Ambulatoriul Integrat al Spitalului Clinic Jude\u021bean de Urgen\u021b\u0103 T\u00e2rgu Mure\u0219 cu indica\u021bie de internare\/bilet de externare din sec\u021biile spitalului cu indica\u021bie de revenire pentru internare;<\/p>\n<p><strong>3<\/strong>. <strong>Act de identitate<\/strong>: buletin\/carte de identitate, certificat de na\u0219tere pentru copiii sub 14 ani (original \u0219i copie);<\/p>\n<p><strong>4<\/strong>. <strong>Cardul de s\u0103n\u0103tate<\/strong> (NEPREZENTAREA CARDULUI DE S\u0102N\u0102TATE OBLIG\u0102 PACIENTUL S\u0102 PL\u0102TEASC\u0102 CONTRAVALOAREA SERVICIILOR MEDICALE ACORDATE LA CASIERIA SPITALULUI);<\/p>\n<p><strong>5<\/strong>. <strong>Documente suplimentare pentru urm\u0103toarele categorii<\/strong>:<\/p>\n<p><strong>* Angaja\u0163i<\/strong>: Adeverin\u0163\u0103 de la locul de munc\u0103 din care s\u0103 reias\u0103 num\u0103rul de zile de concediu medical acordate \u00een ultimele 12 luni, anterioare intern\u0103rii.<\/p>\n<p><strong>* Pensionari<\/strong>: ultimul cupon de pensie.<\/p>\n<p>* <strong>Pentru ceta\u021beni str\u0103ini<\/strong>: pa\u0219aport\/act de identitate cu fotografie, card european de asigur\u0103ri de s\u0103n\u0103te, eventual permis de \u0219edere.<\/p>\n<p><strong>6<\/strong>. Eventuale documente medicale (bilet de externare, investiga\u021bii etc).<\/p>\n<p>&nbsp;<\/p>\n<p><strong>Preciz\u0103ri legate de cardul de s\u0103n\u0103tate<\/strong><\/p>\n<table>\n<tbody>\n<tr>\n<td width=\"39\"><strong>Nr.<\/strong><\/p>\n<p><strong>crt.<\/strong><\/td>\n<td width=\"327\"><strong>Categorie pacient<\/strong><\/td>\n<td width=\"350\"><strong>Documentul care trebuie prezentat de c\u0103tre pacient<\/strong><\/td>\n<\/tr>\n<tr>\n<td width=\"39\">1<\/td>\n<td width=\"327\">Asigura\u021bi c\u0103rora le-a fost emis cardul<\/td>\n<td width=\"350\">Card na\u021bional de asigurare de s\u0103n\u0103tate<\/td>\n<\/tr>\n<tr>\n<td width=\"39\">2<\/td>\n<td width=\"327\">Asigura\u021bi care refuz\u0103 cardul din motive religioase sau de con\u0219tiin\u021b\u0103<\/td>\n<td width=\"350\">Adeverin\u021b\u0103 de asigurat pentru persoanele care refuz\u0103 \u00een mod expres, din motive religioase sau de con\u0219tiin\u021b\u0103, primirea cardului na\u021bional de asigur\u0103ri sociale de s\u0103n\u0103tate (cu valabilitate de 3 luni de la data emiterii)<\/td>\n<\/tr>\n<tr>\n<td width=\"39\">3<\/td>\n<td width=\"327\">Asigura\u021bi c\u0103rora li s-a emis cardul de s\u0103n\u0103tate, dar nu-l pot prezenta din urm\u0103toarele motive: pierdere, deteriorare, furt sau cardul prezinta defec\u021biune tehnic\u0103<\/td>\n<td width=\"350\">Adeverin\u021ba de \u00eenlocuire a cardului na\u021bional de asigur\u0103ri sociale de s\u0103n\u0103tate p\u00e2n\u0103 la eliberarea cardului duplicat (cu valabilitate de 60 de zile de la data emiterii)<\/td>\n<\/tr>\n<tr>\n<td width=\"39\">4<\/td>\n<td width=\"327\">Asigura\u021bi care \u00een urma consult\u0103rii Platformei Informatice a Asigur\u0103rilor de S\u0103n\u0103tate (PIAS) rezult\u0103 c\u0103 nu au card emis<\/td>\n<td width=\"350\">Nu este necesar\u0103 prezentarea niciunui document. Se printeaz\u0103 rezultatul interog\u0103rii platformei PIAS<\/td>\n<\/tr>\n<tr>\n<td width=\"39\">5<\/td>\n<td width=\"327\">Persoane care prezint\u0103 card sau adeverin\u021b\u0103 de \u00eenlocuire, dar care \u00een urma consult\u0103rii Platformei PIAS rezult\u0103 c\u0103 nu sunt asigurate<\/td>\n<td width=\"350\">Se \u00eendrum\u0103 spre Casa de Asigur\u0103ri de S\u0103mn\u0103tate Mure\u0219 \u00een vederea ob\u021binerii statutului de asigurat. Acestea vor prezenta ulterior adeverin\u021ba de asigurat care certific\u0103 faptul c\u0103 persoana \u00een cauz\u0103 este asigurat\u0103 \u00een sistemul asigur\u0103rilor sociale din Romania.<\/td>\n<\/tr>\n<\/tbody>\n<\/table>\n","protected":false},"excerpt":{"rendered":"<p>Documente necesare pentru internare: 1. Bilet de trimitere pentru servicii medicale clinice\/bilet de internare de la medicul de familie\/medicul specialist din ambulatoriu sau 2. Scrisoare medical\u0103 de la medicul specialist din Ambulatoriul Integrat al Spitalului Clinic Jude\u021bean de Urgen\u021b\u0103 T\u00e2rgu Mure\u0219 cu indica\u021bie de internare\/bilet de externare din sec\u021biile spitalului cu indica\u021bie de revenire pentru [&hellip;]<\/p>\n","protected":false},"author":4,"featured_media":0,"parent":11424,"menu_order":0,"comment_status":"closed","ping_status":"closed","template":"","meta":{"_acf_changed":false,"footnotes":""},"class_list":["post-11211","page","type-page","status-publish","hentry"],"acf":[],"_links":{"self":[{"href":"https:\/\/dipicdev.ro\/en\/wp-json\/wp\/v2\/pages\/11211","targetHints":{"allow":["GET"]}}],"collection":[{"href":"https:\/\/dipicdev.ro\/en\/wp-json\/wp\/v2\/pages"}],"about":[{"href":"https:\/\/dipicdev.ro\/en\/wp-json\/wp\/v2\/types\/page"}],"author":[{"embeddable":true,"href":"https:\/\/dipicdev.ro\/en\/wp-json\/wp\/v2\/users\/4"}],"replies":[{"embeddable":true,"href":"https:\/\/dipicdev.ro\/en\/wp-json\/wp\/v2\/comments?post=11211"}],"version-history":[{"count":2,"href":"https:\/\/dipicdev.ro\/en\/wp-json\/wp\/v2\/pages\/11211\/revisions"}],"predecessor-version":[{"id":12830,"href":"https:\/\/dipicdev.ro\/en\/wp-json\/wp\/v2\/pages\/11211\/revisions\/12830"}],"up":[{"embeddable":true,"href":"https:\/\/dipicdev.ro\/en\/wp-json\/wp\/v2\/pages\/11424"}],"wp:attachment":[{"href":"https:\/\/dipicdev.ro\/en\/wp-json\/wp\/v2\/media?parent=11211"}],"curies":[{"name":"wp","href":"https:\/\/api.w.org\/{rel}","templated":true}]}}