{"id":11206,"date":"2016-05-11T23:03:55","date_gmt":"2016-05-11T20:03:55","guid":{"rendered":"https:\/\/dipicdev.ro\/informatii-privind-externarea\/"},"modified":"2018-12-09T17:37:58","modified_gmt":"2018-12-09T15:37:58","slug":"information-regarding-hospital-release","status":"publish","type":"page","link":"https:\/\/dipicdev.ro\/en\/patient-infromation\/information-regarding-hospital-release\/","title":{"rendered":"Information regarding hospital release"},"content":{"rendered":"<h3><strong>INFORMATII PRIVIND EXTERNAREA<\/strong><\/h3>\n<p>Medicul curant va aduce la cunostin\u021ba pacientului data extern\u0103rii cu cel pu\u021bin 24 ore \u00eenainte.<\/p>\n<p>Medicul curant informeaz\u0103 medicul de familie al asiguratului ori, dup\u0103 caz, medicul de specialitate din ambulatoriu, prin scrisoare medical\u0103 sau bilet de ie\u015fire din spital (acesta va con\u0163ine explicit toate elementele prev\u0103zute \u00een scrisoarea medical\u0103), transmise direct sau prin intermediul asiguratului, cu privire la diagnosticul stabilit, controalele, investiga\u0163iile, tratamentele efectuate \u015fi cu privire la alte informa\u0163ii referitoare la starea de s\u0103n\u0103tate a asiguratului.<\/p>\n<p>Actul medical efectuat se finalizeaz\u0103 inclusiv prin eliberarea \u00een ziua extern\u0103rii a prescrip\u0163iei medicale pentru medicamente cu sau f\u0103r\u0103 contribu\u0163ie personal\u0103 \u015fi, dup\u0103 caz, pentru unele materiale sanitare, recomandare dispozitive medicale sau \u00eengrijiri medicale la domiciliu, eliberarea de concedii medicale pentru incapacitate temporar\u0103 de munc\u0103, \u00een situa\u0163ia \u00een care concluziile examenului medical impun acest lucru.<\/p>\n","protected":false},"excerpt":{"rendered":"<p>INFORMATII PRIVIND EXTERNAREA Medicul curant va aduce la cunostin\u021ba pacientului data extern\u0103rii cu cel pu\u021bin 24 ore \u00eenainte. Medicul curant informeaz\u0103 medicul de familie al asiguratului ori, dup\u0103 caz, medicul de specialitate din ambulatoriu, prin scrisoare medical\u0103 sau bilet de ie\u015fire din spital (acesta va con\u0163ine explicit toate elementele prev\u0103zute \u00een scrisoarea medical\u0103), transmise direct [&hellip;]<\/p>\n","protected":false},"author":4,"featured_media":0,"parent":11424,"menu_order":0,"comment_status":"closed","ping_status":"closed","template":"","meta":{"_acf_changed":false,"footnotes":""},"class_list":["post-11206","page","type-page","status-publish","hentry"],"acf":[],"_links":{"self":[{"href":"https:\/\/dipicdev.ro\/en\/wp-json\/wp\/v2\/pages\/11206","targetHints":{"allow":["GET"]}}],"collection":[{"href":"https:\/\/dipicdev.ro\/en\/wp-json\/wp\/v2\/pages"}],"about":[{"href":"https:\/\/dipicdev.ro\/en\/wp-json\/wp\/v2\/types\/page"}],"author":[{"embeddable":true,"href":"https:\/\/dipicdev.ro\/en\/wp-json\/wp\/v2\/users\/4"}],"replies":[{"embeddable":true,"href":"https:\/\/dipicdev.ro\/en\/wp-json\/wp\/v2\/comments?post=11206"}],"version-history":[{"count":1,"href":"https:\/\/dipicdev.ro\/en\/wp-json\/wp\/v2\/pages\/11206\/revisions"}],"predecessor-version":[{"id":12835,"href":"https:\/\/dipicdev.ro\/en\/wp-json\/wp\/v2\/pages\/11206\/revisions\/12835"}],"up":[{"embeddable":true,"href":"https:\/\/dipicdev.ro\/en\/wp-json\/wp\/v2\/pages\/11424"}],"wp:attachment":[{"href":"https:\/\/dipicdev.ro\/en\/wp-json\/wp\/v2\/media?parent=11206"}],"curies":[{"name":"wp","href":"https:\/\/api.w.org\/{rel}","templated":true}]}}