{"id":11197,"date":"2016-05-12T16:52:29","date_gmt":"2016-05-12T13:52:29","guid":{"rendered":"https:\/\/dipicdev.ro\/despre-spital\/istoric-spital\/"},"modified":"2018-12-09T19:53:03","modified_gmt":"2018-12-09T17:53:03","slug":"history","status":"publish","type":"page","link":"https:\/\/dipicdev.ro\/en\/despre-noi\/history\/","title":{"rendered":"History"},"content":{"rendered":"<p class=\"western\" align=\"JUSTIFY\"><strong>Tirgu Mures Emergency Clinical County Hospital<\/strong> s history starts in 1975, when trough the Committee of Ministers Decision no. 141 from 22 February 1975 the technical and financial indicators for the construction of a new hospital are approved, under the name,, The Clinical Hospital with 1200 beds and ambulatory T\u00c2RGU MURE\u0218\u201d. The situated on the terrain delimitated by the Medicine and Pharmacy Institute, the Cornesti forest clearing, 7 November street (nowadays 22December 1989 street) at the North- Eastern side, the beneficiary being The Popular County Council Mures and the Mures Board of Health the coordinating architect being Emilian Machedon. The construction starts in 1975 and it is finished in 1981. Enabling was done gradually, as bellow:<\/p>\n<p class=\"western\" align=\"JUSTIFY\">\u2022Technical Services \u2013 AJIRAM March 20 1981- Kiss Mihai- Director and in charge of Technical Services Albert Alexandru<\/p>\n<p class=\"western\" align=\"JUSTIFY\">\u2022 Adult Ambulatory: Director &#8211; Gyorgy Pal MD, head of nursing department Viorica Giurconiu<\/p>\n<p class=\"western\" align=\"JUSTIFY\">\u2022 Pediatric Ambulatory: Director &#8211; . Liszka Paul MD, head of nursing department Berekmeri Katalin<\/p>\n<p class=\"western\" align=\"JUSTIFY\">\u2022 County hospital: the first clinical department which worked was the Obstetrics and Gynecology directed by prof. univ. Boga Coloman MD, and head of nursing department was Gabriela T\u0103tar.<\/p>\n<p class=\"western\" align=\"JUSTIFY\">In the fall of 1983 the hospital started to run at it entire capacity and at September 23 rd. it is officially inaugurated under the name <strong>Clinical County Hospital Mures<\/strong>, the first director being MD Mircea T\u00e2rn\u0103vean, deputy director of Health Board and the new hospital s coordinator.<\/p>\n<p class=\"western\" align=\"JUSTIFY\">To the founding of this hospital have contributed many medical personalities such as: prof. univ. Ioan Muntean \u2013 Health Board director, MD. Trozner Francisc \u2013 Health Board deputy Director, MD. Mirela Becu\u0219 \u2013 Health Board Director between 1977 -1990, prof. univ. Pu\u0219ka\u0219 Gheorghe, prof. univ. Fenke Francisc, prof. univ. Kerestely Ioan, prof. univ. Cornel Dudea, prof.univ. Muhlfay Vasile, prof. univ. Fodor Francisc, MD. Emil C\u0103p\u00e2ln\u0103, prof. univ. Mody Eugen, prof. univ.Liviu Popoviciu, prof. univ. Gh. Emilian Bancu, prof.univ. Doczi Pall, prof. univ. Cornel Ciugudeanu, prof. univ. Berdj Asgian, prof. univ. Radu Deac.<\/p>\n<p class=\"western\" align=\"JUSTIFY\">After 1995 local hospital medicine it is strongly developing, especially the following domains:<\/p>\n<p class=\"western\" align=\"JUSTIFY\">&#8211; Cardiovascular surgery led by univ. <span lang=\"fr-FR\">Radu Deac,<\/span><\/p>\n<p class=\"western\" align=\"JUSTIFY\">&#8211; Urology led by prof. univ. <span lang=\"fr-FR\">Dorin Nicolescu and prof. univ. dr. <\/span>Radu Boja,<\/p>\n<p class=\"western\" align=\"JUSTIFY\">&#8211; Nephrology led by assoc prof. Grigore Dogaru.<\/p>\n<p class=\"western\" align=\"JUSTIFY\"><a name=\"_GoBack\"><\/a> In 1991 the first computed tomography machine starts to operate, the director of the Radiology and Medical Imagistics being prof. univ. Grigore Stanciu, and since 2002 the second computed tomography machine and the first MRI start to function.<\/p>\n<p>&nbsp;<\/p>\n","protected":false},"excerpt":{"rendered":"<p>Tirgu Mures Emergency Clinical County Hospital s history starts in 1975, when trough the Committee of Ministers Decision no. 141 from 22 February 1975 the technical and financial indicators for the construction of a new hospital are approved, under the name,, The Clinical Hospital with 1200 beds and ambulatory T\u00c2RGU MURE\u0218\u201d. The situated on the [&hellip;]<\/p>\n","protected":false},"author":4,"featured_media":0,"parent":10319,"menu_order":2,"comment_status":"closed","ping_status":"closed","template":"","meta":{"_acf_changed":false,"footnotes":""},"class_list":["post-11197","page","type-page","status-publish","hentry"],"acf":[],"_links":{"self":[{"href":"https:\/\/dipicdev.ro\/en\/wp-json\/wp\/v2\/pages\/11197","targetHints":{"allow":["GET"]}}],"collection":[{"href":"https:\/\/dipicdev.ro\/en\/wp-json\/wp\/v2\/pages"}],"about":[{"href":"https:\/\/dipicdev.ro\/en\/wp-json\/wp\/v2\/types\/page"}],"author":[{"embeddable":true,"href":"https:\/\/dipicdev.ro\/en\/wp-json\/wp\/v2\/users\/4"}],"replies":[{"embeddable":true,"href":"https:\/\/dipicdev.ro\/en\/wp-json\/wp\/v2\/comments?post=11197"}],"version-history":[{"count":3,"href":"https:\/\/dipicdev.ro\/en\/wp-json\/wp\/v2\/pages\/11197\/revisions"}],"predecessor-version":[{"id":13224,"href":"https:\/\/dipicdev.ro\/en\/wp-json\/wp\/v2\/pages\/11197\/revisions\/13224"}],"up":[{"embeddable":true,"href":"https:\/\/dipicdev.ro\/en\/wp-json\/wp\/v2\/pages\/10319"}],"wp:attachment":[{"href":"https:\/\/dipicdev.ro\/en\/wp-json\/wp\/v2\/media?parent=11197"}],"curies":[{"name":"wp","href":"https:\/\/api.w.org\/{rel}","templated":true}]}}