{"id":11195,"date":"2016-05-12T16:53:38","date_gmt":"2016-05-12T13:53:38","guid":{"rendered":"https:\/\/dipicdev.ro\/despre-spital\/prezentare-generala\/"},"modified":"2025-11-20T19:28:57","modified_gmt":"2025-11-20T17:28:57","slug":"prezentare-generala","status":"publish","type":"page","link":"https:\/\/dipicdev.ro\/en\/prezentare-generala\/","title":{"rendered":"Prezentare general\u0103 \/ Despre noi"},"content":{"rendered":"<p data-start=\"244\" data-end=\"626\"><a href=\"https:\/\/www.spitalmures.ro\/wp-content\/uploads\/2025\/11\/spitalul-judetean-de-urgenta-mures-scaled.webp\" rel=\"nofollow noopener\" target=\"_blank\"><img loading=\"lazy\" decoding=\"async\" style=\"border-radius:20px;\" class=\"alignnone size-full wp-image-43730\" src=\"https:\/\/www.spitalmures.ro\/wp-content\/uploads\/2025\/11\/spitalul-judetean-de-urgenta-mures-scaled.webp\" alt=\"\" width=\"2560\" height=\"1220\" title=\"\"><\/a><\/p>\n<p data-start=\"244\" data-end=\"626\"><strong>Spitalul Clinic Jude\u0163ean de Urgen\u0163\u0103 T\u00e2rgu Mure\u015f este unitate sanitar\u0103 public\u0103 de interes local, regional \u015fi jude\u0163ean, care asigur\u0103 servicii medicale \u0219i func\u0163ioneaz\u0103 conform structurii organizatorice aprobate prin Ordinul ministrului s\u0103n\u0103t\u0103\u0163ii nr. 953\/2013 privind aprobarea structurii organizatorice a Spitalului Clinic Jude\u021bean de Urgen\u021b\u0103 T\u00e2rgu Mure\u0219, cu modific\u0103rile ulterioare.<\/strong><\/p>\n<p data-start=\"628\" data-end=\"1278\">Spitalul Clinic Jude\u0163ean de Urgen\u0163\u0103 T\u00e2rgu Mure\u015f este unitate sanitar\u0103 public\u0103 cu personalitate juridic\u0103, \u00een subordinea Ministerului S\u0103n\u0103t\u0103\u0163ii, fiind clasificat \u00een categoria I \u2013 nivel de competen\u0163\u0103 foarte \u00eenalt, prin Ordinul ministrului s\u0103n\u0103t\u0103\u0163ii nr. 310\/07.03.2013, \u00een conformitate cu dispozi\u0163iile Ordinului ministrului s\u0103n\u0103t\u0103\u0163ii nr. 1408\/2010 &#8211; privind aprobarea criteriilor de clasificare a spitalelor \u00een func\u0163ie de competen\u0163\u0103 \u015fi ale Ordinului ministrului s\u0103n\u0103t\u0103\u0163ii nr. 323\/2011 &#8211; privind aprobarea metodologiei \u015fi criteriilor minime obligatorii pentru clasificarea spitalelor \u00een func\u0163ie de competen\u0163\u0103, cu modific\u0103rile \u015fi complet\u0103rile ulterioare.<\/p>\n<p data-start=\"1280\" data-end=\"1819\">Preciz\u0103m c\u0103, prin Ordinul ministrului s\u0103n\u0103t\u0103\u0163ii nr. 1085\/2012 &#8211; privind m\u0103suri de organizare \u015fi func\u0163ionare a spitalelor regionale de urgen\u0163\u0103 \u015fi a unit\u0103\u0163ilor func\u0163ionale regionale de urgen\u0163\u0103, Spitalul Clinic Jude\u021bean de Urgen\u021b\u0103 T\u00e2rgu Mure\u0219 a fost inclus \u00een Unitatea Func\u0163ional\u0103 Regional\u0103 de Urgen\u0163\u0103 Mure\u015f al\u0103turi de structurile implicate \u00een asigurarea asisten\u0163ei medicale de urgen\u0163\u0103 \u015fi terapie intensiv\u0103 \u00een cardiologie \u015fi chirurgie cardiovascular\u0103 din cadrul Institutului de Urgen\u0163\u0103 pentru Boli Cardiovasculare \u015fi Transplant T\u00e2rgu Mure\u015f.<\/p>\n<p data-start=\"1821\" data-end=\"2525\">\u00cen acest context, unitatea noastr\u0103, \u00eempreun\u0103 cu structurile din cadrul Institutului de Urgen\u0163\u0103 pentru Boli Cardiovasculare \u015fi Transplant T\u00e2rgu Mure\u015f, \u00eendepline\u0219te cu caracter temporar, rolul de spital regional de urgen\u0163\u0103 cu nivel de competen\u0163\u0103 I A p\u00e2n\u0103 la atingerea nivelului de dezvoltare care s\u0103 permit\u0103 respectarea integral\u0103 a prevederilor Ordinului ministrului s\u0103n\u0103t\u0103\u0163ii publice nr. 1764\/2006 privind aprobarea criteriilor de clasificare a spitalelor de urgen\u0163\u0103 locale, jude\u0163ene \u015fi regionale din punctul de vedere al competen\u0163elor, resurselor materiale \u015fi umane \u015fi al capacit\u0103\u0163ii lor de a asigura asisten\u0163a medical\u0103 de urgen\u0163\u0103 \u015fi \u00eengrijirile medicale definitive pacien\u0163ilor afla\u0163i \u00een stare critic\u0103.<\/p>\n<p data-start=\"2527\" data-end=\"2669\">Unitatea sanitar\u0103 este \u00eencadrat\u0103 \u00een categoria IV-a \u201cAcreditat cu \u00eencredere redus\u0103\u201d conform Ordinului pre\u0219edintelui ANMCS nr. 222\/12.06.2019.<\/p>\n<p data-start=\"2671\" data-end=\"3182\">Sediul principal al Spitalului Clinic Jude\u021bean de Urgen\u021b\u0103 T\u00e2rgu Mure\u0219 este situat \u00een localitatea T\u00eergu-Mure\u0219, str. Gheorghe Marinescu nr. 50, jude\u021bul Mure\u0219, unde \u00ee\u0219i desf\u0103\u0219oar\u0103 activitatea majoritatea structurilor medicale \u0219i aparatul func\u021bional, \u0219i respectiv la loca\u021biile celor trei sec\u021bii exterioare, situate la adresele: T\u00eergu-Mure\u0219, str. Gh. Marinescu, nr. 34, jude\u021bul Mure\u0219; T\u00eergu-Mure\u0219, str. Revolu\u0163iei, nr. 33-35, jude\u021bul Mure\u0219; respectiv T\u00eergu-Mure\u0219, B-dul 1 Decembrie 1918, nr. 24, 40, jude\u021bul Mure\u0219.<\/p>\n<p data-start=\"3184\" data-end=\"3444\">Din punct de vedere al serviciilor medicale prestate, Spitalul Clinic Jude\u0163ean de Urgen\u0163\u0103 T\u00e2rgu Mure\u015f ofer\u0103 servicii medicale diagnostice, terapeutice, de preven\u0163ie \u015fi de recuperare. Activitatea primordial\u0103 a spitalului este acoperirea patologiei de urgen\u0163\u0103.<\/p>\n<p data-start=\"3446\" data-end=\"3546\">Spitalul Clinic Jude\u021bean de Urgen\u021b\u0103 T\u00e2rgu Mure\u0219 func\u021bioneaz\u0103 cu urm\u0103toarea structur\u0103 organizatoric\u0103:<\/p>\n<p data-start=\"3548\" data-end=\"4122\">a) <strong data-start=\"3551\" data-end=\"3595\">1.089 paturi pentru spitalizare continu\u0103<\/strong>, din care: 967 sunt alocate sec\u021biilor\/compartimentelor de tip acut; 40 paturi sunt alocate sec\u021biilor\/compartimentelor de tip cronic; 82 paturi sunt alocate sec\u021biilor ATI;<br data-start=\"3766\" data-end=\"3769\" \/>b) <strong data-start=\"3772\" data-end=\"3816\">12 paturi sunt alocate pentru \u00eenso\u021bitori<\/strong>;<br data-start=\"3817\" data-end=\"3820\" \/>c) <strong data-start=\"3823\" data-end=\"3863\">18 specialit\u0103\u021bi \u00een spitalizare de zi<\/strong>;<br data-start=\"3864\" data-end=\"3867\" \/>d) <strong data-start=\"3870\" data-end=\"3936\">24 de specialit\u0103\u021bi \u00een ambulatoriul integrat \u0219i de specialitate<\/strong>;<br data-start=\"3937\" data-end=\"3940\" \/>e) <strong data-start=\"3943\" data-end=\"3967\">servicii paraclinice<\/strong> (laborator analize medicale, imagistic\u0103 medical\u0103, anatomie patologic\u0103);<br data-start=\"4039\" data-end=\"4042\" \/>f) <strong data-start=\"4045\" data-end=\"4099\">servicii recuperare medicin\u0103 fizic\u0103 \u0219i balneologie<\/strong> (baz\u0103 de tratament).<\/p>\n<p data-start=\"4124\" data-end=\"4770\">Ativitatea medical\u0103 desf\u0103\u0219urat\u0103 \u00een spital se \u00eembin\u0103 permanent cu activitatea didactic\u0103, spitalul av\u00e2nd \u00eencheiate, anual, contracte de colaboare cu Universitatea de Medicin\u0103, Farmacie, \u0218tiin\u021be \u0219i Tehnologie \u201cGeorge Emil Palade\u201d T\u00e2rgu Mure\u0219 \u0219i \u0219colile sanitare &#8211; Liceul Teoretic \u201eGheorghe Marinescu\u201d T\u00e2rgu Mure\u0219, Liceul Voca\u021bional Reformat T\u00e2rgu Mure\u0219, Funda\u021bia Med Farm Speran\u021ba, Funda\u021bia Ecologic\u0103 Green \u2013 \u0218coala Postliceal\u0103 T\u00e2rgu Mure\u0219, \u0218coala Postliceal\u0103 \u201cDimitrie Cantemir\u201d, pentru asigurarea condi\u0163iilor necesare \u00een vederea form\u0103rii profesionale practice complete a viitorilor medici, farmaci\u0219ti, fiziokinetoterapeu\u021bi \u0219i asisten\u021bi medicali.<\/p>\n<p data-start=\"4772\" data-end=\"5105\">Misiunea spitalului, ca \u0219i spital clinic de urgen\u021b\u0103, este prestarea unui act medical de calitate, \u00eentr-un mediu sigur \u0219i confortabil, atunci c\u00e2nd pacien\u021bii au nevoie de serviciul medical, necesar a fi prestat de personal calificat cu preg\u0103tire continu\u0103, beneficiul fiind reprezentat de cele mai bune \u00eengrijiri adresate pacien\u021bilor.<\/p>\n<p data-start=\"5107\" data-end=\"5328\">Angajamentul unit\u0103\u021bii noastre sanitare a fost de la bun \u00eenceput \u015fi va r\u0103m\u00e2ne unul singur: <strong data-start=\"5197\" data-end=\"5246\">\u201cs\u0103 fim cei mai buni pentru o via\u0163\u0103 mai bun\u0103\u201d<\/strong>, din categoria spitalelor similare la nivel na\u021bional din Euroregiunea 7 Centru.<\/p>\n<p data-start=\"5330\" data-end=\"5640\">Viziunea conducerii Spitalului Clinic Jude\u021bean de Urgen\u021b\u0103 T\u00e2rgu Mure\u0219 este aceea de a fi un spital regional de prestigiu na\u021bional, dotat cu aparatur\u0103 \u0219i echipamente medicale de ultim\u0103 genera\u021bie, care s\u0103 contribuie la efectuarea unui act medical de cea mai \u00eenalt\u0103 calitate \u0219i prestat \u00een condi\u021bii de siguran\u021b\u0103.<\/p>\n<p data-start=\"5642\" data-end=\"6060\">Valorile comune sunt:<br data-start=\"5663\" data-end=\"5666\" \/>a) <strong data-start=\"5669\" data-end=\"5776\">respectarea dreptului la ocrotirea s\u0103n\u0103t\u0103\u0163ii a tuturor categoriilor de popula\u0163ie \u015fi egalit\u0103\u0163ii de \u015fanse<\/strong>;<br data-start=\"5777\" data-end=\"5780\" \/>b) <strong data-start=\"5783\" data-end=\"5837\">garantarea calit\u0103\u0163ii \u015fi siguran\u0163ei actului medical<\/strong>;<br data-start=\"5838\" data-end=\"5841\" \/>c) <strong data-start=\"5844\" data-end=\"5936\">asigurarea unei largi accesibilit\u0103\u0163i la servicii de urgen\u0163\u0103, ambulatorii \u015fi spitalice\u015fti<\/strong>;<br data-start=\"5937\" data-end=\"5940\" \/>d) <strong data-start=\"5943\" data-end=\"6057\">asigurarea unor standarde ridicate a competen\u0163elor profesionale precum \u015fi \u00eencurajarea dezvolt\u0103rii lor continue<\/strong>.<\/p>\n","protected":false},"excerpt":{"rendered":"<p>Spitalul Clinic Jude\u0163ean de Urgen\u0163\u0103 T\u00e2rgu Mure\u015f este unitate sanitar\u0103 public\u0103 de interes local, regional \u015fi jude\u0163ean, care asigur\u0103 servicii medicale \u0219i func\u0163ioneaz\u0103 conform structurii organizatorice aprobate prin Ordinul ministrului s\u0103n\u0103t\u0103\u0163ii nr. 953\/2013 privind aprobarea structurii organizatorice a Spitalului Clinic Jude\u021bean de Urgen\u021b\u0103 T\u00e2rgu Mure\u0219, cu modific\u0103rile ulterioare. Spitalul Clinic Jude\u0163ean de Urgen\u0163\u0103 T\u00e2rgu Mure\u015f [&hellip;]<\/p>\n","protected":false},"author":4,"featured_media":0,"parent":0,"menu_order":7,"comment_status":"closed","ping_status":"closed","template":"","meta":{"_acf_changed":false,"footnotes":""},"class_list":["post-11195","page","type-page","status-publish","hentry"],"acf":[],"_links":{"self":[{"href":"https:\/\/dipicdev.ro\/en\/wp-json\/wp\/v2\/pages\/11195","targetHints":{"allow":["GET"]}}],"collection":[{"href":"https:\/\/dipicdev.ro\/en\/wp-json\/wp\/v2\/pages"}],"about":[{"href":"https:\/\/dipicdev.ro\/en\/wp-json\/wp\/v2\/types\/page"}],"author":[{"embeddable":true,"href":"https:\/\/dipicdev.ro\/en\/wp-json\/wp\/v2\/users\/4"}],"replies":[{"embeddable":true,"href":"https:\/\/dipicdev.ro\/en\/wp-json\/wp\/v2\/comments?post=11195"}],"version-history":[{"count":4,"href":"https:\/\/dipicdev.ro\/en\/wp-json\/wp\/v2\/pages\/11195\/revisions"}],"predecessor-version":[{"id":44746,"href":"https:\/\/dipicdev.ro\/en\/wp-json\/wp\/v2\/pages\/11195\/revisions\/44746"}],"wp:attachment":[{"href":"https:\/\/dipicdev.ro\/en\/wp-json\/wp\/v2\/media?parent=11195"}],"curies":[{"name":"wp","href":"https:\/\/api.w.org\/{rel}","templated":true}]}}