{"id":11193,"date":"2016-05-12T16:56:23","date_gmt":"2016-05-12T13:56:23","guid":{"rendered":"https:\/\/dipicdev.ro\/consiliul-de-administratie\/"},"modified":"2023-01-03T12:30:00","modified_gmt":"2023-01-03T10:30:00","slug":"consiliul-de-administratie","status":"publish","type":"page","link":"https:\/\/dipicdev.ro\/en\/management\/consiliul-de-administratie\/","title":{"rendered":"Consiliul de administra\u021bie"},"content":{"rendered":"<h3><strong>REREZENTAN\u021aI AI MINISTERULUI S\u0102N\u0102T\u0102\u021aII<\/strong><\/h3>\n<h2>Membrii:<\/h2>\n<table width=\"888\">\n<tbody>\n<tr>\n<td width=\"292\"><strong>Prof. univ. dr. Tilinca Mariana Cornelia<\/strong><\/td>\n<td width=\"595\">Pre\u0219edinte CA;\u00a0Reprezentant Ministerul S\u0103n\u0103t\u0103\u021bii<\/td>\n<\/tr>\n<tr>\n<td width=\"292\"><strong>\u015eef lucr\u0103ri Dr. Strat Alexandru <\/strong><\/td>\n<td width=\"595\">Reprezentant Ministerul S\u0103n\u0103t\u0103\u021bii<\/td>\n<\/tr>\n<tr>\n<td width=\"292\"><strong>Dr. Moldovan Iuliu<\/strong><\/td>\n<td width=\"595\">Reprezentant Ministerul S\u0103n\u0103t\u0103\u021bii<\/td>\n<\/tr>\n<tr>\n<td width=\"292\"><strong>Prof. univ. dr. Br\u00eenzaniuc Klara<\/strong><\/td>\n<td width=\"595\">Reprezentant Universitatea de Medicin\u0103, Farmacie, \u015etiin\u0163e \u015fi Tehnologie \u201cGeorge Emil Palade\u201d T\u00e2rgu Mure\u015f<\/td>\n<\/tr>\n<tr>\n<td width=\"292\"><strong>Conf. Dr. Szasz Jozsef Atila<\/strong><\/td>\n<td width=\"595\">Reprezentant Consiliul Jude\u021bean Mure\u0219<\/td>\n<\/tr>\n<tr>\n<td width=\"292\"><strong>Conf. Univ. Dr. Moldovan Hora\u0163iu<\/strong><\/td>\n<td width=\"595\">Reprezentant Colegiul Jude\u0163ean al Medicilor Mure\u015f<\/td>\n<\/tr>\n<\/tbody>\n<\/table>\n<p>&nbsp;<\/p>\n<h2>Membrii suplean\u021bi:<\/h2>\n<table width=\"866\">\n<tbody>\n<tr>\n<td width=\"292\"><strong>Ec. Toma Lenu\u021ba Margareta<\/strong><\/td>\n<td width=\"574\">\u00a0Reprezentant Ministerul S\u0103n\u0103t\u0103\u021bii (DSP Mure\u0219)<\/td>\n<\/tr>\n<tr>\n<td width=\"292\"><strong>Dr. Uif\u0103lean Gabriela<\/strong><\/td>\n<td width=\"574\">\u00a0Reprezentant Ministerul S\u0103n\u0103t\u0103\u021bii (DSP Mure\u0219)<\/td>\n<\/tr>\n<tr>\n<td width=\"292\"><strong>Ec. Cordo\u0219 Rodica Simona<\/strong><\/td>\n<td width=\"574\">\u00a0Reprezentant Ministerul S\u0103n\u0103t\u0103\u021bii (DSP Mure\u0219)<\/td>\n<\/tr>\n<tr>\n<td width=\"292\"><strong>Prof. univ. dr. Bac\u00e2rea Vladimir<\/strong><\/td>\n<td width=\"574\">\u00a0Reprezentant Universitatea de Medicin\u0103, Farmacie, \u015etiin\u0163e \u015fi Tehnologie \u201cGeorge Emil Palade\u201d T\u00e2rgu Mure\u015f<\/td>\n<\/tr>\n<tr>\n<td width=\"292\"><strong>Pog\u0103cean Constantin<\/strong><\/td>\n<td width=\"574\">Reprezentant Consiliul Jude\u021bean Mure\u0219<\/td>\n<\/tr>\n<tr>\n<td width=\"292\"><strong>Prof. Dr. Sin Ileana Anca<\/strong><\/td>\n<td width=\"574\">Reprezentant Colegiul Jude\u0163ean al Medicilor Mure\u015f<\/td>\n<\/tr>\n<\/tbody>\n<\/table>\n<h3><strong style=\"font-size: 16px\">INVITA\u021aI PERMANEN\u021aI:<\/strong><\/h3>\n<table border=\"0\" cellspacing=\"5\" cellpadding=\"5\">\n<tbody>\n<tr>\n<td align=\"left\" valign=\"left\">\n<h5>Colegiul Jude\u021bean al Medicilor Mure\u0219:<\/h5>\n<\/td>\n<\/tr>\n<tr>\n<td align=\"left\" valign=\"middle\"><strong>Prof. Dr. Sin Ileana Anca<\/strong><\/td>\n<td align=\"left\" valign=\"middle\">Membru<\/td>\n<\/tr>\n<tr>\n<td align=\"left\" valign=\"middle\"><\/td>\n<td align=\"left\" valign=\"middle\"><\/td>\n<\/tr>\n<tr>\n<td align=\"left\" valign=\"left\">\n<h5>Ordinul Asisten\u021bilor Medicali Generali\u0219ti, Moa\u0219elor si Asisten\u021bilor Medicali din Rom\u00e2nia:<\/h5>\n<\/td>\n<\/tr>\n<tr>\n<td align=\"left\" valign=\"left\"><strong>Maior Ildiko Gabriela <\/strong><\/td>\n<td align=\"left\" valign=\"middle\">Membru<\/td>\n<\/tr>\n<tr>\n<td align=\"left\" valign=\"left\"><strong>Magos Imre Ervin <\/strong><\/td>\n<td align=\"left\" valign=\"middle\">Membru supleant<\/td>\n<\/tr>\n<tr>\n<td align=\"left\" valign=\"middle\">\n<h5>Sindicatul Sanitas T\u00e2rgu-Mure\u0219:<\/h5>\n<\/td>\n<\/tr>\n<tr>\n<td align=\"left\" valign=\"left\"><strong>Duca Claudia Henrietta<\/strong><\/td>\n<td align=\"left\" valign=\"middle\">Membru<\/td>\n<\/tr>\n<tr>\n<td align=\"left\" valign=\"left\"><strong>Bobric Anca<\/strong><\/td>\n<td align=\"left\" valign=\"middle\">Membru supleant<\/td>\n<\/tr>\n<tr>\n<td align=\"left\" valign=\"middle\">\n<h5>Sindicatul Solidaritatea Cluj<\/h5>\n<\/td>\n<\/tr>\n<tr>\n<td align=\"left\" valign=\"left\"><strong>Lirca \u00a0Viorica Felicia<br \/>\n<\/strong><\/td>\n<td align=\"left\" valign=\"middle\">Membru<\/td>\n<\/tr>\n<tr>\n<td align=\"left\" valign=\"left\"><strong>Dr. L\u0103zescu Bogdan <\/strong><\/td>\n<td align=\"left\" valign=\"middle\">Membru supleant<\/td>\n<\/tr>\n<\/tbody>\n<\/table>\n","protected":false},"excerpt":{"rendered":"<p>REREZENTAN\u021aI AI MINISTERULUI S\u0102N\u0102T\u0102\u021aII Membrii: Prof. univ. dr. Tilinca Mariana Cornelia Pre\u0219edinte CA;\u00a0Reprezentant Ministerul S\u0103n\u0103t\u0103\u021bii \u015eef lucr\u0103ri Dr. Strat Alexandru Reprezentant Ministerul S\u0103n\u0103t\u0103\u021bii Dr. Moldovan Iuliu Reprezentant Ministerul S\u0103n\u0103t\u0103\u021bii Prof. univ. dr. Br\u00eenzaniuc Klara Reprezentant Universitatea de Medicin\u0103, Farmacie, \u015etiin\u0163e \u015fi Tehnologie \u201cGeorge Emil Palade\u201d T\u00e2rgu Mure\u015f Conf. Dr. Szasz Jozsef Atila Reprezentant Consiliul Jude\u021bean [&hellip;]<\/p>\n","protected":false},"author":4,"featured_media":0,"parent":11426,"menu_order":0,"comment_status":"closed","ping_status":"closed","template":"","meta":{"_acf_changed":false,"footnotes":""},"class_list":["post-11193","page","type-page","status-publish","hentry"],"acf":[],"_links":{"self":[{"href":"https:\/\/dipicdev.ro\/en\/wp-json\/wp\/v2\/pages\/11193","targetHints":{"allow":["GET"]}}],"collection":[{"href":"https:\/\/dipicdev.ro\/en\/wp-json\/wp\/v2\/pages"}],"about":[{"href":"https:\/\/dipicdev.ro\/en\/wp-json\/wp\/v2\/types\/page"}],"author":[{"embeddable":true,"href":"https:\/\/dipicdev.ro\/en\/wp-json\/wp\/v2\/users\/4"}],"replies":[{"embeddable":true,"href":"https:\/\/dipicdev.ro\/en\/wp-json\/wp\/v2\/comments?post=11193"}],"version-history":[{"count":9,"href":"https:\/\/dipicdev.ro\/en\/wp-json\/wp\/v2\/pages\/11193\/revisions"}],"predecessor-version":[{"id":31214,"href":"https:\/\/dipicdev.ro\/en\/wp-json\/wp\/v2\/pages\/11193\/revisions\/31214"}],"up":[{"embeddable":true,"href":"https:\/\/dipicdev.ro\/en\/wp-json\/wp\/v2\/pages\/11426"}],"wp:attachment":[{"href":"https:\/\/dipicdev.ro\/en\/wp-json\/wp\/v2\/media?parent=11193"}],"curies":[{"name":"wp","href":"https:\/\/api.w.org\/{rel}","templated":true}]}}