{"id":11141,"date":"2016-05-17T18:31:30","date_gmt":"2016-05-17T15:31:30","guid":{"rendered":"https:\/\/dipicdev.ro\/colectivul-clinicii-2\/"},"modified":"2023-10-07T21:39:18","modified_gmt":"2023-10-07T18:39:18","slug":"colectivul-clinicii","status":"publish","type":"page","link":"https:\/\/dipicdev.ro\/en\/medical-activity\/sectiile-spitalului\/pediatrics-clinic\/colectivul-clinicii\/","title":{"rendered":"Structur\u0103 personal"},"content":{"rendered":"<h3 style=\"text-align: center;\"><strong>Structur\u0103 personal<\/strong><\/h3>\n<p style=\"text-align: center;\">Medic sef sectie: Prof. Univ. Dr. Marginean Cristina Oana &#8211; medic primar<br \/>\nAsistent sef sectie: Oltean Viorica &#8211; asistent principal pediatrie licentiat<\/p>\n<p style=\"text-align: center;\"><strong>Sec\u0163ia clinic\u00e3 Pediatrie -40 paturi<\/strong><\/p>\n<p style=\"text-align: center;\"><strong>&#8211;\u00a0\u00a0\u00a0 \u00a0Comp.Pediatrie\u00a0\u00a0\u00a0\u00a0\u00a0\u00a0\u00a0\u00a0\u00a0\u00a0\u00a0\u00a0\u00a0\u00a0\u00a0\u00a0 15 paturi<\/strong><br \/>\n<strong>&#8211;\u00a0\u00a0\u00a0\u00a0 Comp.gastroenterologie\u00a0\u00a0\u00a0\u00a0 6 paturi <\/strong><br \/>\n<strong>&#8211;\u00a0\u00a0\u00a0\u00a0 Comp.Imunoalergologie\u00a0\u00a0\u00a0\u00a0 6 paturi<\/strong><br \/>\n<strong>&#8211;\u00a0\u00a0\u00a0\u00a0 Comp.Oncohematologie\u00a0\u00a0 \u00a0\u00a06 paturi<\/strong><br \/>\n<strong>&#8211;\u00a0\u00a0\u00a0\u00a0 Comp.Nefrologie\u00a0\u00a0\u00a0\u00a0\u00a0\u00a0\u00a0\u00a0\u00a0\u00a0\u00a0\u00a0\u00a0\u00a0 \u00a0\u00a04 paturi<\/strong><br \/>\n<strong>&#8211;\u00a0\u00a0\u00a0\u00a0 Comp.Diabet\u00a0\u00a0\u00a0\u00a0\u00a0\u00a0\u00a0\u00a0\u00a0\u00a0\u00a0\u00a0\u00a0\u00a0\u00a0\u00a0\u00a0\u00a0\u00a0\u00a0\u00a0\u00a0 \u00a03 paturi<\/strong><\/p>\n<p style=\"text-align: center;\"><strong>LISTA PERSONALULUI MEDICAL<\/strong><\/p>\n<p style=\"text-align: center;\"><strong>DOTAREA SECTIEI<\/strong><\/p>\n<p>&nbsp;<\/p>\n<table border=\"1\" width=\"661\" cellspacing=\"0\" cellpadding=\"0\" align=\"center\">\n<tbody>\n<tr>\n<td width=\"61\"><strong>\u00a0<\/strong><strong>Nr.crt.<\/strong><\/td>\n<td width=\"211\"><strong>Numele si prenumele<\/strong><\/td>\n<td width=\"162\"><strong>\u00a0<\/strong><strong>Functia<\/strong><\/td>\n<td width=\"227\"><strong>\u00a0<\/strong><strong>Specialitate<\/strong><\/td>\n<\/tr>\n<tr>\n<td width=\"61\">1<\/td>\n<td width=\"211\">M\u00e3rginean Cristina Oana<\/td>\n<td width=\"162\">Medic primar -sef sectie<\/td>\n<td width=\"227\">Pediatrie<\/p>\n<p>Gastroenterologie<\/p>\n<p>Endoscopie digestiva<\/p>\n<p>Ultrasonografie<\/td>\n<\/tr>\n<tr>\n<td width=\"61\">2<\/td>\n<td width=\"211\">Balas Borka Reka<\/td>\n<td width=\"162\">Medic primar<\/td>\n<td width=\"227\">Pediatrie<\/td>\n<\/tr>\n<tr>\n<td width=\"61\">3<\/td>\n<td width=\"211\">Bucur Gabriela<\/td>\n<td width=\"162\">Medic primar<\/td>\n<td width=\"227\">Pediatrie<\/td>\n<\/tr>\n<tr>\n<td width=\"61\">4<\/td>\n<td width=\"211\">C\u00e3p\u00eelna Br\u00eendu\u015fa Ruxandra<\/td>\n<td width=\"162\">Medic primar<\/td>\n<td width=\"227\">Pediatrie<\/p>\n<p>Imunalergologie<\/td>\n<\/tr>\n<tr>\n<td width=\"61\">5<\/td>\n<td width=\"211\">Ciomo\u015f Traian<\/td>\n<td width=\"162\">Medic primar<\/td>\n<td width=\"227\">Pediatrie<\/td>\n<\/tr>\n<tr>\n<td width=\"61\">6<\/td>\n<td width=\"211\">Chince\u015fan Mihaela Ioana<\/td>\n<td width=\"162\">Medic primar<\/td>\n<td width=\"227\">Pediatrie<\/p>\n<p>Hematooncologie<\/td>\n<\/tr>\n<tr>\n<td width=\"61\">7<\/td>\n<td width=\"211\">Munteanu Carmen<\/td>\n<td width=\"162\">Medic primar<\/td>\n<td width=\"227\">Pediatrie<\/p>\n<p>Nefrologie<\/td>\n<\/tr>\n<tr>\n<td width=\"61\">8<\/td>\n<td width=\"211\">Grama Alina<\/td>\n<td width=\"162\">Medic primar<\/td>\n<td width=\"227\">Pediatrie<\/p>\n<p>Diabet<\/td>\n<\/tr>\n<tr>\n<td width=\"61\">9<\/td>\n<td width=\"211\">Man Lidia<\/td>\n<td width=\"162\">Medic primar<\/td>\n<td width=\"227\">Pediatrie<\/p>\n<p>Reumatologie<\/td>\n<\/tr>\n<tr>\n<td width=\"61\">10<\/td>\n<td width=\"211\">Pitea Anamaria<\/td>\n<td width=\"162\">Medic primar<\/td>\n<td width=\"227\">Pediatrie<\/td>\n<\/tr>\n<tr>\n<td width=\"61\">11<\/td>\n<td width=\"211\">Meli\u0163 Lorena Elena<\/td>\n<td width=\"162\">Medic Primar<\/td>\n<td width=\"227\">Pediatrie<\/td>\n<\/tr>\n<tr>\n<td width=\"61\">12<\/td>\n<td width=\"211\">Dinc\u00e3 Andreea<\/td>\n<td width=\"162\">Medic Specialist<\/td>\n<td width=\"227\">Pediatrie<\/td>\n<\/tr>\n<tr>\n<td width=\"61\">13<\/td>\n<td width=\"211\">S\u00e3s\u00e3ran Oana Maria<\/td>\n<td width=\"162\">Medic Specialist<\/td>\n<td width=\"227\">Pediatrie<\/td>\n<\/tr>\n<tr>\n<td width=\"61\">14<\/td>\n<td width=\"211\">Maris Adina<\/td>\n<td width=\"162\">Psiholog clinician<\/td>\n<td width=\"227\"><\/td>\n<\/tr>\n<tr>\n<td width=\"61\">15<\/td>\n<td width=\"211\">Oltean Viorica<\/td>\n<td width=\"162\">Asist.princip.pediatrie-\u015fef sectie<\/td>\n<td width=\"227\"><\/td>\n<\/tr>\n<tr>\n<td width=\"61\">16<\/td>\n<td width=\"211\">Aldea Margareta Maria<\/td>\n<td width=\"162\">Asist.princip.pediatrie<\/td>\n<td width=\"227\"><\/td>\n<\/tr>\n<tr>\n<td width=\"61\">17<\/td>\n<td width=\"211\">Benyoczki Maria<\/td>\n<td width=\"162\">Asist.princip.pediatrie<\/td>\n<td width=\"227\"><\/td>\n<\/tr>\n<tr>\n<td width=\"61\">18<\/td>\n<td width=\"211\">Ciuca Iftinia<\/td>\n<td width=\"162\">Asist.princip.pediatrie<\/td>\n<td width=\"227\"><\/td>\n<\/tr>\n<tr>\n<td width=\"61\">19<\/td>\n<td width=\"211\">Chindri\u015f\u00a0 Mihaela<\/td>\n<td width=\"162\">Asist.princ. generalist<\/td>\n<td width=\"227\"><\/td>\n<\/tr>\n<tr>\n<td width=\"61\">20<\/td>\n<td width=\"211\">Chiril\u00e3 Andreea<\/td>\n<td width=\"162\">Asistent medical gen.<\/td>\n<td width=\"227\"><\/td>\n<\/tr>\n<tr>\n<td width=\"61\">21<\/td>\n<td width=\"211\">Cotoar\u00e3 Olivia<\/td>\n<td width=\"162\">Asist.princ. generalist<\/td>\n<td width=\"227\"><\/td>\n<\/tr>\n<tr>\n<td width=\"61\">22<\/td>\n<td width=\"211\">Cr\u00e3ciun Bianca<\/td>\n<td width=\"162\">Asist.princ. generalist<\/td>\n<td width=\"227\"><\/td>\n<\/tr>\n<tr>\n<td width=\"61\">23<\/td>\n<td width=\"211\">Doja Elena<\/td>\n<td width=\"162\">Asist.princip.pediatrie<\/td>\n<td width=\"227\"><\/td>\n<\/tr>\n<tr>\n<td width=\"61\">24<\/td>\n<td width=\"211\">Denes Zsuzsanna<\/td>\n<td width=\"162\">Asistent medical gen.<\/td>\n<td width=\"227\"><\/td>\n<\/tr>\n<tr>\n<td width=\"61\">25<\/td>\n<td width=\"211\">Ghidiu Dana<\/td>\n<td width=\"162\">Asistent medical gen.<\/td>\n<td width=\"227\"><\/td>\n<\/tr>\n<tr>\n<td width=\"61\">26<\/td>\n<td width=\"211\">Hanc Ioana Ibolya<\/td>\n<td width=\"162\">Asist.princ. generalist<\/td>\n<td width=\"227\"><\/td>\n<\/tr>\n<tr>\n<td width=\"61\">27<\/td>\n<td width=\"211\">Iaroi Elena Minodora<\/td>\n<td width=\"162\">Asist.princip.pediatrie<\/td>\n<td width=\"227\"><\/td>\n<\/tr>\n<tr>\n<td width=\"61\">28<\/td>\n<td width=\"211\">Iurian Claudia<\/td>\n<td width=\"162\">Asist. princ.generalist<\/td>\n<td width=\"227\"><\/td>\n<\/tr>\n<tr>\n<td width=\"61\">29<\/td>\n<td width=\"211\">Matyus Ilona<\/td>\n<td width=\"162\">Asist.princip.pediatrie<\/td>\n<td width=\"227\"><\/td>\n<\/tr>\n<tr>\n<td width=\"61\">30<\/td>\n<td width=\"211\">Mo\u015fneag Adriana<\/td>\n<td width=\"162\">Asist. princ.generalist<\/td>\n<td width=\"227\"><\/td>\n<\/tr>\n<tr>\n<td width=\"61\">31<\/td>\n<td width=\"211\">Niomati Petra<\/td>\n<td width=\"162\">Asistent medical gen.<\/td>\n<td width=\"227\"><\/td>\n<\/tr>\n<tr>\n<td width=\"61\">32<\/td>\n<td width=\"211\">Orosz Gabriella Maria<\/td>\n<td width=\"162\">Asist.princ. generalist<\/td>\n<td width=\"227\"><\/td>\n<\/tr>\n<tr>\n<td width=\"61\">33<\/td>\n<td width=\"211\">S\u00e3b\u00e3dean Elena<\/td>\n<td width=\"162\">Asist.princip.pediatrie<\/td>\n<td width=\"227\"><\/td>\n<\/tr>\n<tr>\n<td width=\"61\">34<\/td>\n<td width=\"211\">Socol Mariana Angela<\/td>\n<td width=\"162\">Asist.princip.pediatrie<\/td>\n<td width=\"227\"><\/td>\n<\/tr>\n<tr>\n<td width=\"61\">35<\/td>\n<td width=\"211\">\u015e\u00e3ulean Georgeta<\/td>\n<td width=\"162\">Asist.princip.pediatrie<\/td>\n<td width=\"227\"><\/td>\n<\/tr>\n<tr>\n<td width=\"61\">36<\/td>\n<td width=\"211\">\u015eeulean Mihaela<\/td>\n<td width=\"162\">Asistent medical gen.<\/td>\n<td width=\"227\"><\/td>\n<\/tr>\n<tr>\n<td width=\"61\">37<\/td>\n<td width=\"211\">Biro Laura Marieta<\/td>\n<td width=\"162\">Reg. medical principal<\/td>\n<td width=\"227\"><\/td>\n<\/tr>\n<tr>\n<td width=\"61\">38<\/td>\n<td width=\"211\">Linca Cornelia<\/td>\n<td width=\"162\">Reg. medical principal<\/td>\n<td width=\"227\"><\/td>\n<\/tr>\n<tr>\n<td width=\"61\">39<\/td>\n<td width=\"211\">Beldean Nicoleta<\/td>\n<td width=\"162\">Infirmier\u00e3<\/td>\n<td width=\"227\"><\/td>\n<\/tr>\n<tr>\n<td width=\"61\">40<\/td>\n<td width=\"211\">Bogacs Iulia<\/td>\n<td width=\"162\">Infirmier\u00e3<\/td>\n<td width=\"227\"><\/td>\n<\/tr>\n<tr>\n<td width=\"61\">41<\/td>\n<td width=\"211\">Gyorgy Iulia<\/td>\n<td width=\"162\">Infirmier\u00e3<\/td>\n<td width=\"227\"><\/td>\n<\/tr>\n<tr>\n<td width=\"61\">42<\/td>\n<td width=\"211\">Kardos Krisztinna<\/td>\n<td width=\"162\">Infirmier\u00e3<\/td>\n<td width=\"227\"><\/td>\n<\/tr>\n<tr>\n<td width=\"61\">43<\/td>\n<td width=\"211\">M\u00e3rginean L\u00e3cr\u00e3mioara D.<\/td>\n<td width=\"162\">Infirmier\u00e3<\/td>\n<td width=\"227\"><\/td>\n<\/tr>\n<tr>\n<td width=\"61\">44<\/td>\n<td width=\"211\">Sim Andreea Claudia<\/td>\n<td width=\"162\">Infirmier\u00e3<\/td>\n<td width=\"227\"><\/td>\n<\/tr>\n<tr>\n<td width=\"61\">45<\/td>\n<td width=\"211\">Some\u015fan Angela<\/td>\n<td width=\"162\">Infirmier\u00e3<\/td>\n<td width=\"227\"><\/td>\n<\/tr>\n<tr>\n<td width=\"61\">46<\/td>\n<td width=\"211\">\u015eandor Daniela Aurelia<\/td>\n<td width=\"162\">Infirmier\u00e3<\/td>\n<td width=\"227\"><\/td>\n<\/tr>\n<tr>\n<td width=\"61\">47<\/td>\n<td width=\"211\">Anghelina Paulina<\/td>\n<td width=\"162\">\u00cengrijitoare<\/td>\n<td width=\"227\"><\/td>\n<\/tr>\n<tr>\n<td width=\"61\">48<\/td>\n<td width=\"211\">C\u00eempean Elena<\/td>\n<td width=\"162\">\u00cengrijitoare<\/td>\n<td width=\"227\"><\/td>\n<\/tr>\n<tr>\n<td width=\"61\">49<\/td>\n<td width=\"211\">Moldovan Nagy Eniko<\/td>\n<td width=\"162\">\u00cengrijitoare<\/td>\n<td width=\"227\"><\/td>\n<\/tr>\n<tr>\n<td width=\"61\">50<\/td>\n<td width=\"211\">Mur\u00e3\u015fan Liliana<\/td>\n<td width=\"162\">\u00cengrijitoare<\/td>\n<td width=\"227\"><\/td>\n<\/tr>\n<tr>\n<td width=\"61\">51<\/td>\n<td width=\"211\">Mure\u015fan Dorina<\/td>\n<td width=\"162\">\u00cengrijitoare<\/td>\n<td width=\"227\"><\/td>\n<\/tr>\n<tr>\n<td width=\"61\">52<\/td>\n<td width=\"211\">Purcar Elena<\/td>\n<td width=\"162\">\u00cengrijitoare<\/td>\n<td width=\"227\"><\/td>\n<\/tr>\n<tr>\n<td width=\"61\">53<\/td>\n<td width=\"211\">R\u00eetea Angela<\/td>\n<td width=\"162\">\u00cengrijitoare<\/td>\n<td width=\"227\"><\/td>\n<\/tr>\n<tr>\n<td width=\"61\">54<\/td>\n<td width=\"211\">\u015etefan Maria<\/td>\n<td width=\"162\">\u00cengrijitoare<\/td>\n<td width=\"227\"><\/td>\n<\/tr>\n<\/tbody>\n<\/table>\n<p style=\"text-align: center;\"><strong>DOTAREA SECTIEI<\/strong><\/p>\n<table border=\"1\" cellspacing=\"0\" cellpadding=\"0\" align=\"center\">\n<tbody>\n<tr>\n<td width=\"569\">Analizor ABL 80 Flex Coox<\/td>\n<\/tr>\n<tr>\n<td width=\"569\">Videogastroscop Olimpus pediatric<\/td>\n<\/tr>\n<tr>\n<td width=\"569\">Aparat (ionoforeza)pentru determinarea fibrozei chistice ,Nanoduct<\/td>\n<\/tr>\n<tr>\n<td width=\"569\">Videocolonoscop\u00a0\u00a0 Olimpus<\/td>\n<\/tr>\n<tr>\n<td width=\"569\">Ecografe de inalta performanta LOGIO S8 R3<\/td>\n<\/tr>\n<tr>\n<td width=\"569\">Cabinet de protectie citostatica Berner<\/td>\n<\/tr>\n<tr>\n<td width=\"569\">Spirometru<\/td>\n<\/tr>\n<tr>\n<td width=\"569\">Holter pentru monitorizarea TA<\/td>\n<\/tr>\n<tr>\n<td width=\"569\">Electrocardiograf cu 12 canale<\/td>\n<\/tr>\n<\/tbody>\n<\/table>\n<p>&nbsp;<\/p>\n<p><strong>Consulturi si servicii medicale efectuate in\u00a0 clinica Pediatrie I:<\/strong><\/p>\n<p><strong>1. Consulturi in domeniul<\/strong> :<\/p>\n<ul>\n<li><strong>A.<\/strong> Pediatrie<\/li>\n<li><strong>B.<\/strong> Gastroenterologie pediatrica<\/li>\n<li><strong>C.<\/strong> Imunoalergologie pediatrica<\/li>\n<li><strong>D.<\/strong> Reumatologie pediatrica<\/li>\n<li><strong>E.<\/strong> Oncohematologie pediatrica<\/li>\n<li><strong>F.<\/strong> Nefrologie pediatrica<\/li>\n<\/ul>\n<p><strong>2. Servicii medicale<\/strong>:<\/p>\n<p><strong>A<\/strong>. Ecografie generala<\/p>\n<p>Ecografie transfontanelara<\/p>\n<p>Ecografie pereti moi<\/p>\n<p>Gastroscopie<\/p>\n<p>Colonoscopie<\/p>\n<p>Screening PKU,hipotiroidism,boli de malabsorbtie,boli metabolice,boli<\/p>\n<p>rare<\/p>\n<p><strong>B<\/strong>.\u00a0 Spirometrie<\/p>\n<p>Teste de efort<\/p>\n<p>Testul sudorii<\/p>\n<p>&#8211; teste cu pilocarpina<\/p>\n<p>Teste cutanate (panel standard)<\/p>\n<p>Teste paraclinice imunologice<\/p>\n<p><strong>C<\/strong>. Indicatii de tratament in reumatologia pediatrica<\/p>\n<p>Initierea si intocmirea Referatului de justificare pentru aprobarea<\/p>\n<p>tratamentului cu imunosupresoare in Artrita Juvenila idiopatica<\/p>\n<p><strong>D.<\/strong> Prelevare de produse biologice pentru diagnosticarea bolilor hematooncologice.<\/p>\n<p>Chimioterapie intravenoasa si intratecala.<\/p>\n<p>Tratamentul hemofiliei<\/p>\n<p>Tratament imunosupresiv in bolile hematologice.<\/p>\n<p>Tratament de substitutie cu produse de sange.<\/p>\n<p>Monitorizarea pacientilor cu afectiuni hematooncologice<\/p>\n<p><strong>E.<\/strong> Consiliere nutitionala<\/p>\n<p>Teste pentru diagnosticarea infectiei cu Helicobacter Pylori<\/p>\n<ul>\n<li>antigen Hp din scaun<\/li>\n<li>test rapid Hp<\/li>\n<\/ul>\n<p>Teste pentru diagnosticarea Celiakiei<\/p>\n<ul>\n<li>teste antiendomisium<\/li>\n<li>teste antigliadina,transglutaminaza<\/li>\n<\/ul>\n<p>Teste pentru hepatite autoimmune+hepatite cronice la copil<\/p>\n<ul>\n<li>serologie LK,SLK<\/li>\n<\/ul>\n<p><strong>F.<\/strong> Urografie intravenoasa<\/p>\n<p>Retrocistografie mictionala<\/p>\n<p>Scintigrafie renala<\/p>\n<p>&nbsp;<\/p>\n<p>Monitorizare complexa pediatrica,gastroenterologie pediatrica,imunalergologie pediatrica,nefrologie pediatrica,hematooncologie pediatrica,reumatologie pediatrica.<\/p>\n<p>Teste de biologie moleculara in celiakie,fibroza chistica,intoleranta la lactoza .<\/p>\n<p>Evaluarea si monitorizarea copilului cu tulburari nutritionale(malnutritie,obe-<\/p>\n<p>zitate).<\/p>\n<p>Teste genetice in tulburarile nutritionaleale copilului.<\/p>\n","protected":false},"excerpt":{"rendered":"<p>Structur\u0103 personal Medic sef sectie: Prof. Univ. Dr. Marginean Cristina Oana &#8211; medic primar Asistent sef sectie: Oltean Viorica &#8211; asistent principal pediatrie licentiat Sec\u0163ia clinic\u00e3 Pediatrie -40 paturi &#8211;\u00a0\u00a0\u00a0 \u00a0Comp.Pediatrie\u00a0\u00a0\u00a0\u00a0\u00a0\u00a0\u00a0\u00a0\u00a0\u00a0\u00a0\u00a0\u00a0\u00a0\u00a0\u00a0 15 paturi &#8211;\u00a0\u00a0\u00a0\u00a0 Comp.gastroenterologie\u00a0\u00a0\u00a0\u00a0 6 paturi &#8211;\u00a0\u00a0\u00a0\u00a0 Comp.Imunoalergologie\u00a0\u00a0\u00a0\u00a0 6 paturi &#8211;\u00a0\u00a0\u00a0\u00a0 Comp.Oncohematologie\u00a0\u00a0 \u00a0\u00a06 paturi &#8211;\u00a0\u00a0\u00a0\u00a0 Comp.Nefrologie\u00a0\u00a0\u00a0\u00a0\u00a0\u00a0\u00a0\u00a0\u00a0\u00a0\u00a0\u00a0\u00a0\u00a0 \u00a0\u00a04 paturi &#8211;\u00a0\u00a0\u00a0\u00a0 Comp.Diabet\u00a0\u00a0\u00a0\u00a0\u00a0\u00a0\u00a0\u00a0\u00a0\u00a0\u00a0\u00a0\u00a0\u00a0\u00a0\u00a0\u00a0\u00a0\u00a0\u00a0\u00a0\u00a0 \u00a03 paturi LISTA PERSONALULUI [&hellip;]<\/p>\n","protected":false},"author":4,"featured_media":0,"parent":11375,"menu_order":20,"comment_status":"closed","ping_status":"closed","template":"","meta":{"_acf_changed":false,"footnotes":""},"class_list":["post-11141","page","type-page","status-publish","hentry"],"acf":[],"_links":{"self":[{"href":"https:\/\/dipicdev.ro\/en\/wp-json\/wp\/v2\/pages\/11141","targetHints":{"allow":["GET"]}}],"collection":[{"href":"https:\/\/dipicdev.ro\/en\/wp-json\/wp\/v2\/pages"}],"about":[{"href":"https:\/\/dipicdev.ro\/en\/wp-json\/wp\/v2\/types\/page"}],"author":[{"embeddable":true,"href":"https:\/\/dipicdev.ro\/en\/wp-json\/wp\/v2\/users\/4"}],"replies":[{"embeddable":true,"href":"https:\/\/dipicdev.ro\/en\/wp-json\/wp\/v2\/comments?post=11141"}],"version-history":[{"count":4,"href":"https:\/\/dipicdev.ro\/en\/wp-json\/wp\/v2\/pages\/11141\/revisions"}],"predecessor-version":[{"id":34610,"href":"https:\/\/dipicdev.ro\/en\/wp-json\/wp\/v2\/pages\/11141\/revisions\/34610"}],"up":[{"embeddable":true,"href":"https:\/\/dipicdev.ro\/en\/wp-json\/wp\/v2\/pages\/11375"}],"wp:attachment":[{"href":"https:\/\/dipicdev.ro\/en\/wp-json\/wp\/v2\/media?parent=11141"}],"curies":[{"name":"wp","href":"https:\/\/api.w.org\/{rel}","templated":true}]}}