{"id":11080,"date":"2016-05-17T19:30:31","date_gmt":"2016-05-17T16:30:31","guid":{"rendered":"https:\/\/dipicdev.ro\/activitate-didactica-si-stiintifica-2\/"},"modified":"2018-12-09T18:24:52","modified_gmt":"2018-12-09T16:24:52","slug":"teaching-and-scientific-activity","status":"publish","type":"page","link":"https:\/\/dipicdev.ro\/en\/medical-activity\/sectiile-spitalului\/oral-and-maxillofacial-surgery-clinic\/teaching-and-scientific-activity\/","title":{"rendered":"Teaching and scientific activity"},"content":{"rendered":"<h3><strong>Activitate didactic\u0103 \u0219i stiin\u021bific\u0103<\/strong><\/h3>\n<p>Sec\u021bia Clinic\u0103 Chirurgie Oral\u0103 \u0219i Maxilo-Facial\u0103 este un important centru de preg\u0103tire postuniversitar\u0103, unde sub \u00eendrumarea atent\u0103 a colectivului clinicii (cadre didactice UMF), medicii \u00een specialitatea chirurgie oral\u0103 \u0219i maxilo facial\u0103 \u015fi dento-alveolari sunt preg\u0103ti\u0163i \u00een\u00a0 profesia de chirurg; totodat\u0103, se asigur\u0103 stagii de preg\u0103tire \u00een cadrul altor specialit\u0103\u0163i (ORL, neuro-chirurgie, parodontologie, protetic\u0103 dentar\u0103, endodon\u0163ie, etc)<\/p>\n<p>&nbsp;<\/p>\n<p>Fiind sec\u021bie clinic\u0103 activitatea didactic\u0103 este foarte bogat\u0103 cuprinz\u00e2nd cursuri, lucr\u0103ri practice \u015fi stagii, cu studen\u0163ii de la Universitatea de Medicin\u0103 \u015fi Farmacie Tg. \u00a0Mure\u015f: Medicin\u0103 Dentar\u0103 \u2013 Sec\u0163ia Roman\u0103, Maghiar\u0103 si\u00a0 Englez\u0103, Medicin\u0103 General\u0103 \u2013 Sec\u0163ia Roman\u0103, Maghiar\u0103 si\u00a0 Englez\u0103, Colegiul de Tehnic\u0103 Dentar\u0103 \u0219i Master Tehnic\u0103 Dentar\u0103.<\/p>\n<p>Astfel, se pot aminti urm\u0103toarele:<\/p>\n<ul>\n<li>an III MD \u2013 Anestezia loco-regional\u0103 \u015fi general\u0103<\/li>\n<li>an IV MD \u2013 Chirurgie dento-alveolar\u0103 (alveolotomii, rezec\u0163ii, premolarizari); Radiodiagnostic oro-dentar;<\/li>\n<li>an V MD \u2013 Chirurgie OMF \u2013 incluzii dentare, infec\u0163ii OMF, traumatisme OMF, sinuzite maxilare odontogene, nevralgii trigeminale<\/li>\n<li>an V MD \u2013 Implante dentare<\/li>\n<li>an VI MD \u2013 Chirurgie OMF \u2013 chisturi, tumori benigne si maligne ale p\u0103r\u0163ilor moi si osoase, patologia glandelor salivare, patologia ATM, despic\u0103turi congenitale LMP<\/li>\n<li>an VI MD \u2013 Urgen\u0163e medicale: func\u0163ii vitale, tratamente de urgen\u0163\u0103, administrare medicamente im, iv \u2013 \u015focul, alergii<\/li>\n<li>an III MG \u2013 Chirurgie OMF<\/li>\n<li>an III Tehnic\u0103 Dentar\u0103 \u2013 Tehnologia confec\u0163ion\u0103rii aparatelor dento- maxilare<\/li>\n<li>Master Tehnic\u0103 Dentar\u0103 \u2013 No\u021biuni de baz\u0103 \u00een Implantologie oral\u0103.<\/li>\n<\/ul>\n<p>Ca activitate stiin\u0163ific\u0103, sec\u021bia prin colectivul de medici (cadre didactice UMF cu integrare clinic\u0103) organizeaz\u0103 diferite cursuri post-universitare, congrese, conferin\u0163e, work-shop-uri; particip\u0103 activ la realizarea de lucr\u0103ri stiin\u0163ifice (publicate sau prezentate la conferin\u0163e), dar si la lucr\u0103rile de diplom\u0103 a stude\u0163ilor \u015fi de doctorat.<br \/>\nDe asemenea, medicii sec\u0163iei fac parte din urm\u0103toarele organiza\u021bii: Societatea Rom\u00e2n\u0103 de Chirurgie Cranio-Maxilo-Facial\u0103 (SRCCMF); Societatea European\u0103 de Chirurgie Cranio-Maxilo-Facial\u0103 (CCMFES); Colegiul Medicilor Denti\u015fti Mure\u015f (CMDR), Colegiul Medicilor Mure\u015f (CMR), etc.<\/p>\n","protected":false},"excerpt":{"rendered":"<p>Activitate didactic\u0103 \u0219i stiin\u021bific\u0103 Sec\u021bia Clinic\u0103 Chirurgie Oral\u0103 \u0219i Maxilo-Facial\u0103 este un important centru de preg\u0103tire postuniversitar\u0103, unde sub \u00eendrumarea atent\u0103 a colectivului clinicii (cadre didactice UMF), medicii \u00een specialitatea chirurgie oral\u0103 \u0219i maxilo facial\u0103 \u015fi dento-alveolari sunt preg\u0103ti\u0163i \u00een\u00a0 profesia de chirurg; totodat\u0103, se asigur\u0103 stagii de preg\u0103tire \u00een cadrul altor specialit\u0103\u0163i (ORL, neuro-chirurgie, [&hellip;]<\/p>\n","protected":false},"author":4,"featured_media":0,"parent":11394,"menu_order":20,"comment_status":"closed","ping_status":"closed","template":"","meta":{"_acf_changed":false,"footnotes":""},"class_list":["post-11080","page","type-page","status-publish","hentry"],"acf":[],"_links":{"self":[{"href":"https:\/\/dipicdev.ro\/en\/wp-json\/wp\/v2\/pages\/11080","targetHints":{"allow":["GET"]}}],"collection":[{"href":"https:\/\/dipicdev.ro\/en\/wp-json\/wp\/v2\/pages"}],"about":[{"href":"https:\/\/dipicdev.ro\/en\/wp-json\/wp\/v2\/types\/page"}],"author":[{"embeddable":true,"href":"https:\/\/dipicdev.ro\/en\/wp-json\/wp\/v2\/users\/4"}],"replies":[{"embeddable":true,"href":"https:\/\/dipicdev.ro\/en\/wp-json\/wp\/v2\/comments?post=11080"}],"version-history":[{"count":2,"href":"https:\/\/dipicdev.ro\/en\/wp-json\/wp\/v2\/pages\/11080\/revisions"}],"predecessor-version":[{"id":13004,"href":"https:\/\/dipicdev.ro\/en\/wp-json\/wp\/v2\/pages\/11080\/revisions\/13004"}],"up":[{"embeddable":true,"href":"https:\/\/dipicdev.ro\/en\/wp-json\/wp\/v2\/pages\/11394"}],"wp:attachment":[{"href":"https:\/\/dipicdev.ro\/en\/wp-json\/wp\/v2\/media?parent=11080"}],"curies":[{"name":"wp","href":"https:\/\/api.w.org\/{rel}","templated":true}]}}