{"id":11072,"date":"2016-05-17T19:38:19","date_gmt":"2016-05-17T16:38:19","guid":{"rendered":"https:\/\/dipicdev.ro\/colectivul-clinicii-2\/"},"modified":"2023-10-08T15:49:44","modified_gmt":"2023-10-08T12:49:44","slug":"colectivul-clinicii","status":"publish","type":"page","link":"https:\/\/dipicdev.ro\/en\/medical-activity\/sectiile-spitalului\/oral-and-maxillofacial-surgery-clinic\/colectivul-clinicii\/","title":{"rendered":"Structur\u0103 personal"},"content":{"rendered":"<p style=\"text-align: center;\"><strong> PERSONAL SECTIA CLINICA CHIRURGIE ORALA SI MAXILO-FACIALA &#8211; 25 PATURI<\/strong><br \/>\nCl\u0103dire B-dul 1 Decembrie nr. 24<br \/>\n<strong>\u015eef Sec\u0163ie Clinic\u0103 Chir. OMF<\/strong> \u015eef Lucr. Dr. CECILIA PETROVAN &#8211; Medic Primar Chir. OMF<br \/>\n<strong>Medic coordonator B.O.V.Chir.OMF<\/strong> Dr. DIANA NEKULA &#8211; Medic Primar Chir. OMF<br \/>\n<strong>Asistent\u0103 \u015eef\u0103<\/strong> &#8211; MOLDOVAN GIANINA<\/p>\n<p style=\"text-align: center;\"><strong>SEC\u0162IE CLINIC\u0102 CHIRURGIE ORAL\u0102 \u0219i MAXILO- FACIAL\u0102<\/strong><\/p>\n<table border=\"1\" width=\"795\" cellspacing=\"0\" cellpadding=\"0\" align=\"center\">\n<tbody>\n<tr>\n<td width=\"42\">1<\/td>\n<td width=\"250\">\u015eef Lucr. Dr.Petrovan Cecilia<\/td>\n<td width=\"278\">medic primar chirurg OMF<\/td>\n<td width=\"225\">\u015eEF CLINIC\u0102<\/td>\n<\/tr>\n<tr>\n<td>2<\/td>\n<td>Moldovan Gianina Simona<\/td>\n<td>as.med.principal generalist<\/td>\n<td>ASISTENT \u015eEF<\/td>\n<\/tr>\n<tr>\n<td>3<\/td>\n<td>Conferen\u0163iar Dr. Ormeni\u015fan Alina<\/td>\n<td>medic primar chirurg OMF<\/td>\n<td>MEDIC<\/td>\n<\/tr>\n<tr>\n<td>4<\/td>\n<td>Dr.Nekula Diana<\/td>\n<td>medic primar chirurg OMF<\/td>\n<td>MEDIC<\/td>\n<\/tr>\n<tr>\n<td>5<\/td>\n<td>Dr.Iacob Alina<\/td>\n<td>medic primar chirurg OMF<\/td>\n<td>MEDIC<\/td>\n<\/tr>\n<tr>\n<td>6<\/td>\n<td>Dr.Cosarc\u0103 Adina<\/td>\n<td>medic primar chirurg OMF<\/td>\n<td>MEDIC<\/td>\n<\/tr>\n<tr>\n<td>7<\/td>\n<td>Dr.Bogozi Balint<\/td>\n<td>medic specialist chirurg OMF<\/td>\n<td>MEDIC<\/td>\n<\/tr>\n<tr>\n<td>8<\/td>\n<td>Dr.Szava Daniel<\/td>\n<td>medic specialist chirurg OMF<\/td>\n<td>MEDIC<\/td>\n<\/tr>\n<tr>\n<td>9<\/td>\n<td>Dr.Golu Vlad<\/td>\n<td>medic specialist chirurg OMF( doar g\u0103rzi)<\/td>\n<td>MEDIC<\/td>\n<\/tr>\n<tr>\n<td>10<\/td>\n<td>Dr.Bereczki Temistocle Despina<\/td>\n<td>medic specialist chirurg OMF( doar g\u0103rzi)<\/td>\n<td>MEDIC<\/td>\n<\/tr>\n<tr>\n<td>11<\/td>\n<td>Dr.Tegla Carmen<\/td>\n<td>medic specialist chirurg OMF( doar g\u0103rzi)<\/td>\n<td>MEDIC<\/td>\n<\/tr>\n<tr>\n<td>12<\/td>\n<td>Benedekfi Eniko<\/td>\n<td>as.med.principal<\/td>\n<td>ASISTENT MEDICAL<\/td>\n<\/tr>\n<tr>\n<td>13<\/td>\n<td>Bock Erika<\/td>\n<td>as.med.principal<\/td>\n<td>ASISTENT MEDICAL<\/td>\n<\/tr>\n<tr>\n<td>14<\/td>\n<td>Cozma Camelia<\/td>\n<td>as.med.principal<\/td>\n<td>ASISTENT MEDICAL<\/td>\n<\/tr>\n<tr>\n<td>15<\/td>\n<td>F\u0103g\u0103ras Maria<\/td>\n<td>as.med.principal<\/td>\n<td>ASISTENT MEDICAL<\/td>\n<\/tr>\n<tr>\n<td>16<\/td>\n<td>Maier Camelia<\/td>\n<td>as.med.principal<\/td>\n<td>ASISTENT MEDICAL<\/td>\n<\/tr>\n<tr>\n<td>17<\/td>\n<td>Negrea D\u0103nut<\/td>\n<td>as.med.principal<\/td>\n<td>ASISTENT MEDICAL<\/td>\n<\/tr>\n<tr>\n<td>18<\/td>\n<td>Radu Raul<\/td>\n<td>as.med.<\/td>\n<td>ASISTENT MEDICAL<\/td>\n<\/tr>\n<tr>\n<td>19<\/td>\n<td>Suciu Katalin<\/td>\n<td>as.med.principal<\/td>\n<td>ASISTENT MEDICAL<\/td>\n<\/tr>\n<tr>\n<td>20<\/td>\n<td>Csatlo\u0219 Adelina<\/td>\n<td>as.med.radiologie<\/td>\n<td>RADIOLOGIE \u2013 PUNCT DE LUCRU<\/td>\n<\/tr>\n<tr>\n<td>21<\/td>\n<td>Incze Aurel Alin<\/td>\n<td><\/td>\n<td>TEHNICIAN DENTAR<\/td>\n<\/tr>\n<tr>\n<td>22<\/td>\n<td>Horgo\u0219 Mariana<\/td>\n<td><\/td>\n<td>INFIRMIERA<\/td>\n<\/tr>\n<tr>\n<td>23<\/td>\n<td>Kereke\u0219 Gyongyke<\/td>\n<td><\/td>\n<td>INFIRMIERA<\/td>\n<\/tr>\n<tr>\n<td>24<\/td>\n<td>Moldovan Mihaela<\/td>\n<td><\/td>\n<td>INFIRMIERA<\/td>\n<\/tr>\n<tr>\n<td>25<\/td>\n<td>Rus Viorica<\/td>\n<td><\/td>\n<td>INFIRMIERA<\/td>\n<\/tr>\n<tr>\n<td>26<\/td>\n<td>Boldi Anna<\/td>\n<td><\/td>\n<td>\u00ceNGRIJITOARE DE CUR\u0102\u021aENIE<\/td>\n<\/tr>\n<tr>\n<td>27<\/td>\n<td>Ferenczi Monica<\/td>\n<td><\/td>\n<td>\u00ceNGRIJITOARE DE CUR\u0102\u021aENIE<\/td>\n<\/tr>\n<tr>\n<td>28<\/td>\n<td>Markus Erzsebet<\/td>\n<td><\/td>\n<td>\u00ceNGRIJITOARE DE CUR\u0102\u021aENIE<\/td>\n<\/tr>\n<tr>\n<td>29<\/td>\n<td>Rende\u0219 Eva<\/td>\n<td><\/td>\n<td>\u00ceNGRIJITOARE DE CUR\u0102\u021aENIE<\/td>\n<\/tr>\n<tr>\n<td>30<\/td>\n<td>Vlaicu Cristina<\/td>\n<td><\/td>\n<td>\u00ceNGRIJITOARE DE CUR\u0102\u021aENIE<\/td>\n<\/tr>\n<tr>\n<td>31<\/td>\n<td>Radu Virgil<\/td>\n<td><\/td>\n<td>BRANCARDIER<\/td>\n<\/tr>\n<tr>\n<td>32<\/td>\n<td>Takacs Mihaly<\/td>\n<td><\/td>\n<td>BRANCARDIER<\/td>\n<\/tr>\n<tr>\n<td>33<\/td>\n<td>Gorog Adina<\/td>\n<td><\/td>\n<td>REGISTRATOR MEDICAL<\/td>\n<\/tr>\n<tr>\n<td>34<\/td>\n<td>\u0218tefan Camelia<\/td>\n<td><\/td>\n<td>REGISTRATOR MEDICAL<\/td>\n<\/tr>\n<\/tbody>\n<\/table>\n<p>&nbsp;<\/p>\n<p style=\"text-align: center;\"><strong>COMPARTIMENT ATI- saloane TIIP( integrat sec\u021biei)<\/strong><\/p>\n<table border=\"1\" width=\"795\" cellspacing=\"0\" cellpadding=\"0\" align=\"center\">\n<tbody>\n<tr>\n<td width=\"42\">1<\/td>\n<td width=\"250\">Dr. Coman Lia Ildiko<\/td>\n<td width=\"278\">medic primar ATI<\/td>\n<td width=\"225\">MEDIC<\/td>\n<\/tr>\n<tr>\n<td>2<\/td>\n<td>Dr. Sebestyen Adorjan<\/td>\n<td>medic primar ATI<\/td>\n<td>MEDIC<\/td>\n<\/tr>\n<tr>\n<td>3<\/td>\n<td>Bold Cristina<\/td>\n<td>as.med.principal<\/td>\n<td>ASISTENTA<\/td>\n<\/tr>\n<tr>\n<td>4<\/td>\n<td>Mihaly Schiller Andreea<\/td>\n<td>as.med.principal<\/td>\n<td>ASISTENTA<\/td>\n<\/tr>\n<tr>\n<td>5<\/td>\n<td>M\u0103rginean Elvira<\/td>\n<td><\/td>\n<td>INFIRMIERA<\/td>\n<\/tr>\n<tr>\n<td>6<\/td>\n<td>Cisma\u0219 Lenu\u021ba<\/td>\n<td><\/td>\n<td>\u00ceNGRIJITOARE DE CUR\u0102\u021aENIE<\/td>\n<\/tr>\n<\/tbody>\n<\/table>\n<p style=\"text-align: center;\"><strong>BLOC OPERATOR V CHIRURGIE ORAL\u0102 \u0219i MAXILO- FACIAL\u0102<\/strong><\/p>\n<table border=\"1\" width=\"795\" cellspacing=\"0\" cellpadding=\"0\" align=\"center\">\n<tbody>\n<tr>\n<td width=\"42\">1<\/td>\n<td width=\"250\">Dr.Nekula Diana<\/td>\n<td width=\"278\">medic primar chirurg OMF<\/td>\n<td width=\"225\">MEDIC COORDONATOR<\/td>\n<\/tr>\n<tr>\n<td>2<\/td>\n<td>Moldovan Gianina Simona<\/td>\n<td>as.med.principal generalist<\/td>\n<td>ASISTENT \u0218EF<\/td>\n<\/tr>\n<tr>\n<td>3<\/td>\n<td>Czirjek Silvia<\/td>\n<td>as.med.principal<\/td>\n<td>ASISTENTA<\/td>\n<\/tr>\n<tr>\n<td>4<\/td>\n<td>Florea Rodica<\/td>\n<td>as.med.principal<\/td>\n<td>ASISTENTA<\/td>\n<\/tr>\n<tr>\n<td>5<\/td>\n<td>S\u0103m\u0103rghi\u0163an Camelia<\/td>\n<td>as.med.principal<\/td>\n<td>ASISTENTA<\/td>\n<\/tr>\n<tr>\n<td>6<\/td>\n<td>Szentes Gabriella<\/td>\n<td>as.med.principal<\/td>\n<td>ASISTENTA<\/td>\n<\/tr>\n<tr>\n<td>7<\/td>\n<td>Rogozan Aurelia<\/td>\n<td>as.med.principal<\/td>\n<td>ASISTENTA<\/td>\n<\/tr>\n<tr>\n<td>8<\/td>\n<td>Dumitrache Cristina<\/td>\n<td><\/td>\n<td>INFIRMIERA<\/td>\n<\/tr>\n<tr>\n<td>9<\/td>\n<td>Hopirtean Cornelia<\/td>\n<td><\/td>\n<td>INFIRMIERA<\/td>\n<\/tr>\n<tr>\n<td>10<\/td>\n<td>Konya Klaudia<\/td>\n<td><\/td>\n<td>INFIRMIERA<\/td>\n<\/tr>\n<tr>\n<td>11<\/td>\n<td>Sab\u0103u Marcela<\/td>\n<td><\/td>\n<td>INFIRMIERA<\/td>\n<\/tr>\n<tr>\n<td>12<\/td>\n<td>Rende\u0219 Laura<\/td>\n<td><\/td>\n<td>\u00ceNGRIJITOARE DE CUR\u0102\u021aENIE<\/td>\n<\/tr>\n<\/tbody>\n<\/table>\n","protected":false},"excerpt":{"rendered":"<p>PERSONAL SECTIA CLINICA CHIRURGIE ORALA SI MAXILO-FACIALA &#8211; 25 PATURI Cl\u0103dire B-dul 1 Decembrie nr. 24 \u015eef Sec\u0163ie Clinic\u0103 Chir. OMF \u015eef Lucr. Dr. CECILIA PETROVAN &#8211; Medic Primar Chir. OMF Medic coordonator B.O.V.Chir.OMF Dr. DIANA NEKULA &#8211; Medic Primar Chir. OMF Asistent\u0103 \u015eef\u0103 &#8211; MOLDOVAN GIANINA SEC\u0162IE CLINIC\u0102 CHIRURGIE ORAL\u0102 \u0219i MAXILO- FACIAL\u0102 1 [&hellip;]<\/p>\n","protected":false},"author":4,"featured_media":0,"parent":11394,"menu_order":9,"comment_status":"closed","ping_status":"closed","template":"","meta":{"_acf_changed":false,"footnotes":""},"class_list":["post-11072","page","type-page","status-publish","hentry"],"acf":[],"_links":{"self":[{"href":"https:\/\/dipicdev.ro\/en\/wp-json\/wp\/v2\/pages\/11072","targetHints":{"allow":["GET"]}}],"collection":[{"href":"https:\/\/dipicdev.ro\/en\/wp-json\/wp\/v2\/pages"}],"about":[{"href":"https:\/\/dipicdev.ro\/en\/wp-json\/wp\/v2\/types\/page"}],"author":[{"embeddable":true,"href":"https:\/\/dipicdev.ro\/en\/wp-json\/wp\/v2\/users\/4"}],"replies":[{"embeddable":true,"href":"https:\/\/dipicdev.ro\/en\/wp-json\/wp\/v2\/comments?post=11072"}],"version-history":[{"count":4,"href":"https:\/\/dipicdev.ro\/en\/wp-json\/wp\/v2\/pages\/11072\/revisions"}],"predecessor-version":[{"id":34630,"href":"https:\/\/dipicdev.ro\/en\/wp-json\/wp\/v2\/pages\/11072\/revisions\/34630"}],"up":[{"embeddable":true,"href":"https:\/\/dipicdev.ro\/en\/wp-json\/wp\/v2\/pages\/11394"}],"wp:attachment":[{"href":"https:\/\/dipicdev.ro\/en\/wp-json\/wp\/v2\/media?parent=11072"}],"curies":[{"name":"wp","href":"https:\/\/api.w.org\/{rel}","templated":true}]}}