{"id":10996,"date":"2016-05-18T12:59:28","date_gmt":"2016-05-18T09:59:28","guid":{"rendered":"https:\/\/dipicdev.ro\/colectivul-clinicii-2\/"},"modified":"2023-10-07T21:03:10","modified_gmt":"2023-10-07T18:03:10","slug":"colectivul-clinicii","status":"publish","type":"page","link":"https:\/\/dipicdev.ro\/en\/medical-activity\/laboratoareblocuri-operatorii-farmacie\/phisical-medicine-and-rehabilitation-laboratory-and-balneology\/colectivul-clinicii\/","title":{"rendered":"Structur\u0103 personal"},"content":{"rendered":"<h3 style=\"text-align: center;\">COLECTIVUL CLINICII<\/h3>\n<p style=\"text-align: center;\">LISTA PERSONALULUI MEDICAL<\/p>\n<p class=\"western\" style=\"text-align: center;\"><strong><span style=\"font-family: Arial, sans-serif;\"><span style=\"font-size: small;\">LABORATOR RECUPERARE, MEDICINA FIZICA SI BALNEOLOGIE (BAZA DE TRATAMENT)<\/span><\/span><\/strong><\/p>\n<table border=\"1\" width=\"818\" cellspacing=\"0\" cellpadding=\"0\" align=\"center\">\n<tbody>\n<tr>\n<td width=\"29\">1<\/td>\n<td width=\"263\">M\u0102N\u0102\u0218TUREAN ANDREI<\/td>\n<td width=\"215\">MEDIC SPECIALIST\u00a0 \u0218EF LABORATOR<\/td>\n<td width=\"311\">RECUPERARE MEDICINA FIZICA SI BALNEOLOGIE<\/td>\n<\/tr>\n<tr>\n<td>2<\/td>\n<td>ZBANCA MIRELA DOINA<\/td>\n<td>MEDIC PRIMAR<\/td>\n<td>RECUPERARE MEDICINA FIZICA SI BALNEOLOGIE<\/td>\n<\/tr>\n<tr>\n<td>3<\/td>\n<td>BAHAR ALEXANDRA CAMELIA<\/td>\n<td>FIZIOKINETOTERAPEUT<\/td>\n<td><\/td>\n<\/tr>\n<tr>\n<td>4<\/td>\n<td>BATA TULIA SILVIA<\/td>\n<td>FIZIOKINETOTERAPEUT<\/td>\n<td><\/td>\n<\/tr>\n<tr>\n<td>5<\/td>\n<td>BIR\u00d3 ZITA CSILLA<\/td>\n<td>PROFESOR C.F.M. PRINCIPAL<\/td>\n<td><\/td>\n<\/tr>\n<tr>\n<td>6<\/td>\n<td>BLAGA GRA\u021aIELA<\/td>\n<td>FIZIOKINETOTERAPEUT<\/td>\n<td><\/td>\n<\/tr>\n<tr>\n<td>7<\/td>\n<td>KENTELKI LASZLO<\/td>\n<td>KINETOTERAPEUT PRINCIPAL<\/td>\n<td><\/td>\n<\/tr>\n<tr>\n<td>8<\/td>\n<td>TEBAN RARES ARISTOTEL<\/td>\n<td>FIZIOKINETOTERAPEUT DEBUTANT<\/td>\n<td><\/td>\n<\/tr>\n<tr>\n<td>9<\/td>\n<td>LAKO KAMELIA<\/td>\n<td>ASISTENT MEDICAL PRINCIPAL SEF<\/td>\n<td>BALNEOFIZIOTERAPIE<\/td>\n<\/tr>\n<tr>\n<td>10<\/td>\n<td>BOCA NICOLETA ANIS<\/td>\n<td>ASISTENT MEDICAL PRINCIPAL<\/td>\n<td>MEDICIN\u0102 GENERAL\u0102<\/td>\n<\/tr>\n<tr>\n<td>11<\/td>\n<td>BOD\u00d3 ALP\u00c1R ANDOR<\/td>\n<td>ASISTENT MEDICAL PRINCIPAL<\/td>\n<td>BALNEOFIZIOTERAPIE<\/td>\n<\/tr>\n<tr>\n<td>12<\/td>\n<td>BOGOSI VERA.<\/td>\n<td>ASISTENT MEDICAL PRINCIPAL<\/td>\n<td>BALNEOFIZIOTERAPIE<\/td>\n<\/tr>\n<tr>\n<td>13<\/td>\n<td>BOTO\u0218 ANA LILIANA<\/td>\n<td>ASISTENT MEDICAL PRINCIPAL<\/td>\n<td>BALNEOFIZIOTERAPIE<\/td>\n<\/tr>\n<tr>\n<td>14<\/td>\n<td>BUCUR LEVENTE S\u00c1NDOR<\/td>\n<td>ASISTENT MEDICAL PRINCIPAL<\/td>\n<td>BALNEOFIZIOKINETOTERAPIE<\/td>\n<\/tr>\n<tr>\n<td>15<\/td>\n<td>C\u0102LUG\u0102R ADRIANA<\/td>\n<td>ASISTENT MEDICAL<\/td>\n<td>BALNEOFIZIOTERAPIE<\/td>\n<\/tr>\n<tr>\n<td>16<\/td>\n<td>C\u00c2NDEA EUNICIA<\/td>\n<td>ASISTENT MEDICAL PRINCIPAL<\/td>\n<td>BALNEOFIZIOTERAPIE<\/td>\n<\/tr>\n<tr>\n<td>17<\/td>\n<td>DRAGNEA LUCIAN<\/td>\n<td>ASISTENT MEDICAL PRINCIPAL<\/td>\n<td>BALNEOFIZIOTERAPIE<\/td>\n<\/tr>\n<tr>\n<td>18<\/td>\n<td>FAKESCH CSILLA EMESE<\/td>\n<td>ASISTENT MEDICAL PRINCIPAL<\/td>\n<td>BALNEOFIZIOTERAPIE<\/td>\n<\/tr>\n<tr>\n<td>19<\/td>\n<td>F\u0102R\u0102G\u0102U DORIN<\/td>\n<td>ASISTENT MEDICAL<\/td>\n<td>BALNEOFIZIO. SI RECUP.MEDICAL\u0102<\/td>\n<\/tr>\n<tr>\n<td>20<\/td>\n<td>FEH\u00c9R ATTILA LOR\u00c1ND<\/td>\n<td>ASISTENT MEDICAL PRINCIPAL<\/td>\n<td>BALNEOFIZIOTERAPIE<\/td>\n<\/tr>\n<tr>\n<td>21<\/td>\n<td>FINTA ANDREA GIZELLA<\/td>\n<td>ASISTENT MEDICAL PRINCIPAL<\/td>\n<td>BALNEOFIZIOTERAPIE<\/td>\n<\/tr>\n<tr>\n<td>22<\/td>\n<td>GABOR SIMILIA IONELA<\/td>\n<td>ASISTENT MEDICAL PRINCIPAL<\/td>\n<td>BALNEOFIZIOTERAPIE<\/td>\n<\/tr>\n<tr>\n<td>23<\/td>\n<td>GY\u00d6RFI M\u00d3ZES.<\/td>\n<td>ASISTENT MEDICAL PRINCIPAL<\/td>\n<td>BALNEOFIZIOTERAPIE \u2013 MASAJ<\/td>\n<\/tr>\n<tr>\n<td>24<\/td>\n<td>HENTER ISTV\u00c1N R\u00d3BERT<\/td>\n<td>ASISTENT MEDICAL<\/td>\n<td>BALNEOFIZIO. SI RECUP.MEDICAL\u0102<\/td>\n<\/tr>\n<tr>\n<td>25<\/td>\n<td>JAKAB IOANA ADRIANA<\/td>\n<td>ASISTENT MEDICAL PRINCIPAL<\/td>\n<td>BALNEOFIZIOTERAPIE<\/td>\n<\/tr>\n<tr>\n<td>26<\/td>\n<td>KIR\u00c1LY NELICA ULPIA<\/td>\n<td>ASISTENT MEDICAL PRINCIPAL<\/td>\n<td>BALNEOFIZIOTERAPIE \u2013 MASAJ<\/td>\n<\/tr>\n<tr>\n<td>27<\/td>\n<td>L\u0150RINCZI CSILLA BORB\u00c1LA<\/td>\n<td>ASISTENT MEDICAL PRINCIPAL<\/td>\n<td>BALNEOFIZIOTERAPIE<\/td>\n<\/tr>\n<tr>\n<td>28<\/td>\n<td>M\u0102RCU\u0218 MONICA<\/td>\n<td>ASISTENT MEDICAL PRINCIPAL<\/td>\n<td>BALNEOFIZIOTERAPIE<\/td>\n<\/tr>\n<tr>\n<td>29<\/td>\n<td>M\u00c2SCA IULIA NICOLETA<\/td>\n<td>ASISTENT MEDICAL PRINCIPAL<\/td>\n<td>BALNEOFIZIOTERAPIE<\/td>\n<\/tr>\n<tr>\n<td>30<\/td>\n<td>M\u00c2RZA TEODORA LAURA<\/td>\n<td>ASISTENT MEDICAL PRINCIPAL<\/td>\n<td>BALNEOFIZIOTERAPIE<\/td>\n<\/tr>\n<tr>\n<td>31<\/td>\n<td>NAGY ARANKA CSILLA<\/td>\n<td>ASISTENT MEDICAL PRINCIPAL<\/td>\n<td>BALNEOFIZIOTERAPIE<\/td>\n<\/tr>\n<tr>\n<td>32<\/td>\n<td>NAGY LASZL\u00d3<\/td>\n<td>ASISTENT MEDICAL PRINCIPAL<\/td>\n<td>BALNEOFIZIOTERAPIE \u2013 MASAJ<\/td>\n<\/tr>\n<tr>\n<td>33<\/td>\n<td>N\u0102ZNEAN VETURIA IOANA<\/td>\n<td>ASISTENT MEDICAL PRINCIPAL<\/td>\n<td>BALNEOFIZIOTERAPIE<\/td>\n<\/tr>\n<tr>\n<td>34<\/td>\n<td>ORB\u00c1N R\u00c9KA<\/td>\n<td>ASISTENT MEDICAL<\/td>\n<td>BALNEOFIZIOTERAPIE<\/td>\n<\/tr>\n<tr>\n<td>35<\/td>\n<td>OREIAN VIRGILIUS TIBERIU<\/td>\n<td>ASISTENT MEDICAL PRINCIPAL<\/td>\n<td>BALNEOFIZIOTERAPIE \u2013 MASAJ<\/td>\n<\/tr>\n<tr>\n<td>36<\/td>\n<td>POL TEODORA<\/td>\n<td>ASISTENT MEDICAL<\/td>\n<td>BALNEOFIZIOTERAPIE<\/td>\n<\/tr>\n<tr>\n<td>37<\/td>\n<td>PUIU IOAN<\/td>\n<td>ASISTENT MEDICAL PRINCIPAL<\/td>\n<td>BALNEOFIZIO. SI RECUP.MEDICAL\u0102<\/td>\n<\/tr>\n<tr>\n<td>38<\/td>\n<td>RANCA GABRIELA<\/td>\n<td>ASISTENT MEDICAL PRINCIPAL<\/td>\n<td>BALNEOFIZIOTERAPIE<\/td>\n<\/tr>\n<tr>\n<td>39<\/td>\n<td>STRETE CIPRIAN IULIAN<\/td>\n<td>ASISTENT MEDICAL PRINCIPAL<\/td>\n<td>BALNEOFIZIOTERAPIE \u2013 MASAJ<\/td>\n<\/tr>\n<tr>\n<td>40<\/td>\n<td>STRETE VALENTINA<\/td>\n<td>ASISTENT MEDICAL PRINCIPAL<\/td>\n<td>BALNEOFIZIOTERAPIE \u2013 MASAJ<\/td>\n<\/tr>\n<tr>\n<td>41<\/td>\n<td>TENIE FELICIA CRINA<\/td>\n<td>ASISTENT MEDICAL PRINCIPAL<\/td>\n<td>BALNEOFIZIOTERAPIE<\/td>\n<\/tr>\n<tr>\n<td>42<\/td>\n<td>ASOLTANEI POP CLAUDIA<\/td>\n<td>REGISTRATOR MEDICAL PRINCIPAL<\/td>\n<td><\/td>\n<\/tr>\n<tr>\n<td>43<\/td>\n<td>MOLDOVAN MIRELA<\/td>\n<td>REGISTRATOR MEDICAL PRINCIPAL<\/td>\n<td><\/td>\n<\/tr>\n<tr>\n<td>44<\/td>\n<td>TOLVAJ ZSUZSA HAJNALKA<\/td>\n<td>REGISTRATOR MEDICAL PRINCIPAL<\/td>\n<td><\/td>\n<\/tr>\n<tr>\n<td>45<\/td>\n<td>BALIZS \u00c9VA<\/td>\n<td>INGRIJITOARE DE CUR\u0102\u021aENIE<\/td>\n<td><\/td>\n<\/tr>\n<tr>\n<td>46<\/td>\n<td>LASZL\u00d3 GY\u00d6NGYV\u00c9R ORSOLYA<\/td>\n<td>INGRIJITOARE DE CUR\u0102\u021aENIE<\/td>\n<td><\/td>\n<\/tr>\n<tr>\n<td>47<\/td>\n<td>MOLDOVAN KATALIN<\/td>\n<td>INGRIJITOARE DE CUR\u0102\u021aENIE<\/td>\n<td><\/td>\n<\/tr>\n<tr>\n<td>48<\/td>\n<td>REND GY\u00d6NGYI<\/td>\n<td>INGRIJITOARE DE CUR\u0102\u021aENIE<\/td>\n<td><\/td>\n<\/tr>\n<\/tbody>\n<\/table>\n","protected":false},"excerpt":{"rendered":"<p>COLECTIVUL CLINICII LISTA PERSONALULUI MEDICAL LABORATOR RECUPERARE, MEDICINA FIZICA SI BALNEOLOGIE (BAZA DE TRATAMENT) 1 M\u0102N\u0102\u0218TUREAN ANDREI MEDIC SPECIALIST\u00a0 \u0218EF LABORATOR RECUPERARE MEDICINA FIZICA SI BALNEOLOGIE 2 ZBANCA MIRELA DOINA MEDIC PRIMAR RECUPERARE MEDICINA FIZICA SI BALNEOLOGIE 3 BAHAR ALEXANDRA CAMELIA FIZIOKINETOTERAPEUT 4 BATA TULIA SILVIA FIZIOKINETOTERAPEUT 5 BIR\u00d3 ZITA CSILLA PROFESOR C.F.M. PRINCIPAL 6 [&hellip;]<\/p>\n","protected":false},"author":4,"featured_media":0,"parent":11260,"menu_order":0,"comment_status":"closed","ping_status":"closed","template":"","meta":{"_acf_changed":false,"footnotes":""},"class_list":["post-10996","page","type-page","status-publish","hentry"],"acf":[],"_links":{"self":[{"href":"https:\/\/dipicdev.ro\/en\/wp-json\/wp\/v2\/pages\/10996","targetHints":{"allow":["GET"]}}],"collection":[{"href":"https:\/\/dipicdev.ro\/en\/wp-json\/wp\/v2\/pages"}],"about":[{"href":"https:\/\/dipicdev.ro\/en\/wp-json\/wp\/v2\/types\/page"}],"author":[{"embeddable":true,"href":"https:\/\/dipicdev.ro\/en\/wp-json\/wp\/v2\/users\/4"}],"replies":[{"embeddable":true,"href":"https:\/\/dipicdev.ro\/en\/wp-json\/wp\/v2\/comments?post=10996"}],"version-history":[{"count":3,"href":"https:\/\/dipicdev.ro\/en\/wp-json\/wp\/v2\/pages\/10996\/revisions"}],"predecessor-version":[{"id":34588,"href":"https:\/\/dipicdev.ro\/en\/wp-json\/wp\/v2\/pages\/10996\/revisions\/34588"}],"up":[{"embeddable":true,"href":"https:\/\/dipicdev.ro\/en\/wp-json\/wp\/v2\/pages\/11260"}],"wp:attachment":[{"href":"https:\/\/dipicdev.ro\/en\/wp-json\/wp\/v2\/media?parent=10996"}],"curies":[{"name":"wp","href":"https:\/\/api.w.org\/{rel}","templated":true}]}}