{"id":10970,"date":"2016-05-29T23:48:36","date_gmt":"2016-05-29T20:48:36","guid":{"rendered":"https:\/\/dipicdev.ro\/structura-organizatorica\/"},"modified":"2018-12-09T18:42:15","modified_gmt":"2018-12-09T16:42:15","slug":"organisational-structure","status":"publish","type":"page","link":"https:\/\/dipicdev.ro\/en\/organisational-structure\/","title":{"rendered":"Organisational structure"},"content":{"rendered":"<ul>\n<li>Compartiment nefrologie 10 paturi<\/li>\n<li>Sectia clinica neurologie II 37 paturi<\/li>\n<li>Sectia clinica neurologie I 70 paturi<\/li>\n<li>Sectia neurochirurgie 53 paturi<\/li>\n<li>Sectia clinica neonatologie 65 paturi<br \/>\ndin care: -compartiment terapie intensiva 10 paturi<br \/>\n-compartiment prematuri 15 paturi<\/li>\n<li>Sec\u021bia clinica chirurgie si ortopedie pediatrica 25 paturi<\/li>\n<li>Sec\u021bia clinic\u0103 medicin\u0103 intern\u0103 II 45 de paturi<\/li>\n<li>Sec\u021bia gastroenterologie 25<\/li>\n<li>Sec\u021bia clinic\u0103 medicin\u0103 intern\u0103 I 40 de paturi<br \/>\ndin care:<span style=\"line-height: 1.5;\">&#8211; compartiment hematologie 25 de paturi<\/span><\/li>\n<li>Sec\u021bia clinic\u0103 ATI<br \/>\ndin care: -compartiment toxicologie 5 paturi<br \/>\n-compartiment ATI-ar\u0219i 2 paturi<\/li>\n<li>Compartiment ATI-copii 10 paturi<\/li>\n<li>Sec\u021bia cardiologie 30 paturi<br \/>\ndin care: -compartiment terapie intensiva coronarieni 5 paturi<br \/>\n-comartiment cardiologie interven\u021bional\u0103<\/li>\n<li>Compartiment chirurgie plastic\u0103, microchirurgie reconstructiva si arsi 10<\/li>\n<li>Sec\u021bia clinicrgie general\u0103 I 90 paturi<br \/>\ndin care: -compartiment chirurgie vasculara 12 paturi<br \/>\n-compartiment traumatologie toracica 5 paturi<\/li>\n<li>Sec\u021bia clinic\u0103 chirurgie general\u0103 II 60 paturi<br \/>\ndin care: compartiment chirurgie vasculara 6 paturi<\/li>\n<li>Sectia clinica obstetriaca-ginecologie 90 paturi<\/li>\n<li>Compartiment ATI-obstetrica ginecologie 90 paturi<\/li>\n<li>Sectia ortopedie si traumatologie 70 paturi<\/li>\n<li>Sectia clinica Pediatrie 40 paturi<br \/>\ndin care: -compartiment hematologie-oncologie 7 paturi<br \/>\n-compartiment gastroenterologie 6 paturi<br \/>\n-compartiment alergologie si imunologie 6 paturi<br \/>\n-compartiment nefrologie pediatrica 6 paturi<\/li>\n<\/ul>\n","protected":false},"excerpt":{"rendered":"<p>Compartiment nefrologie 10 paturi Sectia clinica neurologie II 37 paturi Sectia clinica neurologie I 70 paturi Sectia neurochirurgie 53 paturi Sectia clinica neonatologie 65 paturi din care: -compartiment terapie intensiva 10 paturi -compartiment prematuri 15 paturi Sec\u021bia clinica chirurgie si ortopedie pediatrica 25 paturi Sec\u021bia clinic\u0103 medicin\u0103 intern\u0103 II 45 de paturi Sec\u021bia gastroenterologie 25 [&hellip;]<\/p>\n","protected":false},"author":4,"featured_media":0,"parent":0,"menu_order":91,"comment_status":"closed","ping_status":"closed","template":"","meta":{"_acf_changed":false,"footnotes":""},"class_list":["post-10970","page","type-page","status-publish","hentry"],"acf":[],"_links":{"self":[{"href":"https:\/\/dipicdev.ro\/en\/wp-json\/wp\/v2\/pages\/10970","targetHints":{"allow":["GET"]}}],"collection":[{"href":"https:\/\/dipicdev.ro\/en\/wp-json\/wp\/v2\/pages"}],"about":[{"href":"https:\/\/dipicdev.ro\/en\/wp-json\/wp\/v2\/types\/page"}],"author":[{"embeddable":true,"href":"https:\/\/dipicdev.ro\/en\/wp-json\/wp\/v2\/users\/4"}],"replies":[{"embeddable":true,"href":"https:\/\/dipicdev.ro\/en\/wp-json\/wp\/v2\/comments?post=10970"}],"version-history":[{"count":1,"href":"https:\/\/dipicdev.ro\/en\/wp-json\/wp\/v2\/pages\/10970\/revisions"}],"predecessor-version":[{"id":13064,"href":"https:\/\/dipicdev.ro\/en\/wp-json\/wp\/v2\/pages\/10970\/revisions\/13064"}],"wp:attachment":[{"href":"https:\/\/dipicdev.ro\/en\/wp-json\/wp\/v2\/media?parent=10970"}],"curies":[{"name":"wp","href":"https:\/\/api.w.org\/{rel}","templated":true}]}}