{"id":10949,"date":"2016-06-22T19:59:55","date_gmt":"2016-06-22T16:59:55","guid":{"rendered":"https:\/\/dipicdev.ro\/conditii-generale-consultatii-ambulator\/"},"modified":"2025-11-16T10:41:11","modified_gmt":"2025-11-16T08:41:11","slug":"documente-necesare-pentru-acordarea-consultatiilor-in-regim-ambulatoriu","status":"publish","type":"page","link":"https:\/\/dipicdev.ro\/en\/patient-infromation\/documente-necesare-pentru-acordarea-consultatiilor-in-regim-ambulatoriu\/","title":{"rendered":"Documente necesare pentru acordarea consulta\u021biilor \u00een regim ambulatoriu"},"content":{"rendered":"<h3><strong>Documente necesare pentru acordarea consulta\u0163iilor \u00een ambulatoriul integrat spitalului<\/strong><\/h3>\n<ul>\n<li>Bilet de trimitere de la medicul de familie sau de la alt medic specialist, cu excep\u0163ia urgen\u0163elor \u0219i afec\u021biunilor stabilite prin norme (Anexa nr. 13), care permit prezentarea direct la medicul de specialitate din ambulatoriu<\/li>\n<li>Cardul de asigurat, adeverin\u021b\u0103 \u00eenlocuitoare card;<\/li>\n<li>Buletin de identitate sau carte de identitate (original \u0219i copie)<\/li>\n<li>Pentru eliberarea concediului medical: adeverin\u0163\u0103 \u00een care se va men\u0163iona num\u0103rul de zile de concediu medical de care beneficiat salariatul \u00een ultimele 12 luni;<\/li>\n<li>Certificat de na\u0219tere \u00een cazul minorilor (0-14 ani)<\/li>\n<li>Formularul de concediu medical ini\u0163ial (dac\u0103 este cazul);<\/li>\n<li>Cupon de pensie.<\/li>\n<\/ul>\n","protected":false},"excerpt":{"rendered":"<p>Documente necesare pentru acordarea consulta\u0163iilor \u00een ambulatoriul integrat spitalului Bilet de trimitere de la medicul de familie sau de la alt medic specialist, cu excep\u0163ia urgen\u0163elor \u0219i afec\u021biunilor stabilite prin norme (Anexa nr. 13), care permit prezentarea direct la medicul de specialitate din ambulatoriu Cardul de asigurat, adeverin\u021b\u0103 \u00eenlocuitoare card; Buletin de identitate sau carte [&hellip;]<\/p>\n","protected":false},"author":4,"featured_media":0,"parent":11424,"menu_order":19,"comment_status":"closed","ping_status":"closed","template":"","meta":{"_acf_changed":false,"footnotes":""},"class_list":["post-10949","page","type-page","status-publish","hentry"],"acf":[],"_links":{"self":[{"href":"https:\/\/dipicdev.ro\/en\/wp-json\/wp\/v2\/pages\/10949","targetHints":{"allow":["GET"]}}],"collection":[{"href":"https:\/\/dipicdev.ro\/en\/wp-json\/wp\/v2\/pages"}],"about":[{"href":"https:\/\/dipicdev.ro\/en\/wp-json\/wp\/v2\/types\/page"}],"author":[{"embeddable":true,"href":"https:\/\/dipicdev.ro\/en\/wp-json\/wp\/v2\/users\/4"}],"replies":[{"embeddable":true,"href":"https:\/\/dipicdev.ro\/en\/wp-json\/wp\/v2\/comments?post=10949"}],"version-history":[{"count":2,"href":"https:\/\/dipicdev.ro\/en\/wp-json\/wp\/v2\/pages\/10949\/revisions"}],"predecessor-version":[{"id":44669,"href":"https:\/\/dipicdev.ro\/en\/wp-json\/wp\/v2\/pages\/10949\/revisions\/44669"}],"up":[{"embeddable":true,"href":"https:\/\/dipicdev.ro\/en\/wp-json\/wp\/v2\/pages\/11424"}],"wp:attachment":[{"href":"https:\/\/dipicdev.ro\/en\/wp-json\/wp\/v2\/media?parent=10949"}],"curies":[{"name":"wp","href":"https:\/\/api.w.org\/{rel}","templated":true}]}}