{"id":10940,"date":"2016-06-22T21:20:49","date_gmt":"2016-06-22T18:20:49","guid":{"rendered":"https:\/\/dipicdev.ro\/program-screening-cancer-de-col-uterin\/"},"modified":"2018-12-09T18:36:31","modified_gmt":"2018-12-09T16:36:31","slug":"cervix-cancer-screening-programm","status":"publish","type":"page","link":"https:\/\/dipicdev.ro\/en\/medical-activity\/technical-assistance-regional-unit-and-central-management\/cervix-cancer-screening-programm\/","title":{"rendered":"Cervix cancer screening programm"},"content":{"rendered":"<h3>Nout\u0103\u021bi<\/h3>\n<p><a href=\"https:\/\/dipicdev.ro\/_files\/URMC\/INSTRUIRE_SCREENING.zip\">Instruire screening.<\/a><\/p>\n<p><a href=\"https:\/\/dipicdev.ro\/_files\/URMC\/ANEXA_CONTRACT_2013.zip\">Anexa contract 2013.<\/a><\/p>\n<p><a href=\"https:\/\/dipicdev.ro\/_files\/URMC\/Norme_Programe_nationale.zip\">Norme programe nationale.<\/a><\/p>\n<h3>CADRUL LEGAL SI DOCUMENTE NECESARE<\/h3>\n<p><strong>SPITALUL CLINIC JUDE\u00deEAN DE URGENT\u00c3 T\u00c2RGU\u2013 MURES<\/strong><\/p>\n<p><strong>UNITATEA REGIONAL\u00c3 DE ASISTENTA TEHNICA SI MANAGEMENT CENTRU<\/strong><\/p>\n<p><strong>a programului de depistare precoce a cancerului de col uterin<\/strong><\/p>\n<p><strong>T\u00e2rgu Mures, str. Gh. Marinescu, nr. 50, cod: 540136<\/strong><\/p>\n<p><strong>Tel. 0265 \u2013 212111<\/strong><strong>;<\/strong> <strong>\u00a0Fax. 0265 \u2013 215768;\u00a0 <\/strong><strong><a href=\"mailto:screeningmures@gmail.com\">screeningmures@gmail.com<\/a><\/strong><\/p>\n<p>Cadrul legal de functionare al Programului National de Screening pentru Cancerul de Col Uterin se poate vizualiza dand <a href=\"http:\/\/www.insp.gov.ro\/index.php\/uatm\/prog-nat-de-depistare-preoce-activa-a-cancerului-de-col-uterin-2-fisiere\" rel=\"nofollow noopener\" target=\"_blank\"><strong>click aici<\/strong>.<\/a><\/p>\n<div class=\"content f-left\">\n<h3>DOCUMENTE NECESARE<\/h3>\n<ul>\n<li><a href=\"https:\/\/dipicdev.ro\/_files\/Programe_nationale\/CERERE_PT_INCHEIERE_CAS.doc\">Cererea de intentie pentru \u00eencheierea contractului de furnizare de servicii medicale \u00een cadrul programului de screening pentru depistarea precoce activ\u00e3 a cancerului de col uterin<\/a><\/li>\n<li><a href=\"https:\/\/dipicdev.ro\/_files\/Programe_nationale\/CERERE%20PT%20INCLUDEREA%20IN%20RETEAUA%20DE%20SCREENING.doc\">Cerere pentru includere in reteaua de screening<\/a><\/li>\n<li><a href=\"https:\/\/dipicdev.ro\/_files\/Programe_nationale\/CERERE%20VALIDARE%20RETEA%20DE%20SCREENING%20URM%20CENTRU.doc\">Cererea de intentie pentru validarea unit\u00e3tii sanitare care organizeaz\u00e3 reteaua de screening pentru depistarea precoce activ\u00e3 a cancerului de col uterin.<\/a><\/li>\n<li><a href=\"https:\/\/dipicdev.ro\/_files\/Programe_nationale\/DOCUMENTE%20CENTRU%20DE%20INFORMARE.doc\">Documentele necesare includerii cabinetelor de medicin\u00e3 de familie\u00a0 ca \u00a0centre de informare si consiliere \u00een reteaua de screening pentru depistarea precoce activ\u00e3 a cancerului de col uterin\u00a0 organizat\u00e3 de unit\u00e3tile sanitare cu paturi din Regiunea Centru<\/a><\/li>\n<li><a href=\"https:\/\/dipicdev.ro\/_files\/Programe_nationale\/DOCUMENTE%20CENTRU%20DE%20RECOLTARE.doc\">Documentele necesare includerii centrelor de recoltare a materialului cervical\u00a0 \u00a0\u00een reteaua de screening pentru depistarea precoce activ\u00e3 a cancerului de col uterin organizat\u00e3 de unit\u00e3tile sanitare cu paturi din Regiunea Centru<\/a><\/li>\n<li><a href=\"https:\/\/dipicdev.ro\/_files\/Programe_nationale\/DOCUMENTE%20NECESARE%20LABORATOR.doc\">Documentele necesare includerii laboratoarelor \u00een reteaua de screening pentru depistarea precoce activ\u00e3 a cancerului de col uterin organizat\u00e3 de unit\u00e3tile sanitare cu paturi din Regiunea Centru<\/a><\/li>\n<li><a href=\"https:\/\/dipicdev.ro\/_files\/Programe_nationale\/DOCUMENTE%20NECESARE%20URM.doc\">Documentele necesare validarii unitatilor sanitare care organizeaz\u00e3 reteaua de screening pentru depistarea precoce activ\u00e3 a cancerului de col uterin \u00een Regiunea Centru<\/a><\/li>\n<\/ul>\n<\/div>\n","protected":false},"excerpt":{"rendered":"<p>Nout\u0103\u021bi Instruire screening. Anexa contract 2013. Norme programe nationale. CADRUL LEGAL SI DOCUMENTE NECESARE SPITALUL CLINIC JUDE\u00deEAN DE URGENT\u00c3 T\u00c2RGU\u2013 MURES UNITATEA REGIONAL\u00c3 DE ASISTENTA TEHNICA SI MANAGEMENT CENTRU a programului de depistare precoce a cancerului de col uterin T\u00e2rgu Mures, str. Gh. Marinescu, nr. 50, cod: 540136 Tel. 0265 \u2013 212111; \u00a0Fax. 0265 \u2013 [&hellip;]<\/p>\n","protected":false},"author":4,"featured_media":0,"parent":10942,"menu_order":0,"comment_status":"closed","ping_status":"closed","template":"","meta":{"_acf_changed":false,"footnotes":""},"class_list":["post-10940","page","type-page","status-publish","hentry"],"acf":[],"_links":{"self":[{"href":"https:\/\/dipicdev.ro\/en\/wp-json\/wp\/v2\/pages\/10940","targetHints":{"allow":["GET"]}}],"collection":[{"href":"https:\/\/dipicdev.ro\/en\/wp-json\/wp\/v2\/pages"}],"about":[{"href":"https:\/\/dipicdev.ro\/en\/wp-json\/wp\/v2\/types\/page"}],"author":[{"embeddable":true,"href":"https:\/\/dipicdev.ro\/en\/wp-json\/wp\/v2\/users\/4"}],"replies":[{"embeddable":true,"href":"https:\/\/dipicdev.ro\/en\/wp-json\/wp\/v2\/comments?post=10940"}],"version-history":[{"count":1,"href":"https:\/\/dipicdev.ro\/en\/wp-json\/wp\/v2\/pages\/10940\/revisions"}],"predecessor-version":[{"id":13031,"href":"https:\/\/dipicdev.ro\/en\/wp-json\/wp\/v2\/pages\/10940\/revisions\/13031"}],"up":[{"embeddable":true,"href":"https:\/\/dipicdev.ro\/en\/wp-json\/wp\/v2\/pages\/10942"}],"wp:attachment":[{"href":"https:\/\/dipicdev.ro\/en\/wp-json\/wp\/v2\/media?parent=10940"}],"curies":[{"name":"wp","href":"https:\/\/api.w.org\/{rel}","templated":true}]}}