{"id":10929,"date":"2016-07-04T17:51:24","date_gmt":"2016-07-04T14:51:24","guid":{"rendered":"https:\/\/dipicdev.ro\/proiectul-reabilitarea-modernizarea-si-echiparea-ambulatoriului-spitalului-clinic-judetean-de-urgenta-tirgu-mures\/"},"modified":"2025-11-20T21:39:53","modified_gmt":"2025-11-20T19:39:53","slug":"proiectul-reabilitarea-modernizarea-si-echiparea-ambulatoriului-spitalului-clinic-judetean-de-urgenta-tirgu-mures","status":"publish","type":"page","link":"https:\/\/dipicdev.ro\/en\/european-projects\/proiectul-reabilitarea-modernizarea-si-echiparea-ambulatoriului-spitalului-clinic-judetean-de-urgenta-tirgu-mures\/","title":{"rendered":"Proiectul \u201eReabilitarea, modernizarea \u015fi echiparea ambulatoriului Spitalului Clinic Jude\u0163ean de Urgen\u0163\u0103 T\u00eergu Mure\u015f\u201d"},"content":{"rendered":"","protected":false},"excerpt":{"rendered":"","protected":false},"author":4,"featured_media":0,"parent":11438,"menu_order":86,"comment_status":"closed","ping_status":"closed","template":"template-parent.php","meta":{"_acf_changed":false,"footnotes":""},"class_list":["post-10929","page","type-page","status-publish","hentry"],"acf":[],"_links":{"self":[{"href":"https:\/\/dipicdev.ro\/en\/wp-json\/wp\/v2\/pages\/10929","targetHints":{"allow":["GET"]}}],"collection":[{"href":"https:\/\/dipicdev.ro\/en\/wp-json\/wp\/v2\/pages"}],"about":[{"href":"https:\/\/dipicdev.ro\/en\/wp-json\/wp\/v2\/types\/page"}],"author":[{"embeddable":true,"href":"https:\/\/dipicdev.ro\/en\/wp-json\/wp\/v2\/users\/4"}],"replies":[{"embeddable":true,"href":"https:\/\/dipicdev.ro\/en\/wp-json\/wp\/v2\/comments?post=10929"}],"version-history":[{"count":4,"href":"https:\/\/dipicdev.ro\/en\/wp-json\/wp\/v2\/pages\/10929\/revisions"}],"predecessor-version":[{"id":44823,"href":"https:\/\/dipicdev.ro\/en\/wp-json\/wp\/v2\/pages\/10929\/revisions\/44823"}],"up":[{"embeddable":true,"href":"https:\/\/dipicdev.ro\/en\/wp-json\/wp\/v2\/pages\/11438"}],"wp:attachment":[{"href":"https:\/\/dipicdev.ro\/en\/wp-json\/wp\/v2\/media?parent=10929"}],"curies":[{"name":"wp","href":"https:\/\/api.w.org\/{rel}","templated":true}]}}