{"id":10924,"date":"2016-07-06T23:08:18","date_gmt":"2016-07-06T20:08:18","guid":{"rendered":"https:\/\/dipicdev.ro\/structura-personalului-2\/"},"modified":"2025-09-28T19:40:49","modified_gmt":"2025-09-28T16:40:49","slug":"structura-personalului","status":"publish","type":"page","link":"https:\/\/dipicdev.ro\/en\/medical-activity\/sectiile-spitalului\/internal-medicine-clinic-i\/structura-personalului\/","title":{"rendered":"Structur\u0103 personal"},"content":{"rendered":"<p style=\"text-align: center\"><strong>SEC\u021aIA CLINIC\u0102 MEDICIN\u0102 INTERN\u0102 1- \u00a060 de paturi<\/strong><\/p>\n<table border=\"1\" width=\"732\" cellspacing=\"0\" cellpadding=\"0\" align=\"center\">\n<tbody>\n<tr>\n<td width=\"39\">1<\/td>\n<td width=\"213\">NEGOVAN ANCA ELENA<\/td>\n<td width=\"240\">MEDIC PRIMAR SEF SECTIE<\/td>\n<td width=\"240\">MEDICINA INTERNA<\/td>\n<\/tr>\n<tr>\n<td width=\"39\">2<\/td>\n<td width=\"213\">KELEMEN PIROSKA<\/td>\n<td width=\"240\">MEDIC PRIMAR<\/td>\n<td width=\"240\">MEDICINA INTERNA<\/td>\n<\/tr>\n<tr>\n<td width=\"39\">3<\/td>\n<td width=\"213\">URECHE CORINA<\/td>\n<td width=\"240\">MEDIC PRIMAR<\/td>\n<td width=\"240\">MEDICINA INTERNA<\/td>\n<\/tr>\n<tr>\n<td width=\"39\">4<\/td>\n<td width=\"213\">POGACEAN SIMONA<\/td>\n<td width=\"240\">MEDIC PRIMAR<\/td>\n<td width=\"240\">MEDICINA INTERNA<\/td>\n<\/tr>\n<tr>\n<td width=\"39\">5<\/td>\n<td width=\"213\">CERGHIZAN ANDA MIHAELA<\/td>\n<td width=\"240\">MEDIC PRIMAR<\/td>\n<td width=\"240\">MEDICINA INTERNA<\/td>\n<\/tr>\n<tr>\n<td width=\"39\">6<\/td>\n<td width=\"213\">CRACIUN-CIORBA NICOLETA<\/td>\n<td width=\"240\">MEDIC PRIMAR<\/td>\n<td width=\"240\">MEDICINA INTERNA<\/td>\n<\/tr>\n<tr>\n<td width=\"39\">7<\/td>\n<td width=\"213\">SZASZ ZSUZSANNA AGNES<\/td>\n<td width=\"240\">MEDIC PRIMAR<\/td>\n<td width=\"240\">MEDICINA INTERNA<\/td>\n<\/tr>\n<tr>\n<td width=\"39\">8<\/td>\n<td width=\"213\">ACHIM RADU<\/td>\n<td width=\"240\">MEDIC SPECIALIST<\/td>\n<td width=\"240\">MEDICINA INTERNA<\/td>\n<\/tr>\n<tr>\n<td width=\"39\">9<\/td>\n<td width=\"213\">KOVACS KATALIN<\/td>\n<td width=\"240\">MEDIC SPECIALIST<\/td>\n<td width=\"240\">MEDICINA INTERNA<\/td>\n<\/tr>\n<tr>\n<td width=\"39\">10<\/td>\n<td width=\"213\">PINTEA SIMON IONELA<\/td>\n<td width=\"240\">MEDIC SPECIALIST<\/td>\n<td width=\"240\">MEDICINA INTERNA<\/td>\n<\/tr>\n<tr>\n<td width=\"39\">11<\/td>\n<td width=\"213\">MIREA EMANUELA<\/td>\n<td width=\"240\">ASISTENT MEDICAL SEF<\/td>\n<td width=\"240\">ASISTENTA MEDICALA<\/td>\n<\/tr>\n<tr>\n<td width=\"39\">12<\/td>\n<td width=\"213\">ASZALOS EDIT<\/td>\n<td width=\"240\">ASISTENT MEDICAL PRINCIPAL<\/td>\n<td width=\"240\">ASISTENT MEDICAL GENERALIST<\/td>\n<\/tr>\n<tr>\n<td width=\"39\">13<\/td>\n<td width=\"213\">BADESCU DANIELA OLIVIA<\/td>\n<td width=\"240\">ASISTENT MEDICAL PRINCIPAL<\/td>\n<td width=\"240\">ASISTENT MEDICAL GENERALIST<\/td>\n<\/tr>\n<tr>\n<td width=\"39\">14<\/td>\n<td width=\"213\">BENDE ESZTER<\/td>\n<td width=\"240\">ASISTENT MEDICAL PRINCIPAL<\/td>\n<td width=\"240\">ASISTENT MEDICAL GENERALIST<\/td>\n<\/tr>\n<tr>\n<td width=\"39\">15<\/td>\n<td width=\"213\">BERES KRISZTINA<\/td>\n<td width=\"240\">ASISTENT MEDICAL PRINCIPAL<\/td>\n<td width=\"240\">ASISTENT MEDICAL GENERALIST<\/td>\n<\/tr>\n<tr>\n<td width=\"39\">16<\/td>\n<td width=\"213\">CHIS ANDREEA<\/td>\n<td width=\"240\">ASISTENT MEDICAL PRINCIPAL<\/td>\n<td width=\"240\">ASISTENT MEDICAL GENERALIST<\/td>\n<\/tr>\n<tr>\n<td width=\"39\">17<\/td>\n<td width=\"213\">COSTIN MANUELA FLORENTINA<\/td>\n<td width=\"240\">ASISTENT MEDICAL PRINCIPAL<\/td>\n<td width=\"240\">ASISTENT MEDICAL GENERALIST<\/td>\n<\/tr>\n<tr>\n<td width=\"39\">18<\/td>\n<td width=\"213\">COVRIG GEORGETA<\/td>\n<td width=\"240\">ASISTENT MEDICAL PRINCIPAL<\/td>\n<td width=\"240\">ASISTENT MEDICAL GENERALIST<\/td>\n<\/tr>\n<tr>\n<td width=\"39\">19<\/td>\n<td width=\"213\">CRISAN MARIA CAMELIA<\/td>\n<td width=\"240\">ASISTENT MEDICAL PRINCIPAL<\/td>\n<td width=\"240\">ASISTENT MEDICAL GENERALIST<\/td>\n<\/tr>\n<tr>\n<td width=\"39\">20<\/td>\n<td width=\"213\">DALYA EMILIA &#8211; EMESE<\/td>\n<td width=\"240\">ASISTENT MEDICAL<\/td>\n<td width=\"240\">ASISTENTA MEDICALA<\/td>\n<\/tr>\n<tr>\n<td width=\"39\">21<\/td>\n<td width=\"213\">ENACHI DOINITA<\/td>\n<td width=\"240\">ASISTENT MEDICAL PRINCIPAL<\/td>\n<td width=\"240\">ASISTENT MEDICAL GENERALIST<\/td>\n<\/tr>\n<tr>\n<td width=\"39\">22<\/td>\n<td width=\"213\">FAZAKAS EDITH &#8211; MARIA<\/td>\n<td width=\"240\">ASISTENT MEDICAL<\/td>\n<td width=\"240\">ASISTENTA MEDICALA<\/td>\n<\/tr>\n<tr>\n<td width=\"39\">23<\/td>\n<td width=\"213\">JAKABFI EDIT<\/td>\n<td width=\"240\">ASISTENT MEDICAL PRINCIPAL<\/td>\n<td width=\"240\">ASISTENT MEDICAL GENERALIST<\/td>\n<\/tr>\n<tr>\n<td width=\"39\">24<\/td>\n<td width=\"213\">KADAR GABRIELLA<\/td>\n<td width=\"240\">ASISTENT MEDICAL PRINCIPAL<\/td>\n<td width=\"240\">ASISTENT MEDICAL GENERALIST<\/td>\n<\/tr>\n<tr>\n<td width=\"39\">25<\/td>\n<td width=\"213\">LASZLO LEVENTE<\/td>\n<td width=\"240\">ASISTENT MEDICAL PRINCIPAL<\/td>\n<td width=\"240\">ASISTENT MEDICAL GENERALIST<\/td>\n<\/tr>\n<tr>\n<td width=\"39\">26<\/td>\n<td width=\"213\">MURESAN NAOMI &#8211; BIANCA<\/td>\n<td width=\"240\">ASISTENT MEDICAL<\/td>\n<td width=\"240\">ASISTENT MEDICAL GENERALIST<\/td>\n<\/tr>\n<tr>\n<td width=\"39\">27<\/td>\n<td width=\"213\">NEMES TEREZ<\/td>\n<td width=\"240\">ASISTENT MEDICAL PRINCIPAL<\/td>\n<td width=\"240\">ASISTENT MEDICAL GENERALIST<\/td>\n<\/tr>\n<tr>\n<td width=\"39\">28<\/td>\n<td width=\"213\">OPREA SIMONA DANIELA<\/td>\n<td width=\"240\">ASISTENT MEDICAL PRINCIPAL<\/td>\n<td width=\"240\">ASISTENT MEDICAL GENERALIST<\/td>\n<\/tr>\n<tr>\n<td width=\"39\">29<\/td>\n<td width=\"213\">OROIAN RITA JUTKA<\/td>\n<td width=\"240\">ASISTENT MEDICAL PRINCIPAL<\/td>\n<td width=\"240\">ASISTENT MEDICAL GENERALIST<\/td>\n<\/tr>\n<tr>\n<td width=\"39\">30<\/td>\n<td width=\"213\">OSZ ENIKO<\/td>\n<td width=\"240\">ASISTENT MEDICAL PRINCIPAL<\/td>\n<td width=\"240\">ASISTENT MEDICAL GENERALIST<\/td>\n<\/tr>\n<tr>\n<td width=\"39\">31<\/td>\n<td width=\"213\">ROMAN GABRIELA<\/td>\n<td width=\"240\">ASISTENT MEDICAL PRINCIPAL<\/td>\n<td width=\"240\">ASISTENT MEDICAL GENERALIST<\/td>\n<\/tr>\n<tr>\n<td width=\"39\">32<\/td>\n<td width=\"213\">SANDOR ZSOLT<\/td>\n<td width=\"240\">ASISTENT MEDICAL PRINCIPAL<\/td>\n<td width=\"240\">ASISTENT MEDICAL GENERALIST<\/td>\n<\/tr>\n<tr>\n<td width=\"39\">33<\/td>\n<td width=\"213\">SIMON MILITA MARGIANA<\/td>\n<td width=\"240\">ASISTENT MEDICAL PRINCIPAL<\/td>\n<td width=\"240\">ASISTENT MEDICAL GENERALIST<\/td>\n<\/tr>\n<tr>\n<td width=\"39\">34<\/td>\n<td width=\"213\">SZAKACS ZITA<\/td>\n<td width=\"240\">ASISTENT MEDICAL PRINCIPAL<\/td>\n<td width=\"240\">ASISTENT MEDICAL GENERALIST<\/td>\n<\/tr>\n<tr>\n<td width=\"39\">35<\/td>\n<td width=\"213\">BECZE OLIMPIA<\/td>\n<td width=\"240\">INFIRMIER<\/td>\n<td width=\"240\"><\/td>\n<\/tr>\n<tr>\n<td width=\"39\">36<\/td>\n<td width=\"213\">BORDI BOGLARKA ZSUZSANNA<\/td>\n<td width=\"240\">INFIRMIER<\/td>\n<td width=\"240\"><\/td>\n<\/tr>\n<tr>\n<td width=\"39\">37<\/td>\n<td width=\"213\">BUNGARDEAN MARIANA<\/td>\n<td width=\"240\">INFIRMIER<\/td>\n<td width=\"240\"><\/td>\n<\/tr>\n<tr>\n<td width=\"39\">38<\/td>\n<td width=\"213\">MOLNAR TIMEA<\/td>\n<td width=\"240\">INFIRMIER<\/td>\n<td width=\"240\"><\/td>\n<\/tr>\n<tr>\n<td width=\"39\">39<\/td>\n<td width=\"213\">\u00a0NIRASTEAN VIORICA<\/td>\n<td width=\"240\">INFIRMIER<\/td>\n<td width=\"240\"><\/td>\n<\/tr>\n<tr>\n<td width=\"39\">40<\/td>\n<td width=\"213\">OLVEDI EDITH<\/td>\n<td width=\"240\">INFIRMIER<\/td>\n<td width=\"240\"><\/td>\n<\/tr>\n<tr>\n<td width=\"39\">41<\/td>\n<td width=\"213\">PALCU ELENA<\/td>\n<td width=\"240\">INFIRMIER<\/td>\n<td width=\"240\"><\/td>\n<\/tr>\n<tr>\n<td width=\"39\">42<\/td>\n<td width=\"213\">RUS MADALINA VASILICA<\/td>\n<td width=\"240\">INFIRMIER<\/td>\n<td width=\"240\"><\/td>\n<\/tr>\n<tr>\n<td width=\"39\">43<\/td>\n<td width=\"213\">TANASZI DALMA<\/td>\n<td width=\"240\">INFIRMIER<\/td>\n<td width=\"240\"><\/td>\n<\/tr>\n<tr>\n<td width=\"39\">44<\/td>\n<td width=\"213\">TOMA DORINA<\/td>\n<td width=\"240\">INFIRMIER<\/td>\n<td width=\"240\"><\/td>\n<\/tr>\n<tr>\n<td width=\"39\">45<\/td>\n<td width=\"213\">BUTIURCA ANA MARIA<\/td>\n<td width=\"240\">NGRIJITOARE<\/td>\n<td width=\"240\"><\/td>\n<\/tr>\n<tr>\n<td width=\"39\">46<\/td>\n<td width=\"213\">CSISZER ROZALIA<\/td>\n<td width=\"240\">INGRIJITOARE<\/td>\n<td width=\"240\"><\/td>\n<\/tr>\n<tr>\n<td width=\"39\">47<\/td>\n<td width=\"213\">FARCAS ILDIKO<\/td>\n<td width=\"240\">NGRIJITOARE<\/td>\n<td width=\"240\"><\/td>\n<\/tr>\n<tr>\n<td width=\"39\">48<\/td>\n<td width=\"213\">MOLOMFALEAN MARINELA<\/td>\n<td width=\"240\">NGRIJITOARE<\/td>\n<td width=\"240\"><\/td>\n<\/tr>\n<tr>\n<td width=\"39\">49<\/td>\n<td width=\"213\">PUNKA EDIT<\/td>\n<td width=\"240\">NGRIJITOARE<\/td>\n<td width=\"240\"><\/td>\n<\/tr>\n<tr>\n<td width=\"39\">50<\/td>\n<td width=\"213\">TOROK IBOLYA<\/td>\n<td width=\"240\">NGRIJITOARE<\/td>\n<td width=\"240\"><\/td>\n<\/tr>\n<tr>\n<td width=\"39\">51<\/td>\n<td width=\"213\">VERES FIRUTA<\/td>\n<td width=\"240\">NGRIJITOARE<\/td>\n<td width=\"240\"><\/td>\n<\/tr>\n<tr>\n<td width=\"39\">52<\/td>\n<td width=\"213\">VIG AURELIA<\/td>\n<td width=\"240\">NGRIJITOARE<\/td>\n<td width=\"240\"><\/td>\n<\/tr>\n<\/tbody>\n<\/table>\n<p>&nbsp;<\/p>\n<p style=\"text-align: center\"><strong>DIN CARE 10 PATURI\u00a0 COMPARTIMENT HEMATOLOGIE<\/strong><\/p>\n<table border=\"1\" width=\"732\" cellspacing=\"0\" cellpadding=\"0\" align=\"center\">\n<tbody>\n<tr>\n<td width=\"48\">54<\/td>\n<td width=\"204\">\u00a0\u00a0 MACARIE IOAN<\/td>\n<td width=\"240\">MEDIC PRIMAR<\/td>\n<td width=\"240\">HEMATOLOGIE<\/td>\n<\/tr>\n<tr>\n<td width=\"48\">55<\/td>\n<td width=\"204\">\u00a0\u00a0 DEMIAN SMARANDA<\/td>\n<td width=\"240\">MEDIC PRIMAR<\/td>\n<td width=\"240\">HEMATOLOGIE<\/td>\n<\/tr>\n<tr>\n<td width=\"48\">56<\/td>\n<td width=\"204\">\u00a0\u00a0 CANDEA MARCELA CRISTINA<\/td>\n<td width=\"240\">MEDIC PRIMAR<\/td>\n<td width=\"240\">HEMATOLOGIE<\/td>\n<\/tr>\n<tr>\n<td width=\"48\">57<\/td>\n<td width=\"204\">\u00a0\u00a0 BINDILA DANIELA<\/td>\n<td width=\"240\">ASISTENT MEDICAL PRINCIPAL<\/td>\n<td width=\"240\">ASISTENT MEDICAL GENERALIST<\/td>\n<\/tr>\n<tr>\n<td width=\"48\">58<\/td>\n<td width=\"204\">\u00a0\u00a0 BAKOS RENATA ANITA<\/td>\n<td width=\"240\">ASISTENT MEDICAL<\/td>\n<td width=\"240\">ASISTENTA MEDICALA<\/td>\n<\/tr>\n<tr>\n<td width=\"48\">59<\/td>\n<td width=\"204\">\u00a0\u00a0 COMAN CRINA FLORINA<\/td>\n<td width=\"240\">ASISTENT MEDICAL PRINCIPAL<\/td>\n<td width=\"240\">ASISTENT MEDICAL GENERALIST<\/td>\n<\/tr>\n<tr>\n<td width=\"48\">60<\/td>\n<td width=\"204\">\u00a0\u00a0 MESAROS ANITA MIHAELA<\/td>\n<td width=\"240\">ASISTENT MEDICAL PRINCIPAL<\/td>\n<td width=\"240\">ASISTENT MEDICAL GENERALIST<\/td>\n<\/tr>\n<tr>\n<td width=\"48\">61<\/td>\n<td width=\"204\">\u00a0\u00a0 SZABO CSILLA PIROSKA<\/td>\n<td width=\"240\">ASISTENT MEDICAL PRINCIPAL<\/td>\n<td width=\"240\">ASISTENT MEDICAL GENERALIST<\/td>\n<\/tr>\n<\/tbody>\n<\/table>\n","protected":false},"excerpt":{"rendered":"<p>SEC\u021aIA CLINIC\u0102 MEDICIN\u0102 INTERN\u0102 1- \u00a060 de paturi 1 NEGOVAN ANCA ELENA MEDIC PRIMAR SEF SECTIE MEDICINA INTERNA 2 KELEMEN PIROSKA MEDIC PRIMAR MEDICINA INTERNA 3 URECHE CORINA MEDIC PRIMAR MEDICINA INTERNA 4 POGACEAN SIMONA MEDIC PRIMAR MEDICINA INTERNA 5 CERGHIZAN ANDA MIHAELA MEDIC PRIMAR MEDICINA INTERNA 6 CRACIUN-CIORBA NICOLETA MEDIC PRIMAR MEDICINA INTERNA 7 [&hellip;]<\/p>\n","protected":false},"author":4,"featured_media":0,"parent":11416,"menu_order":73,"comment_status":"closed","ping_status":"closed","template":"","meta":{"_acf_changed":false,"footnotes":""},"class_list":["post-10924","page","type-page","status-publish","hentry"],"acf":[],"_links":{"self":[{"href":"https:\/\/dipicdev.ro\/en\/wp-json\/wp\/v2\/pages\/10924","targetHints":{"allow":["GET"]}}],"collection":[{"href":"https:\/\/dipicdev.ro\/en\/wp-json\/wp\/v2\/pages"}],"about":[{"href":"https:\/\/dipicdev.ro\/en\/wp-json\/wp\/v2\/types\/page"}],"author":[{"embeddable":true,"href":"https:\/\/dipicdev.ro\/en\/wp-json\/wp\/v2\/users\/4"}],"replies":[{"embeddable":true,"href":"https:\/\/dipicdev.ro\/en\/wp-json\/wp\/v2\/comments?post=10924"}],"version-history":[{"count":6,"href":"https:\/\/dipicdev.ro\/en\/wp-json\/wp\/v2\/pages\/10924\/revisions"}],"predecessor-version":[{"id":42477,"href":"https:\/\/dipicdev.ro\/en\/wp-json\/wp\/v2\/pages\/10924\/revisions\/42477"}],"up":[{"embeddable":true,"href":"https:\/\/dipicdev.ro\/en\/wp-json\/wp\/v2\/pages\/11416"}],"wp:attachment":[{"href":"https:\/\/dipicdev.ro\/en\/wp-json\/wp\/v2\/media?parent=10924"}],"curies":[{"name":"wp","href":"https:\/\/api.w.org\/{rel}","templated":true}]}}