{"id":10922,"date":"2016-07-06T23:10:07","date_gmt":"2016-07-06T20:10:07","guid":{"rendered":"https:\/\/dipicdev.ro\/activitatea-didactica-si-stiintifica-2\/"},"modified":"2018-12-09T18:11:05","modified_gmt":"2018-12-09T16:11:05","slug":"teaching-and-scientific-activity","status":"publish","type":"page","link":"https:\/\/dipicdev.ro\/en\/medical-activity\/sectiile-spitalului\/internal-medicine-clinic-i\/teaching-and-scientific-activity\/","title":{"rendered":"Teaching and scientific activity"},"content":{"rendered":"<h3><strong>Activitate didactic\u0103 \u015fi \u0219tiin\u0163ific\u0103<\/strong><\/h3>\n<p>Sec\u021bia Clinic\u0103 Medicin\u0103 Intern\u0103 I este un important centru de preg\u0103tire postuniversitar\u0103 \u015fi de cercetare \u015ftiin\u0163ific\u0103, colectivul medical este implicat \u00een promovarea activit\u0103\u0163ilor de \u00eenv\u0103\u0163\u0103m\u00e2nt, \u015ftiin\u0163ifice \u015fi de cercetare.<\/p>\n<p>Activitatea didactic\u0103 cuprinde formarea studen\u0163ilor de la Facult\u0103\u021bile de Medicin\u0103 General\u0103, Asisten\u0163\u0103 Medical\u0103 General\u0103, Nutri\u0163ie, Balneofiziokinetoterapie, anual, aproximativ 200 de studen\u0163i fac stagii clinice \u0219i audiaz\u0103 cursuri de medicin\u0103 intern\u0103.<\/p>\n<p>Cadrele didactice de la nivelul Sec\u021bia Clinic\u0103 Medicin\u0103 Intern\u0103 I au elaborat un num\u0103r de 5 c\u0103r\u0163i de specialitate, 6 cursuri pentru studen\u0163i \u0219i au participat cu mai multe capitole \u00een alte manuale de specialitate.<\/p>\n<p>Participarea la cursuri postuniversitare \u015fi de perfec\u0163ionare profesional\u0103, at\u00e2t a medicilor c\u00e2t \u015fi a asisten\u0163ilor medicali, asigur\u0103 \u00eensu\u015firea \u015fi aprofundarea nout\u0103\u0163ilor din domeniul medical.<\/p>\n<p>Pe l\u00e2ng\u0103 activitatea de preg\u0103tire a studen\u0163ilor, se asigur\u0103 preg\u0103tirea postuniversitar\u0103 a multor medici reziden\u0163i de medicin\u0103 intern\u0103 \u015fi de alte specialit\u0103\u0163i medicale. Pe l\u00e2ng\u0103 activitatea medical\u0103 practic\u0103, se \u0163in regulat cursuri postuniversitare pentru reziden\u0163i, precum \u015fi cursuri postuniversitare (prinse \u00een planul anual al UMF) pentru diverse categorii de medici.<\/p>\n<p>Conducerea \u015fi elaborarea de teze de doctorat pentru majoritatea cadrelor didactice din clinic\u0103 (dar \u015fi din alte clinici medicale)\u00a0 a fost f\u0103cut\u0103, \u00een timp, sub \u00eendrumarea prof. Dr. Corneliu Dudea, iar sub conducerea Prof. Dr. Galafteon Oltean, ca \u015fi conduc\u0103tor de doctorat, au fost elaborate p\u00e2n\u0103 \u00een prezent 14 teze de doctorat, cu ob\u0163inerea titlului de doctor \u00een \u015ftiin\u0163e medicale, \u00een prezent fiind \u00een \u00eendrumare alte 7 teze de doctorat.<\/p>\n<p>De asemenea, activitatea de cercetare \u015ftiin\u0163ific\u0103 a colectivului sec\u021biei s-a materializat \u00een lucr\u0103ri \u015ftiin\u0163ifice prezentate \u015fi publicate la Congrese Na\u0163ionale \u015fi Interna\u0163ionale.<\/p>\n<p>\u00cen cadul sec\u021biei s-au desf\u0103\u015furat \u015fi se desf\u0103\u015foar\u0103 un important num\u0103r de studii clinice interna\u0163ionale, multicentrice, privind cercet\u0103ri medicale cu aplicarea de metode noi de investiga\u0163ii \u015fi terapii inovatoare \u00een afec\u0163iuni onco-hematologice (leucemii acute \u015fi cronice, limfoame maligne, patologie trombocitar\u0103).<\/p>\n","protected":false},"excerpt":{"rendered":"<p>Activitate didactic\u0103 \u015fi \u0219tiin\u0163ific\u0103 Sec\u021bia Clinic\u0103 Medicin\u0103 Intern\u0103 I este un important centru de preg\u0103tire postuniversitar\u0103 \u015fi de cercetare \u015ftiin\u0163ific\u0103, colectivul medical este implicat \u00een promovarea activit\u0103\u0163ilor de \u00eenv\u0103\u0163\u0103m\u00e2nt, \u015ftiin\u0163ifice \u015fi de cercetare. Activitatea didactic\u0103 cuprinde formarea studen\u0163ilor de la Facult\u0103\u021bile de Medicin\u0103 General\u0103, Asisten\u0163\u0103 Medical\u0103 General\u0103, Nutri\u0163ie, Balneofiziokinetoterapie, anual, aproximativ 200 de studen\u0163i fac [&hellip;]<\/p>\n","protected":false},"author":4,"featured_media":0,"parent":11416,"menu_order":77,"comment_status":"closed","ping_status":"closed","template":"","meta":{"_acf_changed":false,"footnotes":""},"class_list":["post-10922","page","type-page","status-publish","hentry"],"acf":[],"_links":{"self":[{"href":"https:\/\/dipicdev.ro\/en\/wp-json\/wp\/v2\/pages\/10922","targetHints":{"allow":["GET"]}}],"collection":[{"href":"https:\/\/dipicdev.ro\/en\/wp-json\/wp\/v2\/pages"}],"about":[{"href":"https:\/\/dipicdev.ro\/en\/wp-json\/wp\/v2\/types\/page"}],"author":[{"embeddable":true,"href":"https:\/\/dipicdev.ro\/en\/wp-json\/wp\/v2\/users\/4"}],"replies":[{"embeddable":true,"href":"https:\/\/dipicdev.ro\/en\/wp-json\/wp\/v2\/comments?post=10922"}],"version-history":[{"count":1,"href":"https:\/\/dipicdev.ro\/en\/wp-json\/wp\/v2\/pages\/10922\/revisions"}],"predecessor-version":[{"id":12939,"href":"https:\/\/dipicdev.ro\/en\/wp-json\/wp\/v2\/pages\/10922\/revisions\/12939"}],"up":[{"embeddable":true,"href":"https:\/\/dipicdev.ro\/en\/wp-json\/wp\/v2\/pages\/11416"}],"wp:attachment":[{"href":"https:\/\/dipicdev.ro\/en\/wp-json\/wp\/v2\/media?parent=10922"}],"curies":[{"name":"wp","href":"https:\/\/api.w.org\/{rel}","templated":true}]}}