{"id":10915,"date":"2016-07-06T23:11:33","date_gmt":"2016-07-06T20:11:33","guid":{"rendered":"https:\/\/dipicdev.ro\/activitatea-didactica-si-stiintifica-2\/"},"modified":"2018-12-09T18:12:12","modified_gmt":"2018-12-09T16:12:12","slug":"teaching-and-scientific-activity","status":"publish","type":"page","link":"https:\/\/dipicdev.ro\/en\/medical-activity\/sectiile-spitalului\/gastroenterology-clinic\/teaching-and-scientific-activity\/","title":{"rendered":"Teaching and scientific activity"},"content":{"rendered":"<h3>Activitatea didactic\u0103 si \u0219tiin\u021bific\u0103<\/h3>\n<p><strong>Activitatea didactic\u0103<\/strong> se concretizeaz\u0103 prin cursurile \u0219i lucr\u0103rile practice de gastroenterologie predate Facult\u0103\u021bilor de Medicin\u0103 General\u0103, Asisten\u021b\u0103 Medical\u0103, Balneo-fizio-kinetoterapie, cursuri postuniversitare \u00een domeniul gastroenterologiei. Instruirea \u00een reziden\u021biatul de gastroenterologie este o alt\u0103 prioritate a Sec\u021biei Clinice Gastroenterologie, form\u00e2nd medici gastroenterologi cu o mare poten\u021b\u0103 profesional\u0103.<\/p>\n","protected":false},"excerpt":{"rendered":"<p>Activitatea didactic\u0103 si \u0219tiin\u021bific\u0103 Activitatea didactic\u0103 se concretizeaz\u0103 prin cursurile \u0219i lucr\u0103rile practice de gastroenterologie predate Facult\u0103\u021bilor de Medicin\u0103 General\u0103, Asisten\u021b\u0103 Medical\u0103, Balneo-fizio-kinetoterapie, cursuri postuniversitare \u00een domeniul gastroenterologiei. Instruirea \u00een reziden\u021biatul de gastroenterologie este o alt\u0103 prioritate a Sec\u021biei Clinice Gastroenterologie, form\u00e2nd medici gastroenterologi cu o mare poten\u021b\u0103 profesional\u0103.<\/p>\n","protected":false},"author":4,"featured_media":0,"parent":11358,"menu_order":75,"comment_status":"closed","ping_status":"closed","template":"","meta":{"_acf_changed":false,"footnotes":""},"class_list":["post-10915","page","type-page","status-publish","hentry"],"acf":[],"_links":{"self":[{"href":"https:\/\/dipicdev.ro\/en\/wp-json\/wp\/v2\/pages\/10915","targetHints":{"allow":["GET"]}}],"collection":[{"href":"https:\/\/dipicdev.ro\/en\/wp-json\/wp\/v2\/pages"}],"about":[{"href":"https:\/\/dipicdev.ro\/en\/wp-json\/wp\/v2\/types\/page"}],"author":[{"embeddable":true,"href":"https:\/\/dipicdev.ro\/en\/wp-json\/wp\/v2\/users\/4"}],"replies":[{"embeddable":true,"href":"https:\/\/dipicdev.ro\/en\/wp-json\/wp\/v2\/comments?post=10915"}],"version-history":[{"count":1,"href":"https:\/\/dipicdev.ro\/en\/wp-json\/wp\/v2\/pages\/10915\/revisions"}],"predecessor-version":[{"id":12945,"href":"https:\/\/dipicdev.ro\/en\/wp-json\/wp\/v2\/pages\/10915\/revisions\/12945"}],"up":[{"embeddable":true,"href":"https:\/\/dipicdev.ro\/en\/wp-json\/wp\/v2\/pages\/11358"}],"wp:attachment":[{"href":"https:\/\/dipicdev.ro\/en\/wp-json\/wp\/v2\/media?parent=10915"}],"curies":[{"name":"wp","href":"https:\/\/api.w.org\/{rel}","templated":true}]}}