{"id":10900,"date":"2016-07-06T23:38:02","date_gmt":"2016-07-06T20:38:02","guid":{"rendered":"https:\/\/dipicdev.ro\/structura-personal-3\/"},"modified":"2025-10-16T09:34:35","modified_gmt":"2025-10-16T06:34:35","slug":"structura-personal","status":"publish","type":"page","link":"https:\/\/dipicdev.ro\/en\/medical-activity\/sectiile-spitalului\/anesthesiology-and-intensive-care-pediatric-compartment\/structura-personal\/","title":{"rendered":"Structur\u0103 personal"},"content":{"rendered":"<h3 class=\"western\" style=\"text-align: center\"><strong>Structur\u0103 personal<\/strong><\/h3>\n<p style=\"text-align: center\">COMPARTIMENT ATI COPII &#8211; 10 paturi<\/p>\n<table border=\"1\" width=\"491\" cellspacing=\"0\" cellpadding=\"0\" align=\"center\">\n<tbody>\n<tr>\n<td width=\"64\">Nr.crt<\/td>\n<td width=\"182\">Nume<\/td>\n<td width=\"245\">Functia<\/td>\n<\/tr>\n<tr>\n<td>1<\/td>\n<td><span data-olk-copy-source=\"MessageBody\">Tru\u021b\u0103 Dalia<\/span><\/td>\n<td>Medic primar coordonator<\/td>\n<\/tr>\n<tr>\n<td>2<\/td>\n<td>L\u0103zescu Bogdan<\/td>\n<td>Medic primar<\/td>\n<\/tr>\n<tr>\n<td>3<\/td>\n<td>Nyiri Emese<\/td>\n<td>Medic primar<\/td>\n<\/tr>\n<tr>\n<td>4<\/td>\n<td>Brad Anamaria<\/td>\n<td>Medic primar pediatru<\/td>\n<\/tr>\n<tr>\n<td>5<\/td>\n<td><span data-olk-copy-source=\"MessageBody\">Oiag\u0103 Mirela Cecilia<\/span><\/td>\n<td>Asistent coordonator<\/td>\n<\/tr>\n<tr>\n<td>6<\/td>\n<td>Ungurean Alina<\/td>\n<td>Asistent medical principal<\/td>\n<\/tr>\n<tr>\n<td>7<\/td>\n<td>Chetan Veronica<\/td>\n<td>Asistent medical principal<\/td>\n<\/tr>\n<tr>\n<td>8<\/td>\n<td>Costea Claudia<\/td>\n<td>Asistent medical principal<\/td>\n<\/tr>\n<tr>\n<td>9<\/td>\n<td>Fazakas Attila<\/td>\n<td>Asistent medical principal<\/td>\n<\/tr>\n<tr>\n<td>10<\/td>\n<td>Luca Despina<\/td>\n<td>Asistent medical principal<\/td>\n<\/tr>\n<tr>\n<td>11<\/td>\n<td>Gaiger Nadia<\/td>\n<td>Asistent medical generalist<\/td>\n<\/tr>\n<tr>\n<td>12<\/td>\n<td>Sarmasan Cristina<\/td>\n<td>Asistent medical principal<\/td>\n<\/tr>\n<tr>\n<td>13<\/td>\n<td>Sarossy Ildiko<\/td>\n<td>Asistent medical principal<\/td>\n<\/tr>\n<tr>\n<td>14<\/td>\n<td>Sipos Monica<\/td>\n<td>Asistent medical principal<\/td>\n<\/tr>\n<tr>\n<td>15<\/td>\n<td>Mitu Alexandra<\/td>\n<td>Asistent medical principal<\/td>\n<\/tr>\n<tr>\n<td>16<\/td>\n<td>Moldovan Ioana<\/td>\n<td>Asistent medical generalist<\/td>\n<\/tr>\n<tr>\n<td>17<\/td>\n<td>Nadori Ors<\/td>\n<td>Asistent medical generalist SS<\/td>\n<\/tr>\n<tr>\n<td>18<\/td>\n<td>Novak Emoke<\/td>\n<td>Asistent medical principal<\/td>\n<\/tr>\n<tr>\n<td>19<\/td>\n<td>Tatar Oana<\/td>\n<td>Asistent medical principal<\/td>\n<\/tr>\n<tr>\n<td>20<\/td>\n<td>Balint Alina<\/td>\n<td>Infirmiera<\/td>\n<\/tr>\n<tr>\n<td>21<\/td>\n<td>Botos Adriana<\/td>\n<td>Infirmiera<\/td>\n<\/tr>\n<tr>\n<td>22<\/td>\n<td>Cojocaru Anca<\/td>\n<td>Infirmiera<\/td>\n<\/tr>\n<tr>\n<td>23<\/td>\n<td>Moni Claudia<\/td>\n<td>Infirmiera<\/td>\n<\/tr>\n<tr>\n<td>24<\/td>\n<td>Pop Alina<\/td>\n<td>Infirmiera<\/td>\n<\/tr>\n<tr>\n<td>25<\/td>\n<td>Pop Raluca<\/td>\n<td>Infirmiera<\/td>\n<\/tr>\n<tr>\n<td>26<\/td>\n<td>Vasiu Monica<\/td>\n<td>Infirmiera<\/td>\n<\/tr>\n<tr>\n<td>27<\/td>\n<td>Todoran Ioana<\/td>\n<td>Infirmiera<\/td>\n<\/tr>\n<tr>\n<td>28<\/td>\n<td>Duca Maria<\/td>\n<td>Ingrijitoare cu curatenia<\/td>\n<\/tr>\n<tr>\n<td>29<\/td>\n<td>Szekely Ibolya<\/td>\n<td>Ingrijitoare cu curatenia<\/td>\n<\/tr>\n<tr>\n<td>30<\/td>\n<td>Ghelmez Andrei<\/td>\n<td>Registrator medical<\/td>\n<\/tr>\n<tr>\n<td>31<\/td>\n<td>Bodea Emil<\/td>\n<td>Brancardier<\/td>\n<\/tr>\n<\/tbody>\n<\/table>\n","protected":false},"excerpt":{"rendered":"<p>Structur\u0103 personal COMPARTIMENT ATI COPII &#8211; 10 paturi Nr.crt Nume Functia 1 Tru\u021b\u0103 Dalia Medic primar coordonator 2 L\u0103zescu Bogdan Medic primar 3 Nyiri Emese Medic primar 4 Brad Anamaria Medic primar pediatru 5 Oiag\u0103 Mirela Cecilia Asistent coordonator 6 Ungurean Alina Asistent medical principal 7 Chetan Veronica Asistent medical principal 8 Costea Claudia Asistent [&hellip;]<\/p>\n","protected":false},"author":4,"featured_media":0,"parent":11402,"menu_order":62,"comment_status":"closed","ping_status":"closed","template":"","meta":{"_acf_changed":false,"footnotes":""},"class_list":["post-10900","page","type-page","status-publish","hentry"],"acf":[],"_links":{"self":[{"href":"https:\/\/dipicdev.ro\/en\/wp-json\/wp\/v2\/pages\/10900","targetHints":{"allow":["GET"]}}],"collection":[{"href":"https:\/\/dipicdev.ro\/en\/wp-json\/wp\/v2\/pages"}],"about":[{"href":"https:\/\/dipicdev.ro\/en\/wp-json\/wp\/v2\/types\/page"}],"author":[{"embeddable":true,"href":"https:\/\/dipicdev.ro\/en\/wp-json\/wp\/v2\/users\/4"}],"replies":[{"embeddable":true,"href":"https:\/\/dipicdev.ro\/en\/wp-json\/wp\/v2\/comments?post=10900"}],"version-history":[{"count":4,"href":"https:\/\/dipicdev.ro\/en\/wp-json\/wp\/v2\/pages\/10900\/revisions"}],"predecessor-version":[{"id":42849,"href":"https:\/\/dipicdev.ro\/en\/wp-json\/wp\/v2\/pages\/10900\/revisions\/42849"}],"up":[{"embeddable":true,"href":"https:\/\/dipicdev.ro\/en\/wp-json\/wp\/v2\/pages\/11402"}],"wp:attachment":[{"href":"https:\/\/dipicdev.ro\/en\/wp-json\/wp\/v2\/media?parent=10900"}],"curies":[{"name":"wp","href":"https:\/\/api.w.org\/{rel}","templated":true}]}}