{"id":10832,"date":"2016-07-07T00:01:19","date_gmt":"2016-07-06T21:01:19","guid":{"rendered":"https:\/\/dipicdev.ro\/activitatea-didactica-si-stiintifica-2\/"},"modified":"2018-12-09T19:06:02","modified_gmt":"2018-12-09T17:06:02","slug":"teaching-and-scientific-activity","status":"publish","type":"page","link":"https:\/\/dipicdev.ro\/en\/medical-activity\/sectiile-spitalului\/neonatology-clinic\/teaching-and-scientific-activity\/","title":{"rendered":"Teaching and scientific activity"},"content":{"rendered":"<h3>Activitate didactic\u0103 \u0219i \u0219tiin\u021bific\u0103<\/h3>\n<p>Colectivul medical din cadrul Sec\u021biei Clinice Neonatologie este implicat \u00een promovarea activit\u0103\u021bii de \u00eenv\u0103\u021b\u0103m\u00e2nt, \u0219tiin\u021bific\u0103 \u0219i de cercetare. Astfel, personalul medical particip\u0103 la cursuri postuniversitare \u0219i de perfec\u021bionare profesional\u0103, \u00een vederea \u00eensu\u0219irii nout\u0103\u021bilor din domeniul medical. Pe l\u00e2nga activitatea de preg\u0103tire a studen\u021bilor, se asigur\u0103 preg\u0103tirea postuniversitar\u0103 a multor medici reziden\u021bi \u00een specialit\u0103\u021bile neonatologie, pediatrie, chirurgie pediatric\u0103, medicin\u0103 de urgen\u021b\u0103 \u0219i alte specialit\u0103\u021bi medicale, precum \u0219i activit\u0103\u021bi de training \u00een neonatologie \u00een cadrul Centrului Na\u021bional de Training \u00een Neonatologie<\/p>\n<p>Activitatea medical\u0103 a compartimentului se \u00eembin\u0103 permanent cu activitatea didactic\u0103, a\u015fa cum reiese \u015fi din contractele de colaborare \u00eencheiate anual, de c\u0103tre Spitalul Clinic Jude\u0163ean de Urgen\u0163\u0103 T\u00e2rgu Mure\u015f cu Universitatea de Medicin\u0103 \u0219i Farmacie Tg. Mure\u0219, contracte al c\u0103ror obiect este furnizarea serviciilor de instruire \u015fi formare clinic\u0103 pentru studen\u021bi \u0219i doctoranzi, de natur\u0103 s\u0103 asigure toate condi\u0163iile necesare \u00een vederea form\u0103rii profesionale practice complete \u015fi corecte a viitorilor medici.<\/p>\n<p>Activitatea de cercetare \u0219tiin\u021bific\u0103 a personalului sec\u021biei rezult\u0103 din lucr\u0103rile \u0219tiin\u021bifice prezentate \u0219i publicate la Congrese Na\u021bionale \u0219i Interna\u021bionale.<\/p>\n<p>Dna. conf. dr. Cucerea Manuela, medicul \u0219ef al sec\u021biei este membru fondator al Asocia\u021biei de Neonatologie din Rom\u00e2nia \u0219i face parte din board-ul asocia\u021bie. De asemenea, dna. conf. dr. Cucerea Manuela este membru fondator al Revistei Neanotologia.<\/p>\n<p>Personalul Sec\u021biei Clinice Neonatologie face parte din urm\u0103toarele organiza\u021bii medicale:\u00a0 Asocia\u021biei de Neonatologie din Rom\u00e2nia \u0219i Asocia\u021bia American\u0103 de Patologie Toracic\u0103 (CEST).<\/p>\n","protected":false},"excerpt":{"rendered":"<p>Activitate didactic\u0103 \u0219i \u0219tiin\u021bific\u0103 Colectivul medical din cadrul Sec\u021biei Clinice Neonatologie este implicat \u00een promovarea activit\u0103\u021bii de \u00eenv\u0103\u021b\u0103m\u00e2nt, \u0219tiin\u021bific\u0103 \u0219i de cercetare. Astfel, personalul medical particip\u0103 la cursuri postuniversitare \u0219i de perfec\u021bionare profesional\u0103, \u00een vederea \u00eensu\u0219irii nout\u0103\u021bilor din domeniul medical. Pe l\u00e2nga activitatea de preg\u0103tire a studen\u021bilor, se asigur\u0103 preg\u0103tirea postuniversitar\u0103 a multor medici reziden\u021bi [&hellip;]<\/p>\n","protected":false},"author":4,"featured_media":0,"parent":11387,"menu_order":38,"comment_status":"closed","ping_status":"closed","template":"","meta":{"_acf_changed":false,"footnotes":""},"class_list":["post-10832","page","type-page","status-publish","hentry"],"acf":[],"_links":{"self":[{"href":"https:\/\/dipicdev.ro\/en\/wp-json\/wp\/v2\/pages\/10832","targetHints":{"allow":["GET"]}}],"collection":[{"href":"https:\/\/dipicdev.ro\/en\/wp-json\/wp\/v2\/pages"}],"about":[{"href":"https:\/\/dipicdev.ro\/en\/wp-json\/wp\/v2\/types\/page"}],"author":[{"embeddable":true,"href":"https:\/\/dipicdev.ro\/en\/wp-json\/wp\/v2\/users\/4"}],"replies":[{"embeddable":true,"href":"https:\/\/dipicdev.ro\/en\/wp-json\/wp\/v2\/comments?post=10832"}],"version-history":[{"count":2,"href":"https:\/\/dipicdev.ro\/en\/wp-json\/wp\/v2\/pages\/10832\/revisions"}],"predecessor-version":[{"id":13168,"href":"https:\/\/dipicdev.ro\/en\/wp-json\/wp\/v2\/pages\/10832\/revisions\/13168"}],"up":[{"embeddable":true,"href":"https:\/\/dipicdev.ro\/en\/wp-json\/wp\/v2\/pages\/11387"}],"wp:attachment":[{"href":"https:\/\/dipicdev.ro\/en\/wp-json\/wp\/v2\/media?parent=10832"}],"curies":[{"name":"wp","href":"https:\/\/api.w.org\/{rel}","templated":true}]}}