{"id":10830,"date":"2016-07-07T00:01:47","date_gmt":"2016-07-06T21:01:47","guid":{"rendered":"https:\/\/dipicdev.ro\/activitatea-didactica-si-stiintifica-2\/"},"modified":"2018-12-09T19:10:14","modified_gmt":"2018-12-09T17:10:14","slug":"teaching-and-scientific-activity","status":"publish","type":"page","link":"https:\/\/dipicdev.ro\/en\/medical-activity\/sectiile-spitalului\/neurology-clinic-ii\/teaching-and-scientific-activity\/","title":{"rendered":"Teaching and scientific activity"},"content":{"rendered":"<h3><strong>ACTIVITATE DIDACTIC\u0102 \u015eI \u015eTIIN\u0162IFIC\u0102<\/strong><\/h3>\n<p>Sec\u0163ia Clinic\u0103 Neurologie II este un important centru de preg\u0103tire postuniversitar\u0103 a medicilor reziden\u0163i de neurologie \u015fi\u00a0 din alte specialit\u0103\u0163i cu stagii satelite de neurologie; ace\u015ftia sunt coopta\u0163i \u00een \u00eentreaga activitate de \u00eenv\u0103\u0163\u0103m\u00e2nt, \u015ftiin\u0163ific\u0103 \u015fi de cercetare a sec\u021biei clinice.<\/p>\n<p>\u00cen Sec\u0163ia Clinic\u0103 Neurologie II se desf\u0103\u015foar\u0103 activitate didactic\u0103 de preg\u0103tire a studen\u0163ilor Universit\u0103\u021bii de Medicin\u0103 \u0219i Farmacie Tg. Mure\u015f \u015fi a elevilor \u015fcolilor sanitare postliceale din ora\u015f.<\/p>\n<p>Personalul sec\u0163iei noastre face parte din: Societatea Rom\u00e2n\u0103 de Neurologie, Societatea Rom\u00e2n\u0103 de Stroke, Societatea Maghiar\u0103 de Stroke, Academia European\u0103 de Neurologie, International Parkinson and Movement Disorder Society, Societatea European\u0103 de Epilepsie.<\/p>\n<p>De asemenea, membrii colectivului sunt \u00eendrum\u0103tori \u015fi coordonatori a numeroase lucr\u0103ri de licen\u0163\u0103, precum \u015fi participan\u0163i ca lectori la cursuri de preg\u0103tire na\u0163ional\u0103 \u015fi interna\u0163ional\u0103 a speciali\u015ftilor neurologi \u015fi colegi din specialit\u0103\u0163i \u00eenrudite.<\/p>\n<p>Membrii colectivului medical al sec\u0163iei au publicat 4 monografii, 2 cursuri de neurologie, sunt autori \u015fi coautori la peste 100 de lucr\u0103ri \u015ftiin\u0163ifice, medical \u015fef al sec\u0163iei fiind director de grant de cercetare la 2 granturi.<\/p>\n","protected":false},"excerpt":{"rendered":"<p>ACTIVITATE DIDACTIC\u0102 \u015eI \u015eTIIN\u0162IFIC\u0102 Sec\u0163ia Clinic\u0103 Neurologie II este un important centru de preg\u0103tire postuniversitar\u0103 a medicilor reziden\u0163i de neurologie \u015fi\u00a0 din alte specialit\u0103\u0163i cu stagii satelite de neurologie; ace\u015ftia sunt coopta\u0163i \u00een \u00eentreaga activitate de \u00eenv\u0103\u0163\u0103m\u00e2nt, \u015ftiin\u0163ific\u0103 \u015fi de cercetare a sec\u021biei clinice. \u00cen Sec\u0163ia Clinic\u0103 Neurologie II se desf\u0103\u015foar\u0103 activitate didactic\u0103 de preg\u0103tire [&hellip;]<\/p>\n","protected":false},"author":4,"featured_media":0,"parent":11384,"menu_order":30,"comment_status":"closed","ping_status":"closed","template":"","meta":{"_acf_changed":false,"footnotes":""},"class_list":["post-10830","page","type-page","status-publish","hentry"],"acf":[],"_links":{"self":[{"href":"https:\/\/dipicdev.ro\/en\/wp-json\/wp\/v2\/pages\/10830","targetHints":{"allow":["GET"]}}],"collection":[{"href":"https:\/\/dipicdev.ro\/en\/wp-json\/wp\/v2\/pages"}],"about":[{"href":"https:\/\/dipicdev.ro\/en\/wp-json\/wp\/v2\/types\/page"}],"author":[{"embeddable":true,"href":"https:\/\/dipicdev.ro\/en\/wp-json\/wp\/v2\/users\/4"}],"replies":[{"embeddable":true,"href":"https:\/\/dipicdev.ro\/en\/wp-json\/wp\/v2\/comments?post=10830"}],"version-history":[{"count":1,"href":"https:\/\/dipicdev.ro\/en\/wp-json\/wp\/v2\/pages\/10830\/revisions"}],"predecessor-version":[{"id":13186,"href":"https:\/\/dipicdev.ro\/en\/wp-json\/wp\/v2\/pages\/10830\/revisions\/13186"}],"up":[{"embeddable":true,"href":"https:\/\/dipicdev.ro\/en\/wp-json\/wp\/v2\/pages\/11384"}],"wp:attachment":[{"href":"https:\/\/dipicdev.ro\/en\/wp-json\/wp\/v2\/media?parent=10830"}],"curies":[{"name":"wp","href":"https:\/\/api.w.org\/{rel}","templated":true}]}}