{"id":10828,"date":"2016-07-07T00:02:00","date_gmt":"2016-07-06T21:02:00","guid":{"rendered":"https:\/\/dipicdev.ro\/activitatea-didactica-si-stiintifica-2\/"},"modified":"2018-12-09T19:12:46","modified_gmt":"2018-12-09T17:12:46","slug":"teaching-and-scientific-activity","status":"publish","type":"page","link":"https:\/\/dipicdev.ro\/en\/medical-activity\/sectiile-spitalului\/nephrology-compartment\/teaching-and-scientific-activity\/","title":{"rendered":"Teaching and scientific activity"},"content":{"rendered":"<h3><strong>Activitatea didactic<\/strong><strong>\u0103<\/strong><\/h3>\n<p>Colectivul Compartimentului Nefrologie este implicat \u00een activit\u0103\u0163ile de \u00eenv\u0103\u0163\u0103m\u00e2nt, \u015ftiin\u0163ifice \u015fi de cercetare. Tot personalul medical particip\u0103 la cursurile de perfec\u0163ionare profesional\u0103 \u00een vederea \u00eensu\u015firii nout\u0103\u0163ilor din domeniul medical.<\/p>\n<p>Curicula de preg\u0103tire a studen\u0163ilor este complex\u0103, ades\u00e2ndu-se studen\u0163ilor de Medicin\u0103 General\u0103 anul III (semiologie medical\u0103), anul IV \u015fi V (medicin\u0103 intern\u0103 \u015fi nefrologie) \u015fi celor de Asisten\u0163\u0103 Medicin\u0103 General\u0103 \u015fi Moa\u015fe (semiologie medical\u0103) din cadrul Universit\u0103\u0163ii de Medicin\u0103 \u015fi Farmacie T\u00e2rgu-Mure\u015f \u0219i din \u0219colile postliceale, exist\u00e2nd o \u00eembinare permanent\u0103 a activit\u0103\u0163ii medicale cu cea didactic\u0103, a\u0219a cum reiese din contractele de colaborare \u00eencheiate anual \u00eentre Spitalul Clinic Jude\u0163ean de Urgen\u0163\u0103 T\u00e2rgu-Mure\u015f cu Universitatea de Medicin\u0103 \u015fi Farmacie T\u00e2rgu-Mure\u015f al c\u0103rui obiect este furnizarea serviciilor de instruire \u015fi formare profesional\u0103 pentru studen\u0163i, reziden\u0163i \u015fi doctoranzi.<\/p>\n<p>Pe l\u00e2ng\u0103 activitatea de preg\u0103tire a studen\u0163ilor, se asigur\u0103 preg\u0103tirea postuniversitar\u0103 a unor medici reziden\u0163i de nefrologie, medicin\u0103 intern\u0103, diabet \u015fi boli de nutri\u0163ie.<\/p>\n<p>Personalul Compartimentului Nefrologie face parte din mai multe organiza\u0163ii de profil na\u0163ionale \u015fi interna\u0163ionale: Societatea Rom\u00e2n\u0103 de Nefrologie, Societatea Rom\u00e2n\u0103 de Medicin\u0103 Intern\u0103, Asocia\u0163ia European\u0103 de Dializ\u0103 \u015fi Transplant (EDTA).<\/p>\n","protected":false},"excerpt":{"rendered":"<p>Activitatea didactic\u0103 Colectivul Compartimentului Nefrologie este implicat \u00een activit\u0103\u0163ile de \u00eenv\u0103\u0163\u0103m\u00e2nt, \u015ftiin\u0163ifice \u015fi de cercetare. Tot personalul medical particip\u0103 la cursurile de perfec\u0163ionare profesional\u0103 \u00een vederea \u00eensu\u015firii nout\u0103\u0163ilor din domeniul medical. Curicula de preg\u0103tire a studen\u0163ilor este complex\u0103, ades\u00e2ndu-se studen\u0163ilor de Medicin\u0103 General\u0103 anul III (semiologie medical\u0103), anul IV \u015fi V (medicin\u0103 intern\u0103 \u015fi nefrologie) [&hellip;]<\/p>\n","protected":false},"author":4,"featured_media":0,"parent":11353,"menu_order":28,"comment_status":"closed","ping_status":"closed","template":"","meta":{"_acf_changed":false,"footnotes":""},"class_list":["post-10828","page","type-page","status-publish","hentry"],"acf":[],"_links":{"self":[{"href":"https:\/\/dipicdev.ro\/en\/wp-json\/wp\/v2\/pages\/10828","targetHints":{"allow":["GET"]}}],"collection":[{"href":"https:\/\/dipicdev.ro\/en\/wp-json\/wp\/v2\/pages"}],"about":[{"href":"https:\/\/dipicdev.ro\/en\/wp-json\/wp\/v2\/types\/page"}],"author":[{"embeddable":true,"href":"https:\/\/dipicdev.ro\/en\/wp-json\/wp\/v2\/users\/4"}],"replies":[{"embeddable":true,"href":"https:\/\/dipicdev.ro\/en\/wp-json\/wp\/v2\/comments?post=10828"}],"version-history":[{"count":1,"href":"https:\/\/dipicdev.ro\/en\/wp-json\/wp\/v2\/pages\/10828\/revisions"}],"predecessor-version":[{"id":13194,"href":"https:\/\/dipicdev.ro\/en\/wp-json\/wp\/v2\/pages\/10828\/revisions\/13194"}],"up":[{"embeddable":true,"href":"https:\/\/dipicdev.ro\/en\/wp-json\/wp\/v2\/pages\/11353"}],"wp:attachment":[{"href":"https:\/\/dipicdev.ro\/en\/wp-json\/wp\/v2\/media?parent=10828"}],"curies":[{"name":"wp","href":"https:\/\/api.w.org\/{rel}","templated":true}]}}