{"id":10820,"date":"2016-07-07T00:03:47","date_gmt":"2016-07-06T21:03:47","guid":{"rendered":"https:\/\/dipicdev.ro\/activitatea-didactica-si-stiintifica-2\/"},"modified":"2018-12-09T19:13:39","modified_gmt":"2018-12-09T17:13:39","slug":"teaching-and-scientific-activity","status":"publish","type":"page","link":"https:\/\/dipicdev.ro\/en\/medical-activity\/sectiile-spitalului\/obstetrics-and-gynecology-clinic\/teaching-and-scientific-activity\/","title":{"rendered":"Teaching and scientific activity"},"content":{"rendered":"<h3><strong>Activitatea didactic\u0103 si \u0219tiin\u021bific\u0103<\/strong><\/h3>\n<p>CENTRU DE FORMARE \u00ceN LAPAROSCOPIE<\/p>\n<p>CENTRU DE FORMARE \u00ceN UROGINECOLOGIE<\/p>\n<p>CENTRU DE FORMARE \u00ceN GINECOLOGIE ONCOLOGIC\u0102<\/p>\n<p>CENTRU DE FORMARE \u00ceN ECOGRAFIE NIVEL I \u015eI II<\/p>\n<p>CENTRU DE FORMARE \u00ceN COLPOSCOPIE<\/p>\n","protected":false},"excerpt":{"rendered":"<p>Activitatea didactic\u0103 si \u0219tiin\u021bific\u0103 CENTRU DE FORMARE \u00ceN LAPAROSCOPIE CENTRU DE FORMARE \u00ceN UROGINECOLOGIE CENTRU DE FORMARE \u00ceN GINECOLOGIE ONCOLOGIC\u0102 CENTRU DE FORMARE \u00ceN ECOGRAFIE NIVEL I \u015eI II CENTRU DE FORMARE \u00ceN COLPOSCOPIE<\/p>\n","protected":false},"author":4,"featured_media":0,"parent":11382,"menu_order":60,"comment_status":"closed","ping_status":"closed","template":"","meta":{"_acf_changed":false,"footnotes":""},"class_list":["post-10820","page","type-page","status-publish","hentry"],"acf":[],"_links":{"self":[{"href":"https:\/\/dipicdev.ro\/en\/wp-json\/wp\/v2\/pages\/10820","targetHints":{"allow":["GET"]}}],"collection":[{"href":"https:\/\/dipicdev.ro\/en\/wp-json\/wp\/v2\/pages"}],"about":[{"href":"https:\/\/dipicdev.ro\/en\/wp-json\/wp\/v2\/types\/page"}],"author":[{"embeddable":true,"href":"https:\/\/dipicdev.ro\/en\/wp-json\/wp\/v2\/users\/4"}],"replies":[{"embeddable":true,"href":"https:\/\/dipicdev.ro\/en\/wp-json\/wp\/v2\/comments?post=10820"}],"version-history":[{"count":2,"href":"https:\/\/dipicdev.ro\/en\/wp-json\/wp\/v2\/pages\/10820\/revisions"}],"predecessor-version":[{"id":13200,"href":"https:\/\/dipicdev.ro\/en\/wp-json\/wp\/v2\/pages\/10820\/revisions\/13200"}],"up":[{"embeddable":true,"href":"https:\/\/dipicdev.ro\/en\/wp-json\/wp\/v2\/pages\/11382"}],"wp:attachment":[{"href":"https:\/\/dipicdev.ro\/en\/wp-json\/wp\/v2\/media?parent=10820"}],"curies":[{"name":"wp","href":"https:\/\/api.w.org\/{rel}","templated":true}]}}