{"id":10804,"date":"2016-07-07T00:06:18","date_gmt":"2016-07-06T21:06:18","guid":{"rendered":"https:\/\/dipicdev.ro\/activitatea-didactica-si-stiintifica-2\/"},"modified":"2018-12-09T19:15:51","modified_gmt":"2018-12-09T17:15:51","slug":"teaching-and-scientific-activity","status":"publish","type":"page","link":"https:\/\/dipicdev.ro\/en\/medical-activity\/sectiile-spitalului\/trauma-and-ortopedics-clinic\/teaching-and-scientific-activity\/","title":{"rendered":"Teaching and scientific activity"},"content":{"rendered":"<h3><strong>Activitatea didactic\u0103 si \u0219tiin\u021bific\u0103<\/strong><\/h3>\n<p>Colectivul medical din cadrul Sec\u021biei Clinice Ortoepdie \u0219i Traumatologie este implicat \u00een promovarea activit\u0103\u021bii de \u00eenv\u0103\u021b\u0103m\u00e2nt, \u0219tiin\u021bific\u0103 \u0219i de cercetare. Astfel, personalul medical particip\u0103 la cursuri postuniversitare \u0219i de perfec\u021bionare profesional\u0103, \u00een vederea \u00eensu\u0219irii nout\u0103\u021bilor din domeniul medical. Pe l\u00e2nga activitatea de preg\u0103tire a studen\u021bilor, se asigur\u0103 preg\u0103tirea postuniversitar\u0103 a multor medici reziden\u021bi. Aceast\u0103 activitate medical\u0103 este concretizat\u0103 prin instruirea \u0219i \u00eendrumarea medicilor reziden\u021bi \u00een specialitatea ortoepedie \u0219i traumatologie \u0219i chirurgie artroscopic\u0103.<\/p>\n<p>Activitatea medical\u0103 a compartimentului se \u00eembin\u0103 permanent cu activitatea didactic\u0103 \u00een vederea furniz\u0103rii serviciilor de instruire \u015fi formare clinic\u0103 pentru studen\u021bi \u0219i doctoranzi, de natur\u0103 s\u0103 asigure toate condi\u0163iile necesare \u00een vederea form\u0103rii profesionale practice complete \u015fi corecte a viitorilor medici.<\/p>\n<p>Activitatea de cercetare \u0219tiin\u021bific\u0103 a personalului compartimentului rezult\u0103 din lucr\u0103rile \u0219tiin\u021bifice prezentate \u0219i publicate la Congrese Na\u021bionale \u0219i Interna\u021bionale<\/p>\n","protected":false},"excerpt":{"rendered":"<p>Activitatea didactic\u0103 si \u0219tiin\u021bific\u0103 Colectivul medical din cadrul Sec\u021biei Clinice Ortoepdie \u0219i Traumatologie este implicat \u00een promovarea activit\u0103\u021bii de \u00eenv\u0103\u021b\u0103m\u00e2nt, \u0219tiin\u021bific\u0103 \u0219i de cercetare. Astfel, personalul medical particip\u0103 la cursuri postuniversitare \u0219i de perfec\u021bionare profesional\u0103, \u00een vederea \u00eensu\u0219irii nout\u0103\u021bilor din domeniul medical. Pe l\u00e2nga activitatea de preg\u0103tire a studen\u021bilor, se asigur\u0103 preg\u0103tirea postuniversitar\u0103 a multor [&hellip;]<\/p>\n","protected":false},"author":4,"featured_media":0,"parent":11365,"menu_order":26,"comment_status":"closed","ping_status":"closed","template":"","meta":{"_acf_changed":false,"footnotes":""},"class_list":["post-10804","page","type-page","status-publish","hentry"],"acf":[],"_links":{"self":[{"href":"https:\/\/dipicdev.ro\/en\/wp-json\/wp\/v2\/pages\/10804","targetHints":{"allow":["GET"]}}],"collection":[{"href":"https:\/\/dipicdev.ro\/en\/wp-json\/wp\/v2\/pages"}],"about":[{"href":"https:\/\/dipicdev.ro\/en\/wp-json\/wp\/v2\/types\/page"}],"author":[{"embeddable":true,"href":"https:\/\/dipicdev.ro\/en\/wp-json\/wp\/v2\/users\/4"}],"replies":[{"embeddable":true,"href":"https:\/\/dipicdev.ro\/en\/wp-json\/wp\/v2\/comments?post=10804"}],"version-history":[{"count":1,"href":"https:\/\/dipicdev.ro\/en\/wp-json\/wp\/v2\/pages\/10804\/revisions"}],"predecessor-version":[{"id":13212,"href":"https:\/\/dipicdev.ro\/en\/wp-json\/wp\/v2\/pages\/10804\/revisions\/13212"}],"up":[{"embeddable":true,"href":"https:\/\/dipicdev.ro\/en\/wp-json\/wp\/v2\/pages\/11365"}],"wp:attachment":[{"href":"https:\/\/dipicdev.ro\/en\/wp-json\/wp\/v2\/media?parent=10804"}],"curies":[{"name":"wp","href":"https:\/\/api.w.org\/{rel}","templated":true}]}}