{"id":10777,"date":"2016-07-07T00:12:15","date_gmt":"2016-07-06T21:12:15","guid":{"rendered":"https:\/\/dipicdev.ro\/activitatea-didactica-si-stiintifica-2\/"},"modified":"2018-12-09T18:17:48","modified_gmt":"2018-12-09T16:17:48","slug":"teaching-and-scientific-activity","status":"publish","type":"page","link":"https:\/\/dipicdev.ro\/en\/medical-activity\/sectiile-spitalului\/diabetes-nutrition-and-metabolic-diseases-compartment\/teaching-and-scientific-activity\/","title":{"rendered":"Teaching and scientific activity"},"content":{"rendered":"<h3>Activitate didactic\u0103 \u0219i \u0219tiin\u021bific\u0103<\/h3>\n<p>Colectivul medical din cadrul Compartimentului diabet zaharat, nutri\u021bie \u0219i boli metabolice este implicat \u00een promovarea activit\u0103\u021bii de \u00eenv\u0103\u021b\u0103m\u00e2nt, \u0219tiin\u021bific\u0103 \u0219i de cercetare. Astfel, personalul medical particip\u0103 la cursuri postuniversitare \u0219i de perfec\u021bionare profesional\u0103, \u00een vederea \u00eensu\u0219irii nout\u0103\u021bilor din domeniul medical. Pe l\u00e2nga activitatea de preg\u0103tire a studen\u021bilor, se asigur\u0103 preg\u0103tirea postuniversitar\u0103 a multor medici reziden\u021bi de diabet, boli de nutri\u021bie, medicin\u0103 intern\u0103 \u0219i alte specialit\u0103\u021bi medicale.<\/p>\n<p>Activitatea de cercetare \u0219tiin\u021bific\u0103 a personalului compartimentului rezult\u0103 din lucr\u0103rile \u0219tiin\u021bifice prezentate \u0219i publicate la Congrese Na\u021bionale \u0219i Interna\u021bionale.<\/p>\n<p>Activitatea medical\u0103 a compartimentului se \u00eembin\u0103 permanent cu activitatea didactic\u0103, a\u015fa cum reiese \u015fi din contractele de colaborare \u00eencheiate anual, de c\u0103tre Spitalul Clinic Jude\u0163ean de Urgen\u0163\u0103 T\u00e2rgu Mure\u015f cu Universitatea de Medicin\u0103 \u0219i Farmacie Tg. Mure\u0219, contracte al c\u0103ror obiect este furnizarea serviciilor de instruire \u015fi formare clinic\u0103 pentru studen\u021bi \u0219i doctoranzi, de natur\u0103 s\u0103 asigure toate condi\u0163iile necesare \u00een vederea form\u0103rii profesionale practice complete \u015fi corecte a viitorilor medici. Aceast\u0103 activitate medical\u0103 este concretizat\u0103 prin instruirea \u0219i \u00eendrumarea anual a unui num\u0103r de 200 de studen\u021bi care fac stagii clinice, precum \u0219i participarea acestora la cursurile de diabet, semiologie, medicin\u0103 intern\u0103, nutri\u021bie sus\u021binute de personalul compartimentului. De asemenea, \u00een cadrul compartimentului, 10 medici reziden\u021bi \u00een specialitatea de diabet \u0219i nutri\u021bie \u00ee\u0219i desf\u0103\u0219oar\u0103 stagiile de preg\u0103tire.<\/p>\n<p>Personalul Compartimentului diabet zaharat, nutri\u021bie \u0219i boli metabolice face parte din urm\u0103toarele organiza\u021bii medicale:\u00a0 Societatea de Diabet,\u00a0 Nutri\u021bie \u0219i Boli metabolice (SDNMB), Federa\u021bia Rom\u00e2n\u0103 de Diabet (FRD), Asocia\u021bia Rom\u00e2na pentru Studiul <em>Obezit\u0103\u021bii<\/em> (ARSO), <em>Asocia\u021bia<\/em> <em>Rom\u00e2n\u0103<\/em> de Educa\u021bie \u00een <em>Diabet <\/em>(ARED)<\/p>\n","protected":false},"excerpt":{"rendered":"<p>Activitate didactic\u0103 \u0219i \u0219tiin\u021bific\u0103 Colectivul medical din cadrul Compartimentului diabet zaharat, nutri\u021bie \u0219i boli metabolice este implicat \u00een promovarea activit\u0103\u021bii de \u00eenv\u0103\u021b\u0103m\u00e2nt, \u0219tiin\u021bific\u0103 \u0219i de cercetare. Astfel, personalul medical particip\u0103 la cursuri postuniversitare \u0219i de perfec\u021bionare profesional\u0103, \u00een vederea \u00eensu\u0219irii nout\u0103\u021bilor din domeniul medical. Pe l\u00e2nga activitatea de preg\u0103tire a studen\u021bilor, se asigur\u0103 preg\u0103tirea postuniversitar\u0103 [&hellip;]<\/p>\n","protected":false},"author":4,"featured_media":0,"parent":11361,"menu_order":58,"comment_status":"closed","ping_status":"closed","template":"","meta":{"_acf_changed":false,"footnotes":""},"class_list":["post-10777","page","type-page","status-publish","hentry"],"acf":[],"_links":{"self":[{"href":"https:\/\/dipicdev.ro\/en\/wp-json\/wp\/v2\/pages\/10777","targetHints":{"allow":["GET"]}}],"collection":[{"href":"https:\/\/dipicdev.ro\/en\/wp-json\/wp\/v2\/pages"}],"about":[{"href":"https:\/\/dipicdev.ro\/en\/wp-json\/wp\/v2\/types\/page"}],"author":[{"embeddable":true,"href":"https:\/\/dipicdev.ro\/en\/wp-json\/wp\/v2\/users\/4"}],"replies":[{"embeddable":true,"href":"https:\/\/dipicdev.ro\/en\/wp-json\/wp\/v2\/comments?post=10777"}],"version-history":[{"count":1,"href":"https:\/\/dipicdev.ro\/en\/wp-json\/wp\/v2\/pages\/10777\/revisions"}],"predecessor-version":[{"id":12966,"href":"https:\/\/dipicdev.ro\/en\/wp-json\/wp\/v2\/pages\/10777\/revisions\/12966"}],"up":[{"embeddable":true,"href":"https:\/\/dipicdev.ro\/en\/wp-json\/wp\/v2\/pages\/11361"}],"wp:attachment":[{"href":"https:\/\/dipicdev.ro\/en\/wp-json\/wp\/v2\/media?parent=10777"}],"curies":[{"name":"wp","href":"https:\/\/api.w.org\/{rel}","templated":true}]}}