{"id":10729,"date":"2016-07-07T00:19:20","date_gmt":"2016-07-06T21:19:20","guid":{"rendered":"https:\/\/dipicdev.ro\/activitatea-didactica-si-stiintifica-2\/"},"modified":"2018-12-09T18:22:07","modified_gmt":"2018-12-09T16:22:07","slug":"teaching-and-scientific-activity","status":"publish","type":"page","link":"https:\/\/dipicdev.ro\/en\/medical-activity\/sectiile-spitalului\/hematology-clinic\/teaching-and-scientific-activity\/","title":{"rendered":"Teaching and scientific activity"},"content":{"rendered":"<h3><strong>ACTIVITATEA DIDACTIC\u0102 \u0218I \u0218TIIN\u021aIFIC\u0102<\/strong><\/h3>\n<p>Din cadrul Sec\u021biei Clinice Hematologie colectivul medical este personal didactic la Universitatea de Medicin\u0103 \u0219i Farmacie Tg. Mure\u0219, desf\u0103\u0219ur\u00e2nd activitate didactic\u0103 \u00een cadrul disciplinelor de Medicin\u0103 de Familie \u0219i Semiologie Medical\u0103.<\/p>\n<p><strong>\u00a0\u00a0\u00a0\u00a0\u00a0\u00a0\u00a0\u00a0\u00a0\u00a0\u00a0\u00a0\u00a0\u00a0 <\/strong>Pe l\u00e2ng\u0103 activitatea de preg\u0103tire a studen\u021bilor se asigur\u0103 preg\u0103tirea \u00een reziden\u021biat a medicilor reziden\u021bi de hematologie \u0219i de alte specialit\u0103\u021bi.<\/p>\n<p>\u00cen ultimii ani s-au editat mai multe c\u0103r\u021bi didactice ap\u0103rute la Editura Juventus \u0219i Editura Mure\u0219 \u2013 <em>Probleme de baz\u0103 ale transplantului de celule stem hematopoietice \u00een afec\u021biuni hematologice<\/em>, 2007; <em>Plasmocitoame<\/em>,1998 &#8211; sub redac\u021bia Prof. Dr. Benedek Istvan.<\/p>\n<p>Activitatea de cercetare \u0219tiin\u021bific\u0103 a personalului const\u0103 \u00een numeroase lucr\u0103ri \u0219tiin\u021bifice prezentate \u0219i publicate la numeroase Congrese Na\u021bionale \u0219i Interna\u021bionale, aparute \u00een reviste medicale.<\/p>\n<p>Medicii fac parte din numeroase societ\u0103\u021bi medicale: Societatea European\u0103 de Transplant (EBMT), Societatea European\u0103 de Hematologie (EHA), Societatea European\u0103 de Citometrie (ESCCA), Societatea Rom\u00e2n\u0103 de Transplant, Societatea Rom\u00e2n\u0103 de Hematologie \u0219i transfuziologie, Societatea Muzeului Ardelean \u2013 Sec\u021bia Medical\u0103.<\/p>\n<p>Centrul de Transplant a organizate 4 Conferin\u021be Na\u021bionale cu participare international\u0103:<\/p>\n<p>3-4 Februarie 2007- Organizarea primei Conferin\u021be Interna\u021bionale de Transplant de celule stem hematopoietice \u0219i din s\u00e2ngele de cordon ombilical din Rom\u00e2nia,Tg. Mure\u0219.<\/p>\n<p>1-2 Februarie 2008 &#8211; Organizarea a celei de a II-a Conferin\u021be Interna\u021bionale \u0219i Curs Intensiv: Stem cell Transplantation for Lymphoproliferative diseases, Tg. Mure\u0219.<\/p>\n<p>30 &#8211; 31 Ianuarie 2009 &#8211; Organizarea a celei de a III-a Conferin\u021be Interna\u021bionale \u0219i Curs Intensiv: Stem cell Transplantation for myeloproliferative diseases, Tg. Mure\u0219.<\/p>\n<p>24-26 Mai 2010 &#8211; Organizarea local\u0103 a Cursului European de Transplant de M\u0103duv\u0103: ESH-EBMT 14th Training Course on Blood and Marrow Transplantation, ESH-EBMT, Tg. Mure\u0219.<\/p>\n<p>5-6 Mai\u00a0 2012 \u2013 Organizarea a celei de a IV-a Conferin\u021be Interna\u021bionale \u0219i Curs Intensiv: Treatment and Transplantation in Acute Leukemias in Adults and Children, Tg. Mure\u0219.<\/p>\n<p>Ca recunoa\u0219tere a activit\u0103\u021bii Centrului de Transplant, \u00een Iulie 2012, doamna Dr. Lazar Erzsebet a fost nominalizat\u0103 ca \u0218ef al Comisiei Outreach al Asocia\u021biei Europene de Transplant de M\u0103duv\u0103.<\/p>\n","protected":false},"excerpt":{"rendered":"<p>ACTIVITATEA DIDACTIC\u0102 \u0218I \u0218TIIN\u021aIFIC\u0102 Din cadrul Sec\u021biei Clinice Hematologie colectivul medical este personal didactic la Universitatea de Medicin\u0103 \u0219i Farmacie Tg. Mure\u0219, desf\u0103\u0219ur\u00e2nd activitate didactic\u0103 \u00een cadrul disciplinelor de Medicin\u0103 de Familie \u0219i Semiologie Medical\u0103. \u00a0\u00a0\u00a0\u00a0\u00a0\u00a0\u00a0\u00a0\u00a0\u00a0\u00a0\u00a0\u00a0\u00a0 Pe l\u00e2ng\u0103 activitatea de preg\u0103tire a studen\u021bilor se asigur\u0103 preg\u0103tirea \u00een reziden\u021biat a medicilor reziden\u021bi de hematologie \u0219i de [&hellip;]<\/p>\n","protected":false},"author":4,"featured_media":0,"parent":11370,"menu_order":50,"comment_status":"closed","ping_status":"closed","template":"","meta":{"_acf_changed":false,"footnotes":""},"class_list":["post-10729","page","type-page","status-publish","hentry"],"acf":[],"_links":{"self":[{"href":"https:\/\/dipicdev.ro\/en\/wp-json\/wp\/v2\/pages\/10729","targetHints":{"allow":["GET"]}}],"collection":[{"href":"https:\/\/dipicdev.ro\/en\/wp-json\/wp\/v2\/pages"}],"about":[{"href":"https:\/\/dipicdev.ro\/en\/wp-json\/wp\/v2\/types\/page"}],"author":[{"embeddable":true,"href":"https:\/\/dipicdev.ro\/en\/wp-json\/wp\/v2\/users\/4"}],"replies":[{"embeddable":true,"href":"https:\/\/dipicdev.ro\/en\/wp-json\/wp\/v2\/comments?post=10729"}],"version-history":[{"count":1,"href":"https:\/\/dipicdev.ro\/en\/wp-json\/wp\/v2\/pages\/10729\/revisions"}],"predecessor-version":[{"id":12991,"href":"https:\/\/dipicdev.ro\/en\/wp-json\/wp\/v2\/pages\/10729\/revisions\/12991"}],"up":[{"embeddable":true,"href":"https:\/\/dipicdev.ro\/en\/wp-json\/wp\/v2\/pages\/11370"}],"wp:attachment":[{"href":"https:\/\/dipicdev.ro\/en\/wp-json\/wp\/v2\/media?parent=10729"}],"curies":[{"name":"wp","href":"https:\/\/api.w.org\/{rel}","templated":true}]}}