{"id":10457,"date":"2016-08-25T16:25:55","date_gmt":"2016-08-25T13:25:55","guid":{"rendered":"https:\/\/dipicdev.ro\/structura-personal-3\/"},"modified":"2023-10-07T18:16:32","modified_gmt":"2023-10-07T15:16:32","slug":"structura-personal","status":"publish","type":"page","link":"https:\/\/dipicdev.ro\/en\/medical-activity\/laboratoareblocuri-operatorii-farmacie\/anatomopathology-department\/structura-personal\/","title":{"rendered":"Structur\u0103 personal"},"content":{"rendered":"<p style=\"text-align: center;\"><strong>LISTA PERSONALULUI MEDICAL<\/strong><\/p>\n<p style=\"text-align: center;\">SERVICIUL DE ANATOMIE PATOLOGICA CU:<br \/>\nCOMPARTIMENT CITOLOGIE, COMPARTIMENT HISTOPATOLOGIE, PROSECTURA<\/p>\n<table border=\"1\" width=\"811\" cellspacing=\"0\" cellpadding=\"0\" align=\"center\">\n<tbody>\n<tr>\n<td width=\"50\"><\/td>\n<td rowspan=\"2\" width=\"219\"><strong>NUME\/PRENUME<\/strong><\/td>\n<td rowspan=\"2\" width=\"283\"><strong>FUNCTIA<\/strong><\/td>\n<td rowspan=\"2\" width=\"259\"><strong>SEC\u021aIA<\/strong><\/td>\n<\/tr>\n<tr>\n<td width=\"50\"><strong>NR.CRT<\/strong><\/td>\n<\/tr>\n<tr>\n<td width=\"50\">1<\/td>\n<td width=\"219\">BUDIK GABRIELLA<\/td>\n<td width=\"283\">ASISTENT MEDICAL PRINCIPAL-LABORATOR<\/td>\n<td width=\"259\">SERVICIUL ANATOMIE PATOLOGIC\u0102<\/td>\n<\/tr>\n<tr>\n<td width=\"50\">2<\/td>\n<td width=\"219\">FLO\u0218TOIU CLAUDIA DELIA<\/td>\n<td width=\"283\">ASISTENT MEDICAL PRINCIPAL-LABORATOR<\/td>\n<td width=\"259\">SERVICIUL ANATOMIE PATOLOGIC\u0102<\/td>\n<\/tr>\n<tr>\n<td width=\"50\">3<\/td>\n<td width=\"219\">HURUB\u0102 ILIE<\/td>\n<td width=\"283\">ASISTENT MEDICAL PRINCIPAL COORDONATOR-LABORATOR<\/td>\n<td width=\"259\">SERVICIUL ANATOMIE PATOLOGIC\u0102<\/td>\n<\/tr>\n<tr>\n<td width=\"50\">4<\/td>\n<td width=\"219\">KISS VERONICA RODICA<\/td>\n<td width=\"283\">ASISTENT MEDICAL-LABORATOR<\/td>\n<td width=\"259\">SERVICIUL ANATOMIE PATOLOGIC\u0102<\/td>\n<\/tr>\n<tr>\n<td width=\"50\">5<\/td>\n<td width=\"219\">LUCA ANCA DANIELA<\/td>\n<td width=\"283\">ASISTENT MEDICAL-LABORATOR<\/td>\n<td width=\"259\">SERVICIUL ANATOMIE PATOLOGIC\u0102<\/td>\n<\/tr>\n<tr>\n<td width=\"50\">6<\/td>\n<td width=\"219\">MAGYARI EMESE<\/td>\n<td width=\"283\">ASISTENT MEDICAL PRINCIPAL-LABORATOR<\/td>\n<td width=\"259\">SERVICIUL ANATOMIE PATOLOGIC\u0102<\/td>\n<\/tr>\n<tr>\n<td width=\"50\">7<\/td>\n<td width=\"219\">POP ELENA MARIA<\/td>\n<td width=\"283\">ASISTENT MEDICAL PRINCIPAL-LABORATOR<\/td>\n<td width=\"259\">SERVICIUL ANATOMIE PATOLOGIC\u0102<\/td>\n<\/tr>\n<tr>\n<td width=\"50\">8<\/td>\n<td width=\"219\">POP MARCELA MARIA<\/td>\n<td width=\"283\">ASISTENT MEDICAL-LABORATOR<\/td>\n<td width=\"259\">SERVICIUL ANATOMIE PATOLOGIC\u0102<\/td>\n<\/tr>\n<tr>\n<td width=\"50\">9<\/td>\n<td width=\"219\">PORUMB ERICA MARIA<\/td>\n<td width=\"283\">ASISTENT MEDICAL PRINCIPAL-LABORATOR<\/td>\n<td width=\"259\">SERVICIUL ANATOMIE PATOLOGIC\u0102<\/td>\n<\/tr>\n<tr>\n<td width=\"50\">10<\/td>\n<td width=\"219\">S\u0102B\u0102DEAN CAMELIA VASILICA<\/td>\n<td width=\"283\">ASISTENT MEDICAL PRINCIPAL-LABORATOR<\/td>\n<td width=\"259\">SERVICIUL ANATOMIE PATOLOGIC\u0102<\/td>\n<\/tr>\n<tr>\n<td width=\"50\">11<\/td>\n<td width=\"219\">S\u0102B\u0102DEAN DORIN<\/td>\n<td width=\"283\">ASISTENT MEDICAL-LABORATOR<\/td>\n<td width=\"259\">SERVICIUL ANATOMIE PATOLOGIC\u0102<\/td>\n<\/tr>\n<tr>\n<td width=\"50\">12<\/td>\n<td width=\"219\">S\u0102RAC BERTA IREN<\/td>\n<td width=\"283\">ASISTENT MEDICAL PRINCIPAL-LABORATOR<\/td>\n<td width=\"259\">SERVICIUL ANATOMIE PATOLOGIC\u0102<\/td>\n<\/tr>\n<tr>\n<td width=\"50\">13<\/td>\n<td width=\"219\">SZAK\u00c1CS IMOLA<\/td>\n<td width=\"283\">ASISTENT MEDICAL PRINCIPAL-LABORATOR<\/td>\n<td width=\"259\">SERVICIUL ANATOMIE PATOLOGIC\u0102<\/td>\n<\/tr>\n<tr>\n<td width=\"50\">14<\/td>\n<td width=\"219\">SYATHM\u00c1RI L\u00c1SZLO<\/td>\n<td width=\"283\">ASISTENT MEDICAL PRINCIPAL-LABORATOR<\/td>\n<td width=\"259\">SERVICIUL ANATOMIE PATOLOGIC\u0102<\/td>\n<\/tr>\n<tr>\n<td width=\"50\">15<\/td>\n<td width=\"219\">TAMAS ENIK\u0150<\/td>\n<td width=\"283\">ASISTENT MEDICAL-LABORATOR<\/td>\n<td width=\"259\">SERVICIUL ANATOMIE PATOLOGIC\u0102<\/td>\n<\/tr>\n<tr>\n<td width=\"50\">16<\/td>\n<td width=\"219\">T\u00d3TH MIKL\u00d3S ZOLT\u00c1N<\/td>\n<td width=\"283\">ASISTENT MEDICAL PRINCIPAL-LABORATOR<\/td>\n<td width=\"259\">SERVICIUL ANATOMIE PATOLOGIC\u0102<\/td>\n<\/tr>\n<tr>\n<td width=\"50\">17<\/td>\n<td width=\"219\">IORTOMAN NICOLETA MIHAELA<\/td>\n<td width=\"283\">REGISTRATOR MEDICAL PRINCIPAL<\/td>\n<td width=\"259\">SERVICIUL ANATOMIE PATOLOGIC\u0102<\/td>\n<\/tr>\n<tr>\n<td width=\"50\">18<\/td>\n<td width=\"219\">MICLOS CICILIA SIMONA<\/td>\n<td width=\"283\">REGISTRATOR MEDICAL PRINCIPAL<\/td>\n<td width=\"259\">SERVICIUL ANATOMIE PATOLOGIC\u0102<\/td>\n<\/tr>\n<tr>\n<td width=\"50\">19<\/td>\n<td width=\"219\">PALCU DOMNI\u021aA<\/td>\n<td width=\"283\">REGISTRATOR MEDICAL PRINCIPAL<\/td>\n<td width=\"259\">SERVICIUL ANATOMIE PATOLOGIC\u0102<\/td>\n<\/tr>\n<tr>\n<td width=\"50\">20<\/td>\n<td width=\"219\">SZATMARI DORA CRISTINA<\/td>\n<td width=\"283\">REGISTRATOR MEDICAL PRINCIPAL<\/td>\n<td width=\"259\">SERVICIUL ANATOMIE PATOLOGIC\u0102<\/td>\n<\/tr>\n<tr>\n<td width=\"50\">21<\/td>\n<td width=\"219\">SZATMARI IMRE<\/td>\n<td width=\"283\">AUTOPSIER<\/td>\n<td width=\"259\">SERVICIUL ANATOMIE PATOLOGIC\u0102<\/td>\n<\/tr>\n<tr>\n<td width=\"50\">22<\/td>\n<td width=\"219\">SZEKELY ATTILA<\/td>\n<td width=\"283\">AUTOPSIER<\/td>\n<td width=\"259\">SERVICIUL ANATOMIE PATOLOGIC\u0102<\/td>\n<\/tr>\n<tr>\n<td width=\"50\">23<\/td>\n<td width=\"219\">VARGA LADISLAU EDUARD<\/td>\n<td width=\"283\">AUTOPSIER<\/td>\n<td width=\"259\">SERVICIUL ANATOMIE PATOLOGIC\u0102<\/td>\n<\/tr>\n<tr>\n<td width=\"50\">24<\/td>\n<td width=\"219\">COTOAR\u0102 ANA<\/td>\n<td width=\"283\">\u00ceNGRIJITOARE CUR\u0102\u021aENIE<\/td>\n<td width=\"259\">SERVICIUL ANATOMIE PATOLOGIC\u0102<\/td>\n<\/tr>\n<tr>\n<td width=\"50\">25<\/td>\n<td width=\"219\">CRI\u0218AN ELENA<\/td>\n<td width=\"283\">\u00ceNGRIJITOARE CUR\u0102\u021aENIE<\/td>\n<td width=\"259\">SERVICIUL ANATOMIE PATOLOGIC\u0102<\/td>\n<\/tr>\n<tr>\n<td width=\"50\">26<\/td>\n<td width=\"219\">CURTEAN CORNELIA<\/td>\n<td width=\"283\">\u00ceNGRIJITOARE CUR\u0102\u021aENIE<\/td>\n<td width=\"259\">SERVICIUL ANATOMIE PATOLOGIC\u0102<\/td>\n<\/tr>\n<tr>\n<td width=\"50\">27<\/td>\n<td width=\"219\">NAGY KINGA<\/td>\n<td width=\"283\">\u00ceNGRIJITOARE CUR\u0102\u021aENIE<\/td>\n<td width=\"259\">SERVICIUL ANATOMIE PATOLOGIC\u0102<\/td>\n<\/tr>\n<\/tbody>\n<\/table>\n","protected":false},"excerpt":{"rendered":"<p>LISTA PERSONALULUI MEDICAL SERVICIUL DE ANATOMIE PATOLOGICA CU: COMPARTIMENT CITOLOGIE, COMPARTIMENT HISTOPATOLOGIE, PROSECTURA NUME\/PRENUME FUNCTIA SEC\u021aIA NR.CRT 1 BUDIK GABRIELLA ASISTENT MEDICAL PRINCIPAL-LABORATOR SERVICIUL ANATOMIE PATOLOGIC\u0102 2 FLO\u0218TOIU CLAUDIA DELIA ASISTENT MEDICAL PRINCIPAL-LABORATOR SERVICIUL ANATOMIE PATOLOGIC\u0102 3 HURUB\u0102 ILIE ASISTENT MEDICAL PRINCIPAL COORDONATOR-LABORATOR SERVICIUL ANATOMIE PATOLOGIC\u0102 4 KISS VERONICA RODICA ASISTENT MEDICAL-LABORATOR SERVICIUL ANATOMIE PATOLOGIC\u0102 [&hellip;]<\/p>\n","protected":false},"author":4,"featured_media":0,"parent":11272,"menu_order":2,"comment_status":"closed","ping_status":"closed","template":"","meta":{"_acf_changed":false,"footnotes":""},"class_list":["post-10457","page","type-page","status-publish","hentry"],"acf":[],"_links":{"self":[{"href":"https:\/\/dipicdev.ro\/en\/wp-json\/wp\/v2\/pages\/10457","targetHints":{"allow":["GET"]}}],"collection":[{"href":"https:\/\/dipicdev.ro\/en\/wp-json\/wp\/v2\/pages"}],"about":[{"href":"https:\/\/dipicdev.ro\/en\/wp-json\/wp\/v2\/types\/page"}],"author":[{"embeddable":true,"href":"https:\/\/dipicdev.ro\/en\/wp-json\/wp\/v2\/users\/4"}],"replies":[{"embeddable":true,"href":"https:\/\/dipicdev.ro\/en\/wp-json\/wp\/v2\/comments?post=10457"}],"version-history":[{"count":3,"href":"https:\/\/dipicdev.ro\/en\/wp-json\/wp\/v2\/pages\/10457\/revisions"}],"predecessor-version":[{"id":34509,"href":"https:\/\/dipicdev.ro\/en\/wp-json\/wp\/v2\/pages\/10457\/revisions\/34509"}],"up":[{"embeddable":true,"href":"https:\/\/dipicdev.ro\/en\/wp-json\/wp\/v2\/pages\/11272"}],"wp:attachment":[{"href":"https:\/\/dipicdev.ro\/en\/wp-json\/wp\/v2\/media?parent=10457"}],"curies":[{"name":"wp","href":"https:\/\/api.w.org\/{rel}","templated":true}]}}