{"id":10420,"date":"2017-06-12T10:28:54","date_gmt":"2017-06-12T07:28:54","guid":{"rendered":"https:\/\/dipicdev.ro\/program-ambulator-orl\/"},"modified":"2018-12-09T18:19:44","modified_gmt":"2018-12-09T16:19:44","slug":"ent-ambulatory-working-hours","status":"publish","type":"page","link":"https:\/\/dipicdev.ro\/en\/medical-activity\/sectiile-spitalului\/ent-clinic\/ent-ambulatory-working-hours\/","title":{"rendered":"ENT ambulatory working hours"},"content":{"rendered":"<p><a href=\"https:\/\/dipicdev.ro\/wp-content\/uploads\/2018\/04\/programari_ORL.jpg\"><img decoding=\"async\" class=\"alignnone size-full wp-image-9196\" src=\"https:\/\/dipicdev.ro\/wp-content\/uploads\/2018\/04\/programari_ORL.jpg\" alt=\"\" width=\"100%\" height=\"auto\" title=\"\" srcset=\"https:\/\/dipicdev.ro\/wp-content\/uploads\/2018\/04\/programari_ORL.jpg 600w, https:\/\/dipicdev.ro\/wp-content\/uploads\/2018\/04\/programari_ORL-300x42.jpg 300w\" sizes=\"(max-width: 600px) 100vw, 600px\" \/><\/a><\/p>\n<p style=\"text-align: center\"><strong>PROGRAM<\/strong><\/p>\n<p style=\"text-align: center\"><strong>AMBULATOR DE SPECIALITATE ORL<\/strong><\/p>\n<p style=\"text-align: center\"><strong>08:00 \u2013 15:00<\/strong><\/p>\n<p>&nbsp;<\/p>\n<table style=\"height: 410px\" width=\"561\">\n<tbody>\n<tr>\n<td rowspan=\"2\" width=\"110\">LUNI<\/td>\n<td width=\"110\">8:00 \u2013 10:00<\/td>\n<td width=\"181\">Dr. C\u0103s\u0103u\u0163anu Boris<\/td>\n<\/tr>\n<tr>\n<td>10:00 \u2013 15:00<\/td>\n<td>Dr. Muic\u0103 Lucia<\/td>\n<\/tr>\n<tr>\n<td rowspan=\"2\" width=\"110\">MAR\u0162I<\/td>\n<td>8:00 \u2013 10:00<\/td>\n<td>Dr. Sz\u00f6cs Mihaly<\/td>\n<\/tr>\n<tr>\n<td>10:00 \u2013 15:00<\/td>\n<td>Dr. C\u0103s\u0103u\u0163anu Boris<\/td>\n<\/tr>\n<tr>\n<td rowspan=\"2\" width=\"110\">MIERCURI<\/td>\n<td>8:00 \u2013 10:00<\/td>\n<td>Dr. Neago\u015f Adriana<\/td>\n<\/tr>\n<tr>\n<td>10:00 \u2013 15:00<\/td>\n<td>Dr. M\u00fchlfay Gheorghe<\/td>\n<\/tr>\n<tr>\n<td rowspan=\"2\" width=\"110\">JOI<\/td>\n<td>8:00 \u2013 10:00<\/td>\n<td>Dr. M\u00fchlfay Gheorghe<\/td>\n<\/tr>\n<tr>\n<td>10:00 \u2013 15:00<\/td>\n<td>Dr. Neago\u015f Adriana<\/td>\n<\/tr>\n<tr>\n<td rowspan=\"2\" width=\"110\">VINERI<\/td>\n<td>8:00 \u2013 10:00<\/td>\n<td>Dr. Muic\u0103 Lucia<\/td>\n<\/tr>\n<tr>\n<td>10:00 \u2013 15:00<\/td>\n<td>Dr. Sz\u00f6cs Mihaly<\/td>\n<\/tr>\n<\/tbody>\n<\/table>\n","protected":false},"excerpt":{"rendered":"<p>PROGRAM AMBULATOR DE SPECIALITATE ORL 08:00 \u2013 15:00 &nbsp; LUNI 8:00 \u2013 10:00 Dr. C\u0103s\u0103u\u0163anu Boris 10:00 \u2013 15:00 Dr. Muic\u0103 Lucia MAR\u0162I 8:00 \u2013 10:00 Dr. Sz\u00f6cs Mihaly 10:00 \u2013 15:00 Dr. C\u0103s\u0103u\u0163anu Boris MIERCURI 8:00 \u2013 10:00 Dr. Neago\u015f Adriana 10:00 \u2013 15:00 Dr. M\u00fchlfay Gheorghe JOI 8:00 \u2013 10:00 Dr. M\u00fchlfay Gheorghe [&hellip;]<\/p>\n","protected":false},"author":4,"featured_media":0,"parent":11377,"menu_order":50,"comment_status":"closed","ping_status":"closed","template":"","meta":{"_acf_changed":false,"footnotes":""},"class_list":["post-10420","page","type-page","status-publish","hentry"],"acf":[],"_links":{"self":[{"href":"https:\/\/dipicdev.ro\/en\/wp-json\/wp\/v2\/pages\/10420","targetHints":{"allow":["GET"]}}],"collection":[{"href":"https:\/\/dipicdev.ro\/en\/wp-json\/wp\/v2\/pages"}],"about":[{"href":"https:\/\/dipicdev.ro\/en\/wp-json\/wp\/v2\/types\/page"}],"author":[{"embeddable":true,"href":"https:\/\/dipicdev.ro\/en\/wp-json\/wp\/v2\/users\/4"}],"replies":[{"embeddable":true,"href":"https:\/\/dipicdev.ro\/en\/wp-json\/wp\/v2\/comments?post=10420"}],"version-history":[{"count":1,"href":"https:\/\/dipicdev.ro\/en\/wp-json\/wp\/v2\/pages\/10420\/revisions"}],"predecessor-version":[{"id":12976,"href":"https:\/\/dipicdev.ro\/en\/wp-json\/wp\/v2\/pages\/10420\/revisions\/12976"}],"up":[{"embeddable":true,"href":"https:\/\/dipicdev.ro\/en\/wp-json\/wp\/v2\/pages\/11377"}],"wp:attachment":[{"href":"https:\/\/dipicdev.ro\/en\/wp-json\/wp\/v2\/media?parent=10420"}],"curies":[{"name":"wp","href":"https:\/\/api.w.org\/{rel}","templated":true}]}}