{"id":10402,"date":"2018-04-10T21:26:51","date_gmt":"2018-04-10T18:26:51","guid":{"rendered":"https:\/\/dipicdev.ro\/stil-de-viata-sanatos\/"},"modified":"2018-12-09T17:38:45","modified_gmt":"2018-12-09T15:38:45","slug":"healthy-lifestyle","status":"publish","type":"page","link":"https:\/\/dipicdev.ro\/en\/patient-infromation\/healthy-lifestyle\/","title":{"rendered":"Healthy lifestyle"},"content":{"rendered":"<h3><strong>Stil de via\u021b\u0103 s\u0103n\u0103tos<\/strong><\/h3>\n<p><a href=\"https:\/\/dipicdev.ro\/wp-content\/uploads\/2018\/04\/VM_pag-5_Dr-Monica-Copotoiu.pdf\">Tratamentul durerii acute \u00een ambulatoriu<\/a><\/p>\n<p><a href=\"https:\/\/dipicdev.ro\/wp-content\/uploads\/2018\/04\/VM_pag-2_Prof-dr-Sanda-Copotoiu.pdf\">Durerea cronic\u0103 acutizat\u0103<\/a><\/p>\n","protected":false},"excerpt":{"rendered":"<p>Stil de via\u021b\u0103 s\u0103n\u0103tos Tratamentul durerii acute \u00een ambulatoriu Durerea cronic\u0103 acutizat\u0103<\/p>\n","protected":false},"author":4,"featured_media":0,"parent":11424,"menu_order":0,"comment_status":"closed","ping_status":"closed","template":"","meta":{"_acf_changed":false,"footnotes":""},"class_list":["post-10402","page","type-page","status-publish","hentry"],"acf":[],"_links":{"self":[{"href":"https:\/\/dipicdev.ro\/en\/wp-json\/wp\/v2\/pages\/10402","targetHints":{"allow":["GET"]}}],"collection":[{"href":"https:\/\/dipicdev.ro\/en\/wp-json\/wp\/v2\/pages"}],"about":[{"href":"https:\/\/dipicdev.ro\/en\/wp-json\/wp\/v2\/types\/page"}],"author":[{"embeddable":true,"href":"https:\/\/dipicdev.ro\/en\/wp-json\/wp\/v2\/users\/4"}],"replies":[{"embeddable":true,"href":"https:\/\/dipicdev.ro\/en\/wp-json\/wp\/v2\/comments?post=10402"}],"version-history":[{"count":1,"href":"https:\/\/dipicdev.ro\/en\/wp-json\/wp\/v2\/pages\/10402\/revisions"}],"predecessor-version":[{"id":12843,"href":"https:\/\/dipicdev.ro\/en\/wp-json\/wp\/v2\/pages\/10402\/revisions\/12843"}],"up":[{"embeddable":true,"href":"https:\/\/dipicdev.ro\/en\/wp-json\/wp\/v2\/pages\/11424"}],"wp:attachment":[{"href":"https:\/\/dipicdev.ro\/en\/wp-json\/wp\/v2\/media?parent=10402"}],"curies":[{"name":"wp","href":"https:\/\/api.w.org\/{rel}","templated":true}]}}