{"id":10358,"date":"2018-04-13T14:43:50","date_gmt":"2018-04-13T11:43:50","guid":{"rendered":"https:\/\/dipicdev.ro\/24-02-2018-rolul-si-importanta-managementului-calitatii-in-spitalul-clinic-judetean-de-urgenta-targu-mures-prin-prisma-procesului-de-evaluare-in-vederea-acreditarii-de-catre-anmcs\/"},"modified":"2018-12-09T18:51:49","modified_gmt":"2018-12-09T16:51:49","slug":"24-02-2018-the-role-and-importance-of-quality-management-in-emergency-clinical-county-hospital-targu-mures-trough-the-evaluation-process-in-regard-of-accreditation-by-anmcs","status":"publish","type":"page","link":"https:\/\/dipicdev.ro\/en\/conferinte\/24-02-2018-the-role-and-importance-of-quality-management-in-emergency-clinical-county-hospital-targu-mures-trough-the-evaluation-process-in-regard-of-accreditation-by-anmcs\/","title":{"rendered":"24.02.2018 The role and importance of quality management in Emergency Clinical County Hospital T\u00e2rgu Mure\u0219 trough the evaluation process in regard of accreditation by  ANMCS"},"content":{"rendered":"<p>Workshop Rolul \u0219i importan\u021ba managementului calit\u0103\u021bii \u00een Spitalul Clinic Jude\u021bean de Urgen\u021b\u0103 T\u00e2rgu Mure\u0219 prin prisma procesului de evaluare \u00een vederea acredit\u0103rii de c\u0103tre ANMCS poate fi desc\u0103rcat de <a href=\"https:\/\/dipicdev.ro\/wp-content\/uploads\/2018\/04\/MANAGEMENTUL-CALIT\u0102\u021aII-SITEpptx.pdf\">aici.<\/a><\/p>\n<p>\u201cPrima conferin\u021ba na\u021bionala din acest an organizata de Asociatia Evaluatorilor de Servicii Medicale. S\u0103 nu uit\u0103m c\u0103 pentru Rom\u00e2nia, anul 2018 are o semnifica\u021bie cu totul special\u0103, ca marea Unire de la 1918 a fost un eveniment care va r\u0103m\u00e2ne una dintre cele mai memorabile pagini ale istoriei rom\u00e2ne\u0219ti. Tocmai din acest motiv, pentru o mai buna informare \u0219i promovare a conceptului de management al calit\u0103\u021bii \u00een s\u0103n\u0103tate, ne dorim ca acest eveniment de la Tg. Mure\u0219 s\u0103 r\u0103m\u00e2n\u0103 una dintre cele mai memorabile amintiri \u0219i peste 100 de ani!\u201d \u2013 AEMS<\/p>\n<p>&nbsp;<\/p>\n<div id='gallery-1' class='gallery galleryid-10358 gallery-columns-3 gallery-size-thumbnail'><figure class='gallery-item'>\n\t\t\t<div class='gallery-icon landscape'>\n\t\t\t\t<a href='https:\/\/dipicdev.ro\/wp-content\/uploads\/2018\/04\/DSC_0390-min.jpg'><img loading=\"lazy\" decoding=\"async\" width=\"150\" height=\"150\" src=\"https:\/\/dipicdev.ro\/wp-content\/uploads\/2018\/04\/DSC_0390-min-150x150.jpg\" class=\"attachment-thumbnail size-thumbnail\" alt=\"\" title=\"\"><\/a>\n\t\t\t<\/div><\/figure><figure class='gallery-item'>\n\t\t\t<div class='gallery-icon portrait'>\n\t\t\t\t<a href='https:\/\/dipicdev.ro\/wp-content\/uploads\/2018\/04\/DSC_0418-min.jpg'><img loading=\"lazy\" decoding=\"async\" width=\"150\" height=\"150\" src=\"https:\/\/dipicdev.ro\/wp-content\/uploads\/2018\/04\/DSC_0418-min-150x150.jpg\" class=\"attachment-thumbnail size-thumbnail\" alt=\"\" title=\"\"><\/a>\n\t\t\t<\/div><\/figure><figure class='gallery-item'>\n\t\t\t<div class='gallery-icon landscape'>\n\t\t\t\t<a href='https:\/\/dipicdev.ro\/wp-content\/uploads\/2018\/04\/DSC_0394-min.jpg'><img loading=\"lazy\" decoding=\"async\" width=\"150\" height=\"150\" src=\"https:\/\/dipicdev.ro\/wp-content\/uploads\/2018\/04\/DSC_0394-min-150x150.jpg\" class=\"attachment-thumbnail size-thumbnail\" alt=\"\" title=\"\"><\/a>\n\t\t\t<\/div><\/figure><figure class='gallery-item'>\n\t\t\t<div class='gallery-icon portrait'>\n\t\t\t\t<a href='https:\/\/dipicdev.ro\/wp-content\/uploads\/2018\/04\/DSC_0406-min.jpg'><img loading=\"lazy\" decoding=\"async\" width=\"150\" height=\"150\" src=\"https:\/\/dipicdev.ro\/wp-content\/uploads\/2018\/04\/DSC_0406-min-150x150.jpg\" class=\"attachment-thumbnail size-thumbnail\" alt=\"\" title=\"\"><\/a>\n\t\t\t<\/div><\/figure><figure class='gallery-item'>\n\t\t\t<div class='gallery-icon landscape'>\n\t\t\t\t<a href='https:\/\/dipicdev.ro\/wp-content\/uploads\/2018\/04\/DSC_0306-min.jpg'><img loading=\"lazy\" decoding=\"async\" width=\"150\" height=\"150\" src=\"https:\/\/dipicdev.ro\/wp-content\/uploads\/2018\/04\/DSC_0306-min-150x150.jpg\" class=\"attachment-thumbnail size-thumbnail\" alt=\"\" title=\"\"><\/a>\n\t\t\t<\/div><\/figure><figure class='gallery-item'>\n\t\t\t<div class='gallery-icon landscape'>\n\t\t\t\t<a href='https:\/\/dipicdev.ro\/wp-content\/uploads\/2018\/04\/DSC_0352-min.jpg'><img loading=\"lazy\" decoding=\"async\" width=\"150\" height=\"150\" src=\"https:\/\/dipicdev.ro\/wp-content\/uploads\/2018\/04\/DSC_0352-min-150x150.jpg\" class=\"attachment-thumbnail size-thumbnail\" alt=\"\" title=\"\"><\/a>\n\t\t\t<\/div><\/figure><figure class='gallery-item'>\n\t\t\t<div class='gallery-icon portrait'>\n\t\t\t\t<a href='https:\/\/dipicdev.ro\/wp-content\/uploads\/2018\/04\/DSC_0401-min.jpg'><img loading=\"lazy\" decoding=\"async\" width=\"150\" height=\"150\" src=\"https:\/\/dipicdev.ro\/wp-content\/uploads\/2018\/04\/DSC_0401-min-150x150.jpg\" class=\"attachment-thumbnail size-thumbnail\" alt=\"\" title=\"\"><\/a>\n\t\t\t<\/div><\/figure><figure class='gallery-item'>\n\t\t\t<div class='gallery-icon portrait'>\n\t\t\t\t<a href='https:\/\/dipicdev.ro\/wp-content\/uploads\/2018\/04\/DSC_0313-min.jpg'><img loading=\"lazy\" decoding=\"async\" width=\"150\" height=\"150\" src=\"https:\/\/dipicdev.ro\/wp-content\/uploads\/2018\/04\/DSC_0313-min-150x150.jpg\" class=\"attachment-thumbnail size-thumbnail\" alt=\"\" title=\"\"><\/a>\n\t\t\t<\/div><\/figure><figure class='gallery-item'>\n\t\t\t<div class='gallery-icon landscape'>\n\t\t\t\t<a href='https:\/\/dipicdev.ro\/wp-content\/uploads\/2018\/04\/DSC_0312-min.jpg'><img loading=\"lazy\" decoding=\"async\" width=\"150\" height=\"150\" src=\"https:\/\/dipicdev.ro\/wp-content\/uploads\/2018\/04\/DSC_0312-min-150x150.jpg\" class=\"attachment-thumbnail size-thumbnail\" alt=\"\" title=\"\"><\/a>\n\t\t\t<\/div><\/figure><figure class='gallery-item'>\n\t\t\t<div class='gallery-icon landscape'>\n\t\t\t\t<a href='https:\/\/dipicdev.ro\/wp-content\/uploads\/2018\/04\/DSC_0305.jpg'><img loading=\"lazy\" decoding=\"async\" width=\"150\" height=\"150\" src=\"https:\/\/dipicdev.ro\/wp-content\/uploads\/2018\/04\/DSC_0305-150x150.jpg\" class=\"attachment-thumbnail size-thumbnail\" alt=\"\" title=\"\"><\/a>\n\t\t\t<\/div><\/figure><figure class='gallery-item'>\n\t\t\t<div class='gallery-icon landscape'>\n\t\t\t\t<a href='https:\/\/dipicdev.ro\/wp-content\/uploads\/2018\/04\/DSC_0398-min.jpg'><img loading=\"lazy\" decoding=\"async\" width=\"150\" height=\"150\" src=\"https:\/\/dipicdev.ro\/wp-content\/uploads\/2018\/04\/DSC_0398-min-150x150.jpg\" class=\"attachment-thumbnail size-thumbnail\" alt=\"\" title=\"\"><\/a>\n\t\t\t<\/div><\/figure><figure class='gallery-item'>\n\t\t\t<div class='gallery-icon portrait'>\n\t\t\t\t<a href='https:\/\/dipicdev.ro\/wp-content\/uploads\/2018\/04\/DSC_0319-min.jpg'><img loading=\"lazy\" decoding=\"async\" width=\"150\" height=\"150\" src=\"https:\/\/dipicdev.ro\/wp-content\/uploads\/2018\/04\/DSC_0319-min-150x150.jpg\" class=\"attachment-thumbnail size-thumbnail\" alt=\"\" title=\"\"><\/a>\n\t\t\t<\/div><\/figure><figure class='gallery-item'>\n\t\t\t<div class='gallery-icon portrait'>\n\t\t\t\t<a href='https:\/\/dipicdev.ro\/wp-content\/uploads\/2018\/04\/DSC_0410-min.jpg'><img loading=\"lazy\" decoding=\"async\" width=\"150\" height=\"150\" src=\"https:\/\/dipicdev.ro\/wp-content\/uploads\/2018\/04\/DSC_0410-min-150x150.jpg\" class=\"attachment-thumbnail size-thumbnail\" alt=\"\" title=\"\"><\/a>\n\t\t\t<\/div><\/figure><figure class='gallery-item'>\n\t\t\t<div class='gallery-icon landscape'>\n\t\t\t\t<a href='https:\/\/dipicdev.ro\/wp-content\/uploads\/2018\/04\/DSC_0377-min.jpg'><img loading=\"lazy\" decoding=\"async\" width=\"150\" height=\"150\" src=\"https:\/\/dipicdev.ro\/wp-content\/uploads\/2018\/04\/DSC_0377-min-150x150.jpg\" class=\"attachment-thumbnail size-thumbnail\" alt=\"\" title=\"\"><\/a>\n\t\t\t<\/div><\/figure><figure class='gallery-item'>\n\t\t\t<div class='gallery-icon portrait'>\n\t\t\t\t<a href='https:\/\/dipicdev.ro\/wp-content\/uploads\/2018\/04\/DSC_0335-min.jpg'><img loading=\"lazy\" decoding=\"async\" width=\"150\" height=\"150\" src=\"https:\/\/dipicdev.ro\/wp-content\/uploads\/2018\/04\/DSC_0335-min-150x150.jpg\" class=\"attachment-thumbnail size-thumbnail\" alt=\"\" title=\"\"><\/a>\n\t\t\t<\/div><\/figure><figure class='gallery-item'>\n\t\t\t<div class='gallery-icon portrait'>\n\t\t\t\t<a href='https:\/\/dipicdev.ro\/wp-content\/uploads\/2018\/04\/DSC_0376-min.jpg'><img loading=\"lazy\" decoding=\"async\" width=\"150\" height=\"150\" src=\"https:\/\/dipicdev.ro\/wp-content\/uploads\/2018\/04\/DSC_0376-min-150x150.jpg\" class=\"attachment-thumbnail size-thumbnail\" alt=\"\" title=\"\"><\/a>\n\t\t\t<\/div><\/figure>\n\t\t<\/div>\n\n","protected":false},"excerpt":{"rendered":"<p>Workshop Rolul \u0219i importan\u021ba managementului calit\u0103\u021bii \u00een Spitalul Clinic Jude\u021bean de Urgen\u021b\u0103 T\u00e2rgu Mure\u0219 prin prisma procesului de evaluare \u00een vederea acredit\u0103rii de c\u0103tre ANMCS poate fi desc\u0103rcat de aici. \u201cPrima conferin\u021ba na\u021bionala din acest an organizata de Asociatia Evaluatorilor de Servicii Medicale. S\u0103 nu uit\u0103m c\u0103 pentru Rom\u00e2nia, anul 2018 are o semnifica\u021bie cu [&hellip;]<\/p>\n","protected":false},"author":4,"featured_media":0,"parent":10410,"menu_order":2,"comment_status":"closed","ping_status":"closed","template":"","meta":{"_acf_changed":false,"footnotes":""},"class_list":["post-10358","page","type-page","status-publish","hentry"],"acf":[],"_links":{"self":[{"href":"https:\/\/dipicdev.ro\/en\/wp-json\/wp\/v2\/pages\/10358","targetHints":{"allow":["GET"]}}],"collection":[{"href":"https:\/\/dipicdev.ro\/en\/wp-json\/wp\/v2\/pages"}],"about":[{"href":"https:\/\/dipicdev.ro\/en\/wp-json\/wp\/v2\/types\/page"}],"author":[{"embeddable":true,"href":"https:\/\/dipicdev.ro\/en\/wp-json\/wp\/v2\/users\/4"}],"replies":[{"embeddable":true,"href":"https:\/\/dipicdev.ro\/en\/wp-json\/wp\/v2\/comments?post=10358"}],"version-history":[{"count":2,"href":"https:\/\/dipicdev.ro\/en\/wp-json\/wp\/v2\/pages\/10358\/revisions"}],"predecessor-version":[{"id":13082,"href":"https:\/\/dipicdev.ro\/en\/wp-json\/wp\/v2\/pages\/10358\/revisions\/13082"}],"up":[{"embeddable":true,"href":"https:\/\/dipicdev.ro\/en\/wp-json\/wp\/v2\/pages\/10410"}],"wp:attachment":[{"href":"https:\/\/dipicdev.ro\/en\/wp-json\/wp\/v2\/media?parent=10358"}],"curies":[{"name":"wp","href":"https:\/\/api.w.org\/{rel}","templated":true}]}}